{"id":9805,"date":"2023-09-02T19:51:43","date_gmt":"2023-10-04T22:57:45","guid":{"rendered":"https:\/\/ifbb-academy.com\/?post_type=product&#038;p=9805"},"modified":"2026-02-27T17:49:26","modified_gmt":"2026-02-27T15:49:26","slug":"licencia-ifbb-college","status":"publish","type":"product","link":"https:\/\/ifbb-academy.com\/es\/producto\/licencia-ifbb-college\/","title":{"rendered":"Licencia IFBB College"},"content":{"rendered":"<ul>\n<li><b>RECIBE TU LIBRO OFICIAL DE CERTIFICACIONES DE IFBB <\/b>\n<ul>\n<li>Todas tus certificaciones recogidas en un Libro Oficial reconocido, firmado y sellado por el IFBB COLLEGE<\/li>\n<li>Acredita toda tu trayectoria educativa y acad\u00e9mica.<\/li>\n<li>Resume tu carrera en un documento personalizado.<\/li>\n<li>Recopila todos tus logros, cualquier certificaci\u00f3n, seminario o curso en el que participes.<\/li>\n<li>Mejora tu imagen como profesional present\u00e1ndote directamente a tus clientes o empresa.\n<div><\/div>\n<\/li>\n<\/ul>\n<\/li>\n<li>\n<div><b>AN\u00daNCIATE EN NUESTRA WEB Y REDES SOCIALES<\/b><\/div>\n<ul>\n<li>\n<div><b><\/b>Conviertete en imagen de IFBB College &amp; IFBB Academy y anuncia tus serivicios\u00a0 de entrenador personal a trav\u00e9s en nuestro Instagra, Facebook y la newsletter del la IFBB.<\/div>\n<\/li>\n<\/ul>\n<\/li>\n<li>\n<div><b>PROMOCIONARSE CONVIRTI\u00c9NDOSE EN ESCRITOR EN LA REVISTA OFICIAL DE LA IFBB<\/b><\/div>\n<ul>\n<li>\n<div>\u00bfQu\u00e9 mejor manera de promocionarse que siendo parte de la secci\u00f3n educativa de la Revista oficial de la IFBB?<\/div>\n<\/li>\n<\/ul>\n<\/li>\n<li>\n<div><b>SUSCRIPCI\u00d3N GRATUITA A LA REVISTA FITNESS STYLE<\/b><\/div>\n<ul>\n<li>\n<div><b><\/b>Mant\u00e9ngase actualizado con las \u00faltimas tendencias de la industria, consejos de expertos e inspiradoras historias de \u00e9xito con una suscripci\u00f3n gratuita a la edici\u00f3n en online de la revista Fitness Style.<\/div>\n<\/li>\n<\/ul>\n<\/li>\n<li>\n<div><b>50% DE DESCUENTO EN CUALQUIERA DE NUESTROS CURSOS DE POSGRADO DE IFBB<\/b><\/div>\n<ul>\n<li>\n<div><b><\/b>Mejora tus conocimientos y habilidades a trav\u00e9s de cursos online especializados que incluyen videos, certificaci\u00f3n y asistencia online para resolver tus dudas y seguir tu progreso<\/div>\n<\/li>\n<\/ul>\n<\/li>\n<\/ul>\n<div style=\"padding-left: 40px;\">\u00a1Act\u00edvalo ahora y renuevalo cada a\u00f1o con un 50% de descuento para continuar disfrutando de todos sus beneficios!<\/div>\n","protected":false},"excerpt":{"rendered":"<div dir=\"auto\"><b>CONSIGUE TU LICENCIA DEL IFBB COLLEGE!<\/b><\/div>\n<div dir=\"auto\"><\/div>\n<div dir=\"auto\">Activa tu licencia y eleva tu carrera al siguiente nivel.<\/div>\n<div dir=\"auto\"><\/div>\n<div>Impulsa tu carrera y consigue todas las ventajas de los miembros oficiales de la IFFB College.<\/div>\n<ul>\n<li><b>1\u00ba a\u00f1o:<\/b>\n<ul>\n<li>60,00\u20ac\u00a0 IFBB COLLEGE BOOK<\/li>\n<li>60,00\u20ac 1 a\u00f1o de licencia IFBB College (Acceso a descuentos, publicidad en medios de comunicaci\u00f3n y acceso a la revista oficial de la IFBB)<\/li>\n<\/ul>\n<\/li>\n<li><b>Renovaci\u00f3n anual:<\/b>\n<ul>\n<li>60,00\u20ac Tasa de renovaci\u00f3n<\/li>\n<\/ul>\n<\/li>\n<\/ul>\n","protected":false},"featured_media":10653,"template":"","meta":[],"product_brand":[],"product_cat":[99],"product_tag":[],"class_list":{"0":"post-9805","1":"product","2":"type-product","3":"status-publish","4":"has-post-thumbnail","6":"product_cat-licencia-ifbb-college","8":"first","9":"instock","10":"sold-individually","11":"shipping-taxable","12":"purchasable","13":"product-type-variable"},"publishpress_future_action":{"enabled":false,"date":"2026-05-03 10:45:20","action":"change-status","newStatus":"draft","terms":[],"taxonomy":"product_type","extraData":[]},"publishpress_future_workflow_manual_trigger":{"enabledWorkflows":[]},"_links":{"self":[{"href":"https:\/\/ifbb-academy.com\/es\/wp-json\/wp\/v2\/product\/9805","targetHints":{"allow":["GET"]}}],"collection":[{"href":"https:\/\/ifbb-academy.com\/es\/wp-json\/wp\/v2\/product"}],"about":[{"href":"https:\/\/ifbb-academy.com\/es\/wp-json\/wp\/v2\/types\/product"}],"wp:featuredmedia":[{"embeddable":true,"href":"https:\/\/ifbb-academy.com\/es\/wp-json\/wp\/v2\/media\/10653"}],"wp:attachment":[{"href":"https:\/\/ifbb-academy.com\/es\/wp-json\/wp\/v2\/media?parent=9805"}],"wp:term":[{"taxonomy":"product_brand","embeddable":true,"href":"https:\/\/ifbb-academy.com\/es\/wp-json\/wp\/v2\/product_brand?post=9805"},{"taxonomy":"product_cat","embeddable":true,"href":"https:\/\/ifbb-academy.com\/es\/wp-json\/wp\/v2\/product_cat?post=9805"},{"taxonomy":"product_tag","embeddable":true,"href":"https:\/\/ifbb-academy.com\/es\/wp-json\/wp\/v2\/product_tag?post=9805"}],"curies":[{"name":"wp","href":"https:\/\/api.w.org\/{rel}","templated":true}]}}