{"id":9206,"date":"2023-07-02T22:46:22","date_gmt":"2023-07-02T20:46:22","guid":{"rendered":"https:\/\/ifbb-academy.com\/?post_type=product&#038;p=9206"},"modified":"2024-10-22T20:18:40","modified_gmt":"2024-10-22T18:18:40","slug":"guia-de-nutricion-mas-de-100-kg","status":"publish","type":"product","link":"https:\/\/ifbb-academy.com\/es\/producto\/guia-de-nutricion-mas-de-100-kg\/","title":{"rendered":"Gu\u00eda de Nutrici\u00f3n m\u00e1s de 100 Kg"},"content":{"rendered":"","protected":false},"excerpt":{"rendered":"<h2>Gu\u00eda de Nutrici\u00f3n m\u00e1s de 100 Kg<\/h2>\n<p><b>Idioma: Espa\u00f1ol<\/b><\/p>\n","protected":false},"featured_media":9188,"template":"","meta":[],"product_brand":[],"product_cat":[92],"product_tag":[],"class_list":{"0":"post-9206","1":"product","2":"type-product","3":"status-publish","4":"has-post-thumbnail","6":"product_cat-guias-nutricion","8":"first","9":"instock","10":"downloadable","11":"virtual","12":"sold-individually","13":"purchasable","14":"product-type-simple"},"publishpress_future_action":{"enabled":false,"date":"2026-05-05 18:13:16","action":"change-status","newStatus":"draft","terms":[],"taxonomy":"product_type","extraData":[]},"publishpress_future_workflow_manual_trigger":{"enabledWorkflows":[]},"_links":{"self":[{"href":"https:\/\/ifbb-academy.com\/es\/wp-json\/wp\/v2\/product\/9206","targetHints":{"allow":["GET"]}}],"collection":[{"href":"https:\/\/ifbb-academy.com\/es\/wp-json\/wp\/v2\/product"}],"about":[{"href":"https:\/\/ifbb-academy.com\/es\/wp-json\/wp\/v2\/types\/product"}],"wp:featuredmedia":[{"embeddable":true,"href":"https:\/\/ifbb-academy.com\/es\/wp-json\/wp\/v2\/media\/9188"}],"wp:attachment":[{"href":"https:\/\/ifbb-academy.com\/es\/wp-json\/wp\/v2\/media?parent=9206"}],"wp:term":[{"taxonomy":"product_brand","embeddable":true,"href":"https:\/\/ifbb-academy.com\/es\/wp-json\/wp\/v2\/product_brand?post=9206"},{"taxonomy":"product_cat","embeddable":true,"href":"https:\/\/ifbb-academy.com\/es\/wp-json\/wp\/v2\/product_cat?post=9206"},{"taxonomy":"product_tag","embeddable":true,"href":"https:\/\/ifbb-academy.com\/es\/wp-json\/wp\/v2\/product_tag?post=9206"}],"curies":[{"name":"wp","href":"https:\/\/api.w.org\/{rel}","templated":true}]}}