{"id":9203,"date":"2023-07-02T22:46:13","date_gmt":"2023-07-02T20:46:13","guid":{"rendered":"https:\/\/ifbb-academy.com\/?post_type=product&#038;p=9203"},"modified":"2024-10-22T20:18:22","modified_gmt":"2024-10-22T18:18:22","slug":"guia-de-nutricion-70-80-kg","status":"publish","type":"product","link":"https:\/\/ifbb-academy.com\/es\/producto\/guia-de-nutricion-70-80-kg\/","title":{"rendered":"Gu\u00eda de Nutrici\u00f3n 70-80 Kg"},"content":{"rendered":"","protected":false},"excerpt":{"rendered":"<h2>Gu\u00eda de Nutrici\u00f3n 70-80 Kg<\/h2>\n<p><b>Idioma: Espa\u00f1ol<\/b><\/p>\n","protected":false},"featured_media":9182,"template":"","meta":[],"product_brand":[],"product_cat":[92],"product_tag":[],"class_list":{"0":"post-9203","1":"product","2":"type-product","3":"status-publish","4":"has-post-thumbnail","6":"product_cat-guias-nutricion","8":"first","9":"instock","10":"downloadable","11":"virtual","12":"sold-individually","13":"purchasable","14":"product-type-simple"},"publishpress_future_action":{"enabled":false,"date":"2026-05-05 17:59:29","action":"change-status","newStatus":"draft","terms":[],"taxonomy":"product_type","extraData":[]},"publishpress_future_workflow_manual_trigger":{"enabledWorkflows":[]},"_links":{"self":[{"href":"https:\/\/ifbb-academy.com\/es\/wp-json\/wp\/v2\/product\/9203","targetHints":{"allow":["GET"]}}],"collection":[{"href":"https:\/\/ifbb-academy.com\/es\/wp-json\/wp\/v2\/product"}],"about":[{"href":"https:\/\/ifbb-academy.com\/es\/wp-json\/wp\/v2\/types\/product"}],"wp:featuredmedia":[{"embeddable":true,"href":"https:\/\/ifbb-academy.com\/es\/wp-json\/wp\/v2\/media\/9182"}],"wp:attachment":[{"href":"https:\/\/ifbb-academy.com\/es\/wp-json\/wp\/v2\/media?parent=9203"}],"wp:term":[{"taxonomy":"product_brand","embeddable":true,"href":"https:\/\/ifbb-academy.com\/es\/wp-json\/wp\/v2\/product_brand?post=9203"},{"taxonomy":"product_cat","embeddable":true,"href":"https:\/\/ifbb-academy.com\/es\/wp-json\/wp\/v2\/product_cat?post=9203"},{"taxonomy":"product_tag","embeddable":true,"href":"https:\/\/ifbb-academy.com\/es\/wp-json\/wp\/v2\/product_tag?post=9203"}],"curies":[{"name":"wp","href":"https:\/\/api.w.org\/{rel}","templated":true}]}}