{"id":7619,"date":"2023-01-13T20:13:14","date_gmt":"2023-01-13T18:13:14","guid":{"rendered":"https:\/\/ifbb-academy.com\/?post_type=product&#038;p=7619"},"modified":"2023-07-02T22:19:57","modified_gmt":"2023-07-02T20:19:57","slug":"programa-de-entrenamiento-de-bikini-fitness","status":"publish","type":"product","link":"https:\/\/ifbb-academy.com\/es\/producto\/programa-de-entrenamiento-de-bikini-fitness\/","title":{"rendered":"Programa de Entrenamiento de Bikini Fitness"},"content":{"rendered":"","protected":false},"excerpt":{"rendered":"<h2>Programa de Entrenamiento de Bikini Fitness<\/h2>\n<p><b>Idioma: Espa\u00f1ol<\/b><\/p>\n<ul>\n<li>Consigue un programa de 12 semanas de entrenamientos divididos en dos bloques de 6 semanas.<\/li>\n<li>Avanza hacia tus objetivos, siguiendo los mejores ejercicios y t\u00e9cnicas seleccionados por especialistas de la IFBB.<\/li>\n<li>Desarrolla un f\u00edsico atl\u00e9tico y est\u00e9tico.<\/li>\n<li>Espec\u00edficamente dise\u00f1ado para una futura Bikini Fitness.<\/li>\n<\/ul>\n","protected":false},"featured_media":9140,"template":"","meta":[],"product_brand":[],"product_cat":[72],"product_tag":[],"class_list":{"0":"post-7619","1":"product","2":"type-product","3":"status-publish","4":"has-post-thumbnail","6":"product_cat-programa-entrenamiento","8":"first","9":"instock","10":"downloadable","11":"virtual","12":"sold-individually","13":"purchasable","14":"product-type-simple"},"publishpress_future_action":{"enabled":false,"date":"2026-05-24 00:46:19","action":"change-status","newStatus":"draft","terms":[],"taxonomy":"product_type","extraData":[]},"publishpress_future_workflow_manual_trigger":{"enabledWorkflows":[]},"_links":{"self":[{"href":"https:\/\/ifbb-academy.com\/es\/wp-json\/wp\/v2\/product\/7619","targetHints":{"allow":["GET"]}}],"collection":[{"href":"https:\/\/ifbb-academy.com\/es\/wp-json\/wp\/v2\/product"}],"about":[{"href":"https:\/\/ifbb-academy.com\/es\/wp-json\/wp\/v2\/types\/product"}],"wp:featuredmedia":[{"embeddable":true,"href":"https:\/\/ifbb-academy.com\/es\/wp-json\/wp\/v2\/media\/9140"}],"wp:attachment":[{"href":"https:\/\/ifbb-academy.com\/es\/wp-json\/wp\/v2\/media?parent=7619"}],"wp:term":[{"taxonomy":"product_brand","embeddable":true,"href":"https:\/\/ifbb-academy.com\/es\/wp-json\/wp\/v2\/product_brand?post=7619"},{"taxonomy":"product_cat","embeddable":true,"href":"https:\/\/ifbb-academy.com\/es\/wp-json\/wp\/v2\/product_cat?post=7619"},{"taxonomy":"product_tag","embeddable":true,"href":"https:\/\/ifbb-academy.com\/es\/wp-json\/wp\/v2\/product_tag?post=7619"}],"curies":[{"name":"wp","href":"https:\/\/api.w.org\/{rel}","templated":true}]}}