{"id":5458,"date":"2022-01-10T22:05:46","date_gmt":"2022-01-10T20:05:46","guid":{"rendered":"https:\/\/ifbb-academy.com\/?post_type=product&#038;p=5458"},"modified":"2024-12-26T00:00:06","modified_gmt":"2024-12-25T22:00:06","slug":"curso-online-professional-weight-training-kinesiology","status":"publish","type":"product","link":"https:\/\/ifbb-academy.com\/es\/producto\/curso-online-professional-weight-training-kinesiology\/","title":{"rendered":"Curso Online: Professional Weight Training Kinesiology"},"content":{"rendered":"<h3>Curso Online:<\/h3>\n<h3>Professional Weight Training Kinesiology<\/h3>\n<p>Tanto para el cliente habitual de gimnasio como para los entrenadores personales y coaches,\u00a0 es un curso que proporciona v\u00eddeos con t\u00e9cnicas innovadoras de ejercicios de entrenamiento con pesas y conceptos sencillos de aplicar, cient\u00edficamente probados, que te permitir\u00e1n dise\u00f1ar el programa m\u00e1s seguro y eficaz para tu cliente o para ti mismo, obteniendo los resultados m\u00e1s seguros y eficaces.<\/p>\n<p>Todo el curso est\u00e1 dise\u00f1ado con clases cortas en video, que pueden ser visualizadas con cualquier smart phone, tablet u ordenador y en cualquier lugar que desees. Los videos se han dise\u00f1ado con una duraci\u00f3n (con un promedio de 5-10 minutos cada uno) que permite el acceso en breve tiempo a informaci\u00f3n extremadamente valiosa que te proporcionar\u00e1 un experto en Entrenamiento con Pesas.<\/p>\n<p>&nbsp;<\/p>\n<p>Observaciones:<\/p>\n<ul>\n<li>Carga horaria: 30 horas<\/li>\n<li>P\u00fablico apto:\u00a0 Abierto a todos los interesados, mayores de 18 a\u00f1os de edad (o menores con autorizaci\u00f3n de los padres o tutor)<\/li>\n<li>Idioma: Espa\u00f1ol, Ingl\u00e9s<\/li>\n<li>Certificado: <b><a href=\"https:\/\/ifbb.com\/national-federations\/\" target=\"_blank\" rel=\"noopener noreferrer\">Reconocido internacionalmente<\/a><\/b><\/li>\n<\/ul>\n<p>&nbsp;<\/p>\n<p><img decoding=\"async\" class=\"size-full wp-image-5630 aligncenter\" src=\"https:\/\/ifbb-academy.com\/wp-content\/uploads\/2022\/01\/certificado-wtk.jpg\" alt=\"\" width=\"900\" height=\"595\" srcset=\"https:\/\/ifbb-academy.com\/wp-content\/uploads\/2022\/01\/certificado-wtk-200x132.jpg 200w, https:\/\/ifbb-academy.com\/wp-content\/uploads\/2022\/01\/certificado-wtk-300x198.jpg 300w, https:\/\/ifbb-academy.com\/wp-content\/uploads\/2022\/01\/certificado-wtk-400x264.jpg 400w, https:\/\/ifbb-academy.com\/wp-content\/uploads\/2022\/01\/certificado-wtk-500x331.jpg 500w, https:\/\/ifbb-academy.com\/wp-content\/uploads\/2022\/01\/certificado-wtk-600x397.jpg 600w, https:\/\/ifbb-academy.com\/wp-content\/uploads\/2022\/01\/certificado-wtk-700x463.jpg 700w, https:\/\/ifbb-academy.com\/wp-content\/uploads\/2022\/01\/certificado-wtk-768x508.jpg 768w, https:\/\/ifbb-academy.com\/wp-content\/uploads\/2022\/01\/certificado-wtk-800x529.jpg 800w, https:\/\/ifbb-academy.com\/wp-content\/uploads\/2022\/01\/certificado-wtk.jpg 900w\" sizes=\"(max-width: 900px) 100vw, 900px\" \/><\/p>\n<p><img decoding=\"async\" class=\"size-full wp-image-9880 aligncenter\" src=\"https:\/\/ifbb-academy.com\/wp-content\/uploads\/2020\/05\/ifbb-college-etiqueta-2.jpg\" alt=\"\" width=\"296\" height=\"400\" srcset=\"https:\/\/ifbb-academy.com\/wp-content\/uploads\/2020\/05\/ifbb-college-etiqueta-2-148x200.jpg 148w, https:\/\/ifbb-academy.com\/wp-content\/uploads\/2020\/05\/ifbb-college-etiqueta-2-200x270.jpg 200w, https:\/\/ifbb-academy.com\/wp-content\/uploads\/2020\/05\/ifbb-college-etiqueta-2-222x300.jpg 222w, https:\/\/ifbb-academy.com\/wp-content\/uploads\/2020\/05\/ifbb-college-etiqueta-2.jpg 296w\" sizes=\"(max-width: 296px) 100vw, 296px\" \/><\/p>\n","protected":false},"excerpt":{"rendered":"<p>Accede a una lucrativa profesi\u00f3n, ayudando a otras personas a alcanzar sus objetivos de deporte, est\u00e9tica y bienestar.<\/p>\n","protected":false},"featured_media":5470,"template":"","meta":[],"product_brand":[],"product_cat":[40],"product_tag":[],"class_list":{"0":"post-5458","1":"product","2":"type-product","3":"status-publish","4":"has-post-thumbnail","6":"product_cat-cursos-online","8":"first","9":"instock","10":"virtual","11":"sold-individually","12":"purchasable","13":"product-type-simple"},"publishpress_future_action":{"enabled":false,"date":"2026-05-20 22:46:30","action":"change-status","newStatus":"draft","terms":[],"taxonomy":"product_type","extraData":[]},"publishpress_future_workflow_manual_trigger":{"enabledWorkflows":[]},"_links":{"self":[{"href":"https:\/\/ifbb-academy.com\/es\/wp-json\/wp\/v2\/product\/5458","targetHints":{"allow":["GET"]}}],"collection":[{"href":"https:\/\/ifbb-academy.com\/es\/wp-json\/wp\/v2\/product"}],"about":[{"href":"https:\/\/ifbb-academy.com\/es\/wp-json\/wp\/v2\/types\/product"}],"wp:featuredmedia":[{"embeddable":true,"href":"https:\/\/ifbb-academy.com\/es\/wp-json\/wp\/v2\/media\/5470"}],"wp:attachment":[{"href":"https:\/\/ifbb-academy.com\/es\/wp-json\/wp\/v2\/media?parent=5458"}],"wp:term":[{"taxonomy":"product_brand","embeddable":true,"href":"https:\/\/ifbb-academy.com\/es\/wp-json\/wp\/v2\/product_brand?post=5458"},{"taxonomy":"product_cat","embeddable":true,"href":"https:\/\/ifbb-academy.com\/es\/wp-json\/wp\/v2\/product_cat?post=5458"},{"taxonomy":"product_tag","embeddable":true,"href":"https:\/\/ifbb-academy.com\/es\/wp-json\/wp\/v2\/product_tag?post=5458"}],"curies":[{"name":"wp","href":"https:\/\/api.w.org\/{rel}","templated":true}]}}