{"id":3628,"date":"2020-09-02T13:57:16","date_gmt":"2020-09-02T11:57:16","guid":{"rendered":"https:\/\/ifbb-academy.com\/?post_type=product&#038;p=3628"},"modified":"2025-02-17T22:13:37","modified_gmt":"2025-02-17T20:13:37","slug":"webinars-para-atletas-femeninas","status":"publish","type":"product","link":"https:\/\/ifbb-academy.com\/es\/producto\/webinars-para-atletas-femeninas\/","title":{"rendered":"Webinars Para Atletas Femeninas"},"content":{"rendered":"","protected":false},"excerpt":{"rendered":"<h3><font color=\"#700b6f\"><strong>WEBINARS PARA ATLETAS FEMENINAS<\/strong><\/font><\/h3>\n<p>Derivados del \u00ab<b>Curso de Entrenadora Femenina de Competici\u00f3n<\/b>\u00ab, impartido por la <b>Campeona de Europa y del Mundo de Fitness, Natalia Nazarenko<\/b>; tienes a tu disposici\u00f3n varios seminarios (Webinar), de 90 a 150 minutos, para que puedas elegir las \u00e1reas que m\u00e1s te interesen. en las que lograr un certificado oficial on-line.<\/p>\n<p>Los Webinars que puedes contratar son los siguientes:<\/p>\n","protected":false},"featured_media":5496,"template":"","meta":[],"product_brand":[],"product_cat":[101],"product_tag":[],"class_list":{"0":"post-3628","1":"product","2":"type-product","3":"status-publish","4":"has-post-thumbnail","6":"product_cat-cursos-online-webinars","8":"first","9":"instock","10":"sold-individually","11":"shipping-taxable","12":"product-type-grouped"},"publishpress_future_action":{"enabled":false,"date":"2026-05-09 17:28:28","action":"change-status","newStatus":"draft","terms":[],"taxonomy":"product_type","extraData":[]},"publishpress_future_workflow_manual_trigger":{"enabledWorkflows":[]},"_links":{"self":[{"href":"https:\/\/ifbb-academy.com\/es\/wp-json\/wp\/v2\/product\/3628","targetHints":{"allow":["GET"]}}],"collection":[{"href":"https:\/\/ifbb-academy.com\/es\/wp-json\/wp\/v2\/product"}],"about":[{"href":"https:\/\/ifbb-academy.com\/es\/wp-json\/wp\/v2\/types\/product"}],"wp:featuredmedia":[{"embeddable":true,"href":"https:\/\/ifbb-academy.com\/es\/wp-json\/wp\/v2\/media\/5496"}],"wp:attachment":[{"href":"https:\/\/ifbb-academy.com\/es\/wp-json\/wp\/v2\/media?parent=3628"}],"wp:term":[{"taxonomy":"product_brand","embeddable":true,"href":"https:\/\/ifbb-academy.com\/es\/wp-json\/wp\/v2\/product_brand?post=3628"},{"taxonomy":"product_cat","embeddable":true,"href":"https:\/\/ifbb-academy.com\/es\/wp-json\/wp\/v2\/product_cat?post=3628"},{"taxonomy":"product_tag","embeddable":true,"href":"https:\/\/ifbb-academy.com\/es\/wp-json\/wp\/v2\/product_tag?post=3628"}],"curies":[{"name":"wp","href":"https:\/\/api.w.org\/{rel}","templated":true}]}}