{"id":3155,"date":"2020-05-28T07:53:56","date_gmt":"2020-05-28T05:50:26","guid":{"rendered":"https:\/\/ifbb-academy.com\/?post_type=product&#038;p=3155"},"modified":"2024-12-26T00:00:07","modified_gmt":"2024-12-25T22:00:07","slug":"curso-online-nutricion-avanzada","status":"publish","type":"product","link":"https:\/\/ifbb-academy.com\/es\/producto\/curso-online-nutricion-avanzada\/","title":{"rendered":"Curso Online: Nutrici\u00f3n Avanzada"},"content":{"rendered":"<h3>Curso Online: Nutrici\u00f3n Avanzada<\/h3>\n<p>El curso de Nutrici\u00f3n Avanzada IFBB aporta al alumno de un alto conocimiento sobre nutrici\u00f3n, dietas y suplementacion en el Fitness y el bodybuilding como herramienta esencial para ayudar al cliente a obtener los mejores resultados. El alumno obtendr\u00e1 la informaci\u00f3n necesaria para realizar dietas personalizadas y planes de suplementacion as\u00ed como un conocimiento exhaustivo de los suplementos nutricionales m\u00e1s actuales presentes en el mercado y sus bases cient\u00edficas en cuanto a efectividad, dosis y resultados.<\/p>\n<p>&nbsp;<\/p>\n<p>Observaciones:<\/p>\n<p>Es necesario para los profesionales de la Educaci\u00f3n F\u00edsica la planificaci\u00f3n, organizaci\u00f3n, supervisi\u00f3n y acompa\u00f1amiento de los programas de educaci\u00f3n f\u00edsica. Y para los expertos en nutrici\u00f3n, la planificaci\u00f3n organizaci\u00f3n, direcci\u00f3n supervisi\u00f3n en la alimentaci\u00f3n, nutrici\u00f3n y suplementos nutricionales.<\/p>\n<ul>\n<li>Carga horaria: 80 horas<\/li>\n<li>P\u00fablico apto:\u00a0 Abierto a todos los interesados, mayores de 18 a\u00f1os de edad (o menores con autorizaci\u00f3n de los padres o tutor)<\/li>\n<li>Idioma: espa\u00f1ol, ingl\u00e9s<\/li>\n<li>Certificado: <font color=\"#1a0dab\"><b><a href=\"https:\/\/ifbb.com\/national-federations\/\" target=\"_blank\" rel=\"noopener noreferrer\">Reconocido internacionalmente<\/a><\/b><\/font><\/li>\n<li>Material del curso: Archivos en formato PDF que podr\u00e1 imprimirse o visualizarse en las pantallas. Todo el material educativo de este curso es propiedad de la IFBB.<\/li>\n<\/ul>\n<p>&nbsp;<\/p>\n<p><img decoding=\"async\" class=\"size-full wp-image-10820 aligncenter\" src=\"https:\/\/ifbb-academy.com\/wp-content\/uploads\/2020\/05\/diploma-advanced-nutrition-2024.webp\" alt=\"\" width=\"900\" height=\"646\" srcset=\"https:\/\/ifbb-academy.com\/wp-content\/uploads\/2020\/05\/diploma-advanced-nutrition-2024-200x144.webp 200w, https:\/\/ifbb-academy.com\/wp-content\/uploads\/2020\/05\/diploma-advanced-nutrition-2024-300x214.webp 300w, https:\/\/ifbb-academy.com\/wp-content\/uploads\/2020\/05\/diploma-advanced-nutrition-2024-400x287.webp 400w, https:\/\/ifbb-academy.com\/wp-content\/uploads\/2020\/05\/diploma-advanced-nutrition-2024-500x359.webp 500w, https:\/\/ifbb-academy.com\/wp-content\/uploads\/2020\/05\/diploma-advanced-nutrition-2024-600x431.webp 600w, https:\/\/ifbb-academy.com\/wp-content\/uploads\/2020\/05\/diploma-advanced-nutrition-2024-700x502.webp 700w, https:\/\/ifbb-academy.com\/wp-content\/uploads\/2020\/05\/diploma-advanced-nutrition-2024-768x551.webp 768w, https:\/\/ifbb-academy.com\/wp-content\/uploads\/2020\/05\/diploma-advanced-nutrition-2024-800x574.webp 800w, https:\/\/ifbb-academy.com\/wp-content\/uploads\/2020\/05\/diploma-advanced-nutrition-2024.webp 900w\" sizes=\"(max-width: 900px) 100vw, 900px\" \/><\/p>\n<p><img decoding=\"async\" class=\"size-full wp-image-9886 aligncenter\" src=\"https:\/\/ifbb-academy.com\/wp-content\/uploads\/2020\/05\/ifbb-college-etiqueta-5.jpg\" alt=\"\" width=\"296\" height=\"400\" srcset=\"https:\/\/ifbb-academy.com\/wp-content\/uploads\/2020\/05\/ifbb-college-etiqueta-5-148x200.jpg 148w, https:\/\/ifbb-academy.com\/wp-content\/uploads\/2020\/05\/ifbb-college-etiqueta-5-200x270.jpg 200w, https:\/\/ifbb-academy.com\/wp-content\/uploads\/2020\/05\/ifbb-college-etiqueta-5-222x300.jpg 222w, https:\/\/ifbb-academy.com\/wp-content\/uploads\/2020\/05\/ifbb-college-etiqueta-5.jpg 296w\" sizes=\"(max-width: 296px) 100vw, 296px\" \/><\/p>\n","protected":false},"excerpt":{"rendered":"<p class=\"fusion-responsive-typography-calculated\" data-fontsize=\"20\" data-lineheight=\"32px\">Optimiza tus conocimientos. Hazte un experto en nutrici\u00f3n para el alto rendimiento.<\/p>\n","protected":false},"featured_media":8068,"template":"","meta":[],"product_brand":[],"product_cat":[40],"product_tag":[],"class_list":{"0":"post-3155","1":"product","2":"type-product","3":"status-publish","4":"has-post-thumbnail","6":"product_cat-cursos-online","8":"first","9":"instock","10":"virtual","11":"sold-individually","12":"purchasable","13":"product-type-simple"},"publishpress_future_action":{"enabled":false,"date":"2026-05-21 01:20:25","action":"change-status","newStatus":"draft","terms":[],"taxonomy":"product_type","extraData":[]},"publishpress_future_workflow_manual_trigger":{"enabledWorkflows":[]},"_links":{"self":[{"href":"https:\/\/ifbb-academy.com\/es\/wp-json\/wp\/v2\/product\/3155","targetHints":{"allow":["GET"]}}],"collection":[{"href":"https:\/\/ifbb-academy.com\/es\/wp-json\/wp\/v2\/product"}],"about":[{"href":"https:\/\/ifbb-academy.com\/es\/wp-json\/wp\/v2\/types\/product"}],"wp:featuredmedia":[{"embeddable":true,"href":"https:\/\/ifbb-academy.com\/es\/wp-json\/wp\/v2\/media\/8068"}],"wp:attachment":[{"href":"https:\/\/ifbb-academy.com\/es\/wp-json\/wp\/v2\/media?parent=3155"}],"wp:term":[{"taxonomy":"product_brand","embeddable":true,"href":"https:\/\/ifbb-academy.com\/es\/wp-json\/wp\/v2\/product_brand?post=3155"},{"taxonomy":"product_cat","embeddable":true,"href":"https:\/\/ifbb-academy.com\/es\/wp-json\/wp\/v2\/product_cat?post=3155"},{"taxonomy":"product_tag","embeddable":true,"href":"https:\/\/ifbb-academy.com\/es\/wp-json\/wp\/v2\/product_tag?post=3155"}],"curies":[{"name":"wp","href":"https:\/\/api.w.org\/{rel}","templated":true}]}}