{"id":3153,"date":"2020-05-28T07:53:32","date_gmt":"2020-05-28T05:49:59","guid":{"rendered":"https:\/\/ifbb-academy.com\/?post_type=product&#038;p=3153"},"modified":"2025-06-16T00:25:24","modified_gmt":"2025-06-15T22:25:24","slug":"curso-online-entrenador-personal","status":"publish","type":"product","link":"https:\/\/ifbb-academy.com\/es\/producto\/curso-online-entrenador-personal\/","title":{"rendered":"Curso Online: Entrenador Personal"},"content":{"rendered":"<h3>Curso Online: Entrenador Personal<\/h3>\n<p>La\u00a0 IFBB, autoridad mundial en el entrenamiento de la fuerza y la musculaci\u00f3n dispone de un\u00a0 conjunto de profesionales ligados a la Salud y el bienestar f\u00edsico en numerosos pa\u00edses, los cuales han\u00a0 elaborado un contenido te\u00f3rico y practico con importantes t\u00f3picos necesarios para una buena formaci\u00f3n del Entrenador Personal. El curso de Entrenador Personal de la IFBB\u00a0 ACADEMY re\u00fane informaci\u00f3n sobre las\u00a0 t\u00e9cnicas mas eficientes para la prescripci\u00f3n de entrenamientos as\u00ed como nociones sobre dietas y suplementos y las alternativas naturales al doping para un buen desempe\u00f1o y bienestar de los clientes atendidos por un Entrenador Personal\u00a0 bien cualificado.<\/p>\n<p>Este curso atiende a las necesidades de los profesionales desean profundizar y actualizar sus conocimientos en el \u00e1rea y prestar un servicio con los mejores resultados.<\/p>\n<p>&nbsp;<\/p>\n<p>Observaciones:<\/p>\n<p>Es necesario para los profesionales de la Educaci\u00f3n F\u00edsica la planificaci\u00f3n, organizaci\u00f3n, supervisi\u00f3n y acompa\u00f1amiento de los programas de educaci\u00f3n f\u00edsica. Y para los expertos en nutrici\u00f3n, la planificaci\u00f3n organizaci\u00f3n, direcci\u00f3n supervisi\u00f3n en la alimentaci\u00f3n, nutrici\u00f3n y suplementos nutricionales.<\/p>\n<p>Carga horaria: 50 horas<\/p>\n<p>P\u00fablico apto:\u00a0 Abierto a todos los interesados, mayores de 18 a\u00f1os de edad (o menores con autorizaci\u00f3n de los padres o tutor) Idioma: espa\u00f1ol, ingl\u00e9s.<\/p>\n<p>Certificado: <b><a href=\"https:\/\/ifbb.com\/national-federations\/\" target=\"_blank\" rel=\"noopener noreferrer\">Reconocido internacionalmente<\/a><\/b><\/p>\n<p>Material del curso: Archivos en formato PDF que podr\u00e1 imprimirse o visualizarse en las pantallas. Todo el material educativo de este curso es propiedad de la IFBB.<\/p>\n<p>&nbsp;<\/p>\n<p><img decoding=\"async\" class=\"wp-image-4075 aligncenter\" src=\"https:\/\/ifbb-academy.com\/wp-content\/uploads\/2020\/05\/certificado-entrenador-personal-2.jpg\" alt=\"\" width=\"926\" height=\"655\" srcset=\"https:\/\/ifbb-academy.com\/wp-content\/uploads\/2020\/05\/certificado-entrenador-personal-2-500x354.jpg 500w, https:\/\/ifbb-academy.com\/wp-content\/uploads\/2020\/05\/certificado-entrenador-personal-2-700x495.jpg 700w, https:\/\/ifbb-academy.com\/wp-content\/uploads\/2020\/05\/certificado-entrenador-personal-2.jpg 1000w\" sizes=\"(max-width: 926px) 100vw, 926px\" \/><\/p>\n<p><img decoding=\"async\" class=\"aligncenter\" src=\"https:\/\/ifbb-academy.com\/wp-content\/uploads\/2020\/05\/ifbb-college-etiqueta-7.jpg\" \/><\/p>\n","protected":false},"excerpt":{"rendered":"<p>Accede a una lucrativa profesi\u00f3n, ayudando a otras personas a alcanzar sus objetivos de deporte, est\u00e9tica y bienestar.<\/p>\n","protected":false},"featured_media":8064,"template":"","meta":[],"product_brand":[],"product_cat":[40],"product_tag":[],"class_list":{"0":"post-3153","1":"product","2":"type-product","3":"status-publish","4":"has-post-thumbnail","6":"product_cat-cursos-online","8":"first","9":"instock","10":"virtual","11":"sold-individually","12":"purchasable","13":"product-type-simple"},"publishpress_future_action":{"enabled":false,"date":"2026-05-04 10:45:10","action":"change-status","newStatus":"draft","terms":[],"taxonomy":"product_type","extraData":[]},"publishpress_future_workflow_manual_trigger":{"enabledWorkflows":[]},"_links":{"self":[{"href":"https:\/\/ifbb-academy.com\/es\/wp-json\/wp\/v2\/product\/3153","targetHints":{"allow":["GET"]}}],"collection":[{"href":"https:\/\/ifbb-academy.com\/es\/wp-json\/wp\/v2\/product"}],"about":[{"href":"https:\/\/ifbb-academy.com\/es\/wp-json\/wp\/v2\/types\/product"}],"wp:featuredmedia":[{"embeddable":true,"href":"https:\/\/ifbb-academy.com\/es\/wp-json\/wp\/v2\/media\/8064"}],"wp:attachment":[{"href":"https:\/\/ifbb-academy.com\/es\/wp-json\/wp\/v2\/media?parent=3153"}],"wp:term":[{"taxonomy":"product_brand","embeddable":true,"href":"https:\/\/ifbb-academy.com\/es\/wp-json\/wp\/v2\/product_brand?post=3153"},{"taxonomy":"product_cat","embeddable":true,"href":"https:\/\/ifbb-academy.com\/es\/wp-json\/wp\/v2\/product_cat?post=3153"},{"taxonomy":"product_tag","embeddable":true,"href":"https:\/\/ifbb-academy.com\/es\/wp-json\/wp\/v2\/product_tag?post=3153"}],"curies":[{"name":"wp","href":"https:\/\/api.w.org\/{rel}","templated":true}]}}