{"id":3152,"date":"2020-05-28T07:53:07","date_gmt":"2020-05-28T05:49:47","guid":{"rendered":"https:\/\/ifbb-academy.com\/?post_type=product&#038;p=3152"},"modified":"2024-12-26T00:00:06","modified_gmt":"2024-12-25T22:00:06","slug":"curso-online-master-en-fitness-coach-cross-training","status":"publish","type":"product","link":"https:\/\/ifbb-academy.com\/es\/producto\/curso-online-master-en-fitness-coach-cross-training\/","title":{"rendered":"Curso Online: M\u00e1ster en Fitness Coach &#038; Cross Training"},"content":{"rendered":"<h3>Curso Online: M\u00e1ster en Fitness Coach &amp; Cross Training<\/h3>\n<p>El objetivo de este curso es formar al alumno para que sea capaz de\u00a0 transformar el cuerpo en una \u201cherramienta\u201d de trabajo \u00fatil e inteligente, maximizando todas las capacidades f\u00edsicas para\u00a0 realizar con eficacia y seguridad\u00a0 cualquier actividad, siempre integrando y nunca aislando, es decir utilizando\u00a0 todo el cuerpo para que se envuelva en la ejecuci\u00f3n de los\u00a0 ejercicios ; aprender a entrenar movimientos, siempre con la intervenci\u00f3n de varios m\u00fasculos para su realizaci\u00f3n.<\/p>\n<p>Ense\u00f1ar al alumno a mejorar\u00a0 el rendimiento con menor tiempo de entrenamiento y de forma m\u00e1s divertida con un menor riesgo de lesiones ya que se trabaja con el fortalecimiento de las zonas de riesgo.<\/p>\n<p>&nbsp;<\/p>\n<p>Observaciones:<\/p>\n<p>Es necesario para los profesionales de la Educaci\u00f3n F\u00edsica la planificaci\u00f3n, organizaci\u00f3n, supervisi\u00f3n y acompa\u00f1amiento de los programas de educaci\u00f3n f\u00edsica. Y para los expertos en nutrici\u00f3n, la planificaci\u00f3n organizaci\u00f3n, direcci\u00f3n supervisi\u00f3n en la alimentaci\u00f3n, nutrici\u00f3n y suplementos nutricionales.<\/p>\n<ul>\n<li>Carga horaria: 120 horas<\/li>\n<li>P\u00fablico apto:\u00a0 Abierto a todos los interesados, mayores de 18 a\u00f1os de edad (o menores con autorizaci\u00f3n de los padres o tutor)<\/li>\n<li>Idioma: espa\u00f1ol, ingl\u00e9s<\/li>\n<li>Certificado: <b><a href=\"https:\/\/ifbb.com\/national-federations\/\" target=\"_blank\" rel=\"noopener noreferrer\">Reconocido internacionalmente<\/a><\/b><\/li>\n<li>Material del curso: Archivos en formato PDF que podr\u00e1 imprimirse o visualizarse en las pantallas. Todo el material educativo de este curso es propiedad de la IFBB.<\/li>\n<\/ul>\n<p>&nbsp;<\/p>\n<p><img decoding=\"async\" class=\"size-full wp-image-3326 aligncenter\" src=\"https:\/\/ifbb-academy.com\/wp-content\/uploads\/2020\/05\/certificado-cross-training-2.jpg\" alt=\"\" width=\"1000\" height=\"707\" srcset=\"https:\/\/ifbb-academy.com\/wp-content\/uploads\/2020\/05\/certificado-cross-training-2-500x354.jpg 500w, https:\/\/ifbb-academy.com\/wp-content\/uploads\/2020\/05\/certificado-cross-training-2-700x495.jpg 700w, https:\/\/ifbb-academy.com\/wp-content\/uploads\/2020\/05\/certificado-cross-training-2.jpg 1000w\" sizes=\"(max-width: 1000px) 100vw, 1000px\" \/><\/p>\n<p>&nbsp;<\/p>\n<p><img decoding=\"async\" class=\"size-full wp-image-9884 aligncenter\" src=\"https:\/\/ifbb-academy.com\/wp-content\/uploads\/2020\/05\/ifbb-college-etiqueta-4.jpg\" alt=\"\" width=\"296\" height=\"400\" srcset=\"https:\/\/ifbb-academy.com\/wp-content\/uploads\/2020\/05\/ifbb-college-etiqueta-4-148x200.jpg 148w, https:\/\/ifbb-academy.com\/wp-content\/uploads\/2020\/05\/ifbb-college-etiqueta-4-200x270.jpg 200w, https:\/\/ifbb-academy.com\/wp-content\/uploads\/2020\/05\/ifbb-college-etiqueta-4-222x300.jpg 222w, https:\/\/ifbb-academy.com\/wp-content\/uploads\/2020\/05\/ifbb-college-etiqueta-4.jpg 296w\" sizes=\"(max-width: 296px) 100vw, 296px\" \/><\/p>\n","protected":false},"excerpt":{"rendered":"<p>Obt\u00e9n el m\u00e1ster que te permita maximizar tus capacidades f\u00edsicas y las mejores aplicaciones para el entrenamiento con pesas.<\/p>\n","protected":false},"featured_media":8066,"template":"","meta":[],"product_brand":[],"product_cat":[40],"product_tag":[],"class_list":{"0":"post-3152","1":"product","2":"type-product","3":"status-publish","4":"has-post-thumbnail","6":"product_cat-cursos-online","8":"first","9":"instock","10":"virtual","11":"sold-individually","12":"purchasable","13":"product-type-simple"},"publishpress_future_action":{"enabled":false,"date":"2026-05-07 12:43:01","action":"change-status","newStatus":"draft","terms":[],"taxonomy":"product_type","extraData":[]},"publishpress_future_workflow_manual_trigger":{"enabledWorkflows":[]},"_links":{"self":[{"href":"https:\/\/ifbb-academy.com\/es\/wp-json\/wp\/v2\/product\/3152","targetHints":{"allow":["GET"]}}],"collection":[{"href":"https:\/\/ifbb-academy.com\/es\/wp-json\/wp\/v2\/product"}],"about":[{"href":"https:\/\/ifbb-academy.com\/es\/wp-json\/wp\/v2\/types\/product"}],"wp:featuredmedia":[{"embeddable":true,"href":"https:\/\/ifbb-academy.com\/es\/wp-json\/wp\/v2\/media\/8066"}],"wp:attachment":[{"href":"https:\/\/ifbb-academy.com\/es\/wp-json\/wp\/v2\/media?parent=3152"}],"wp:term":[{"taxonomy":"product_brand","embeddable":true,"href":"https:\/\/ifbb-academy.com\/es\/wp-json\/wp\/v2\/product_brand?post=3152"},{"taxonomy":"product_cat","embeddable":true,"href":"https:\/\/ifbb-academy.com\/es\/wp-json\/wp\/v2\/product_cat?post=3152"},{"taxonomy":"product_tag","embeddable":true,"href":"https:\/\/ifbb-academy.com\/es\/wp-json\/wp\/v2\/product_tag?post=3152"}],"curies":[{"name":"wp","href":"https:\/\/api.w.org\/{rel}","templated":true}]}}