{"id":3151,"date":"2020-05-28T07:53:10","date_gmt":"2020-05-28T05:49:47","guid":{"rendered":"https:\/\/ifbb-academy.com\/?post_type=product&#038;p=3151"},"modified":"2025-01-20T20:37:17","modified_gmt":"2025-01-20T18:37:17","slug":"curso-online-master-en-fisicoculturismo-y-fitness","status":"publish","type":"product","link":"https:\/\/ifbb-academy.com\/es\/producto\/curso-online-master-en-fisicoculturismo-y-fitness\/","title":{"rendered":"Curso Online: M\u00e1ster en Fisicoculturismo y Fitness"},"content":{"rendered":"<h3>Curso Online: M\u00e1ster en Fisicoculturismo y Fitness<\/h3>\n<p>La\u00a0 IFBB, autoridad mundial en el entrenamiento de la fuerza y la musculaci\u00f3n pone a disposici\u00f3n del alumno un completisimo curso fundamental para entrenadores y atletas. Si quieres convertirte en entrenador de atletas de \u00e9lite, este es el curso id\u00f3neo. Si eres atleta aprender\u00e1s numerosos detalles que marcar\u00e1n la diferencia en el escenario y en tu carrera deportiva. Cuidadosamente preparado por profesores de renombre con experiencia cient\u00edfica intencional, ha contado tambi\u00e9n con atletas campeones del mundo.<\/p>\n<p>Observaciones:<\/p>\n<p>Es necesario para los profesionales de la Educaci\u00f3n F\u00edsica la planificaci\u00f3n, organizaci\u00f3n, supervisi\u00f3n y acompa\u00f1amiento de los programas de educaci\u00f3n f\u00edsica. Y para los expertos en nutrici\u00f3n, la planificaci\u00f3n organizaci\u00f3n, direcci\u00f3n supervisi\u00f3n en la alimentaci\u00f3n, nutrici\u00f3n y suplementos nutricionales.<\/p>\n<ul>\n<li>Carga horaria: 120 horas<\/li>\n<li>P\u00fablico apto:\u00a0 Abierto a todos los interesados, mayores de 18 a\u00f1os de edad (o menores con autorizaci\u00f3n de los padres o tutor)<\/li>\n<li>Idioma: espa\u00f1ol, ingl\u00e9s<\/li>\n<li>Certificado: <font color=\"#00FF00\"><b><a href=\"https:\/\/ifbb.com\/national-federations\/\" target=\"_blank\" rel=\"noopener noreferrer\">Reconocido internacionalmente<\/a><\/b><\/font><\/li>\n<li>Material del curso: Archivos en formato PDF que podr\u00e1 imprimirse o visualizarse en las pantallas. Todo el material educativo de este curso es propiedad de la IFBB.<\/li>\n<\/ul>\n<p>&nbsp;<\/p>\n<p><img decoding=\"async\" class=\"size-full wp-image-12621 aligncenter\" src=\"https:\/\/ifbb-academy.com\/wp-content\/uploads\/2020\/05\/diploma-master-2025.jpg\" alt=\"\" width=\"1000\" height=\"718\" srcset=\"https:\/\/ifbb-academy.com\/wp-content\/uploads\/2020\/05\/diploma-master-2025-200x144.jpg 200w, https:\/\/ifbb-academy.com\/wp-content\/uploads\/2020\/05\/diploma-master-2025-300x214.jpg 300w, https:\/\/ifbb-academy.com\/wp-content\/uploads\/2020\/05\/diploma-master-2025-400x287.jpg 400w, https:\/\/ifbb-academy.com\/wp-content\/uploads\/2020\/05\/diploma-master-2025-500x359.jpg 500w, https:\/\/ifbb-academy.com\/wp-content\/uploads\/2020\/05\/diploma-master-2025-600x431.jpg 600w, https:\/\/ifbb-academy.com\/wp-content\/uploads\/2020\/05\/diploma-master-2025-700x503.jpg 700w, https:\/\/ifbb-academy.com\/wp-content\/uploads\/2020\/05\/diploma-master-2025-768x551.jpg 768w, https:\/\/ifbb-academy.com\/wp-content\/uploads\/2020\/05\/diploma-master-2025-800x574.jpg 800w, https:\/\/ifbb-academy.com\/wp-content\/uploads\/2020\/05\/diploma-master-2025.jpg 1000w\" sizes=\"(max-width: 1000px) 100vw, 1000px\" \/><\/p>\n<p>&nbsp;<\/p>\n<p><img decoding=\"async\" class=\"size-full wp-image-9892 aligncenter\" src=\"https:\/\/ifbb-academy.com\/wp-content\/uploads\/2020\/05\/ifbb-college-etiqueta-8.jpg\" alt=\"\" width=\"296\" height=\"400\" srcset=\"https:\/\/ifbb-academy.com\/wp-content\/uploads\/2020\/05\/ifbb-college-etiqueta-8-148x200.jpg 148w, https:\/\/ifbb-academy.com\/wp-content\/uploads\/2020\/05\/ifbb-college-etiqueta-8-200x270.jpg 200w, https:\/\/ifbb-academy.com\/wp-content\/uploads\/2020\/05\/ifbb-college-etiqueta-8-222x300.jpg 222w, https:\/\/ifbb-academy.com\/wp-content\/uploads\/2020\/05\/ifbb-college-etiqueta-8.jpg 296w\" sizes=\"(max-width: 296px) 100vw, 296px\" \/><\/p>\n","protected":false},"excerpt":{"rendered":"<p>El nivel de excelencia y la maestr\u00eda en el Fisicoculturismo y el Fitness.<\/p>\n","protected":false},"featured_media":8062,"template":"","meta":[],"product_brand":[],"product_cat":[40],"product_tag":[],"class_list":{"0":"post-3151","1":"product","2":"type-product","3":"status-publish","4":"has-post-thumbnail","6":"product_cat-cursos-online","8":"first","9":"instock","10":"virtual","11":"sold-individually","12":"purchasable","13":"product-type-simple"},"publishpress_future_action":{"enabled":false,"date":"2026-05-04 14:03:21","action":"change-status","newStatus":"draft","terms":[],"taxonomy":"product_type","extraData":[]},"publishpress_future_workflow_manual_trigger":{"enabledWorkflows":[]},"_links":{"self":[{"href":"https:\/\/ifbb-academy.com\/es\/wp-json\/wp\/v2\/product\/3151","targetHints":{"allow":["GET"]}}],"collection":[{"href":"https:\/\/ifbb-academy.com\/es\/wp-json\/wp\/v2\/product"}],"about":[{"href":"https:\/\/ifbb-academy.com\/es\/wp-json\/wp\/v2\/types\/product"}],"wp:featuredmedia":[{"embeddable":true,"href":"https:\/\/ifbb-academy.com\/es\/wp-json\/wp\/v2\/media\/8062"}],"wp:attachment":[{"href":"https:\/\/ifbb-academy.com\/es\/wp-json\/wp\/v2\/media?parent=3151"}],"wp:term":[{"taxonomy":"product_brand","embeddable":true,"href":"https:\/\/ifbb-academy.com\/es\/wp-json\/wp\/v2\/product_brand?post=3151"},{"taxonomy":"product_cat","embeddable":true,"href":"https:\/\/ifbb-academy.com\/es\/wp-json\/wp\/v2\/product_cat?post=3151"},{"taxonomy":"product_tag","embeddable":true,"href":"https:\/\/ifbb-academy.com\/es\/wp-json\/wp\/v2\/product_tag?post=3151"}],"curies":[{"name":"wp","href":"https:\/\/api.w.org\/{rel}","templated":true}]}}