{"id":13220,"date":"2025-05-27T23:06:05","date_gmt":"2025-05-27T21:06:05","guid":{"rendered":"https:\/\/ifbb-academy.com\/?post_type=product&#038;p=13220"},"modified":"2025-06-16T23:31:59","modified_gmt":"2025-06-16T21:31:59","slug":"curso-online-entrenador-de-competicion-internacional-de-ifbb","status":"publish","type":"product","link":"https:\/\/ifbb-academy.com\/es\/producto\/curso-online-entrenador-de-competicion-internacional-de-ifbb\/","title":{"rendered":"Curso Online: Entrenador de Competici\u00f3n Internacional de IFBB"},"content":{"rendered":"<h3><b>ENTRENADOR DE COMPETICI\u00d3N DE LA IFBB<\/b><\/h3>\n<p>Convi\u00e9rtete en Entrenador de Competici\u00f3n certificado por la IFBB con este completo curso online en v\u00eddeo, dise\u00f1ado para proporcionar los conocimientos te\u00f3ricos y pr\u00e1cticos necesarios para preparar atletas de \u00e9lite en el mundo del fitness y el culturismo competitivo.<\/p>\n<p>Al finalizar el curso, recibir\u00e1s el Diploma Oficial de Entrenador de Competici\u00f3n de la IFBB, que te permitir\u00e1 acceder a la Comisi\u00f3n de Entrenadores de la IFBB, abriendo nuevas oportunidades dentro del entorno federativo y profesional.<\/p>\n<p><img decoding=\"async\" class=\"alignnone wp-image-13260\" src=\"https:\/\/ifbb-academy.com\/wp-content\/uploads\/2025\/05\/ifbb-international-competition-coach-diploma-600x424.jpg\" alt=\"\" width=\"634\" height=\"448\" srcset=\"https:\/\/ifbb-academy.com\/wp-content\/uploads\/2025\/05\/ifbb-international-competition-coach-diploma-200x141.jpg 200w, https:\/\/ifbb-academy.com\/wp-content\/uploads\/2025\/05\/ifbb-international-competition-coach-diploma-300x212.jpg 300w, https:\/\/ifbb-academy.com\/wp-content\/uploads\/2025\/05\/ifbb-international-competition-coach-diploma-400x283.jpg 400w, https:\/\/ifbb-academy.com\/wp-content\/uploads\/2025\/05\/ifbb-international-competition-coach-diploma-500x353.jpg 500w, https:\/\/ifbb-academy.com\/wp-content\/uploads\/2025\/05\/ifbb-international-competition-coach-diploma-600x424.jpg 600w, https:\/\/ifbb-academy.com\/wp-content\/uploads\/2025\/05\/ifbb-international-competition-coach-diploma-700x495.jpg 700w, https:\/\/ifbb-academy.com\/wp-content\/uploads\/2025\/05\/ifbb-international-competition-coach-diploma-768x543.jpg 768w, https:\/\/ifbb-academy.com\/wp-content\/uploads\/2025\/05\/ifbb-international-competition-coach-diploma-800x565.jpg 800w, https:\/\/ifbb-academy.com\/wp-content\/uploads\/2025\/05\/ifbb-international-competition-coach-diploma.jpg 900w\" sizes=\"(max-width: 634px) 100vw, 634px\" \/> <img decoding=\"async\" class=\"alignnone wp-image-13263\" src=\"https:\/\/ifbb-academy.com\/wp-content\/uploads\/2025\/05\/ifbb-international-competition-coach-carnet.jpg\" alt=\"\" width=\"287\" height=\"383\" srcset=\"https:\/\/ifbb-academy.com\/wp-content\/uploads\/2025\/05\/ifbb-international-competition-coach-carnet-150x200.jpg 150w, https:\/\/ifbb-academy.com\/wp-content\/uploads\/2025\/05\/ifbb-international-competition-coach-carnet-200x267.jpg 200w, https:\/\/ifbb-academy.com\/wp-content\/uploads\/2025\/05\/ifbb-international-competition-coach-carnet-225x300.jpg 225w, https:\/\/ifbb-academy.com\/wp-content\/uploads\/2025\/05\/ifbb-international-competition-coach-carnet.jpg 375w\" sizes=\"(max-width: 287px) 100vw, 287px\" \/><\/p>\n<p>Con esta certificaci\u00f3n y la aprobaci\u00f3n de tu federaci\u00f3n nacional, podr\u00e1s formar parte de la Comisi\u00f3n de Entrenadores y recibir el emblema de IFBB COACH, que te proporcionar\u00e1 reconocimiento mundial y te permitir\u00e1 acceder de manera gratuita a los congresos de entrenadores. Encuentra toda la informaci\u00f3n en el siguiente enlace : <a href=\"https:\/\/ifbb.com\/coaches-comission\/\" target=\"_blank\" rel=\"noopener\" data-saferedirecturl=\"https:\/\/www.google.com\/url?q=https:\/\/ifbb.com\/coaches-comission\/&amp;source=gmail&amp;ust=1749594903698000&amp;usg=AOvVaw2ALW4hDhakpUUD_CeAy1yG\">https:\/\/ifbb.com\/coaches-<wbr \/>comission\/<\/a><\/p>\n<p><img decoding=\"async\" class=\"alignnone size-full wp-image-13257\" src=\"https:\/\/ifbb-academy.com\/wp-content\/uploads\/2025\/05\/ifbb-international-competition-coach-cert2.jpg\" alt=\"\" width=\"400\" height=\"300\" srcset=\"https:\/\/ifbb-academy.com\/wp-content\/uploads\/2025\/05\/ifbb-international-competition-coach-cert2-200x150.jpg 200w, https:\/\/ifbb-academy.com\/wp-content\/uploads\/2025\/05\/ifbb-international-competition-coach-cert2-300x225.jpg 300w, https:\/\/ifbb-academy.com\/wp-content\/uploads\/2025\/05\/ifbb-international-competition-coach-cert2.jpg 400w\" sizes=\"(max-width: 400px) 100vw, 400px\" \/> <img decoding=\"async\" class=\"alignnone size-full wp-image-13254\" src=\"https:\/\/ifbb-academy.com\/wp-content\/uploads\/2025\/05\/ifbb-international-competition-coach-cert1.png\" alt=\"\" width=\"400\" height=\"300\" srcset=\"https:\/\/ifbb-academy.com\/wp-content\/uploads\/2025\/05\/ifbb-international-competition-coach-cert1-200x150.png 200w, https:\/\/ifbb-academy.com\/wp-content\/uploads\/2025\/05\/ifbb-international-competition-coach-cert1-300x225.png 300w, https:\/\/ifbb-academy.com\/wp-content\/uploads\/2025\/05\/ifbb-international-competition-coach-cert1.png 400w\" sizes=\"(max-width: 400px) 100vw, 400px\" \/><\/p>\n","protected":false},"excerpt":{"rendered":"<p>Convi\u00e9rtete en Entrenador de Competici\u00f3n certificado por la IFBB con este completo curso online en v\u00eddeo, dise\u00f1ado para proporcionar los conocimientos te\u00f3ricos y pr\u00e1cticos necesarios para preparar atletas de \u00e9lite en el mundo del fitness y el culturismo competitivo.<\/p>\n","protected":false},"featured_media":13223,"template":"","meta":[],"product_brand":[],"product_cat":[40],"product_tag":[],"class_list":{"0":"post-13220","1":"product","2":"type-product","3":"status-publish","4":"has-post-thumbnail","6":"product_cat-cursos-online","8":"first","9":"instock","10":"virtual","11":"sold-individually","12":"purchasable","13":"product-type-simple"},"publishpress_future_action":{"enabled":false,"date":"2026-05-21 00:11:46","action":"change-status","newStatus":"draft","terms":[],"taxonomy":"product_type","extraData":[]},"publishpress_future_workflow_manual_trigger":{"enabledWorkflows":[]},"_links":{"self":[{"href":"https:\/\/ifbb-academy.com\/es\/wp-json\/wp\/v2\/product\/13220","targetHints":{"allow":["GET"]}}],"collection":[{"href":"https:\/\/ifbb-academy.com\/es\/wp-json\/wp\/v2\/product"}],"about":[{"href":"https:\/\/ifbb-academy.com\/es\/wp-json\/wp\/v2\/types\/product"}],"wp:featuredmedia":[{"embeddable":true,"href":"https:\/\/ifbb-academy.com\/es\/wp-json\/wp\/v2\/media\/13223"}],"wp:attachment":[{"href":"https:\/\/ifbb-academy.com\/es\/wp-json\/wp\/v2\/media?parent=13220"}],"wp:term":[{"taxonomy":"product_brand","embeddable":true,"href":"https:\/\/ifbb-academy.com\/es\/wp-json\/wp\/v2\/product_brand?post=13220"},{"taxonomy":"product_cat","embeddable":true,"href":"https:\/\/ifbb-academy.com\/es\/wp-json\/wp\/v2\/product_cat?post=13220"},{"taxonomy":"product_tag","embeddable":true,"href":"https:\/\/ifbb-academy.com\/es\/wp-json\/wp\/v2\/product_tag?post=13220"}],"curies":[{"name":"wp","href":"https:\/\/api.w.org\/{rel}","templated":true}]}}