{"id":11831,"date":"2024-07-15T00:40:19","date_gmt":"2024-07-14T22:40:19","guid":{"rendered":"https:\/\/ifbb-academy.com\/?post_type=product&#038;p=11831"},"modified":"2024-12-26T00:00:06","modified_gmt":"2024-12-25T22:00:06","slug":"curso-online-entrenador-personal-functional-fitness","status":"publish","type":"product","link":"https:\/\/ifbb-academy.com\/es\/producto\/curso-online-entrenador-personal-functional-fitness\/","title":{"rendered":"Curso Online: Entrenador Personal &#8211; Functional Fitness\u00a0"},"content":{"rendered":"<h3>Curso Online: Entrenador Personal &#8211; Functional Fitness<\/h3>\n<p>El curso de Entrenador Personal de la Academia IFBB &#8211; Functional Fitness ofrece una formaci\u00f3n integral dise\u00f1ada para equipar a los entrenadores personales con las t\u00e9cnicas m\u00e1s eficientes para la prescripci\u00f3n de entrenamiento.<\/p>\n<p>\u00bfQu\u00e9 aprender\u00e1s?<\/p>\n<ul>\n<li>Principios del Functional Fitness: Bases y beneficios del entrenamiento funcional.<\/li>\n<li>Anatom\u00eda y Fisiolog\u00eda: Conocimiento del cuerpo humano para dise\u00f1ar programas efectivos.<\/li>\n<li>Evaluaci\u00f3n y Planificaci\u00f3n: T\u00e9cnicas para evaluar y crear planes personalizados.<\/li>\n<li>T\u00e9cnicas de Entrenamiento: Ejercicios funcionales y uso de herramientas como kettlebells y bandas de resistencia.<\/li>\n<li>Prevenci\u00f3n de Lesiones: Estrategias para mantener la seguridad de tus clientes.<\/li>\n<li>Nutrici\u00f3n Deportiva: Fundamentos de la nutrici\u00f3n para optimizar rendimiento y recuperaci\u00f3n.<\/li>\n<\/ul>\n<p>Observaciones:<\/p>\n<ul>\n<li>Carga horaria: 50 horas<\/li>\n<li>P\u00fablico objetivo: Abierto a todas las personas interesadas mayores de 18 a\u00f1os (o menores con autorizaci\u00f3n parental o de tutor)<\/li>\n<li>Idiomas: Espa\u00f1ol, Ingl\u00e9s<\/li>\n<li>Certificado: Reconocido internacionalmente<\/li>\n<\/ul>\n<p>&nbsp;<\/p>\n<p><img decoding=\"async\" class=\"wp-image-11842 size-full aligncenter\" src=\"https:\/\/ifbb-academy.com\/wp-content\/uploads\/2024\/05\/diploma-EP-functinal-fitness.png\" alt=\"\" width=\"934\" height=\"660\" srcset=\"https:\/\/ifbb-academy.com\/wp-content\/uploads\/2024\/05\/diploma-EP-functinal-fitness-200x141.png 200w, https:\/\/ifbb-academy.com\/wp-content\/uploads\/2024\/05\/diploma-EP-functinal-fitness-300x212.png 300w, https:\/\/ifbb-academy.com\/wp-content\/uploads\/2024\/05\/diploma-EP-functinal-fitness-400x283.png 400w, https:\/\/ifbb-academy.com\/wp-content\/uploads\/2024\/05\/diploma-EP-functinal-fitness-500x353.png 500w, https:\/\/ifbb-academy.com\/wp-content\/uploads\/2024\/05\/diploma-EP-functinal-fitness-600x424.png 600w, https:\/\/ifbb-academy.com\/wp-content\/uploads\/2024\/05\/diploma-EP-functinal-fitness-700x495.png 700w, https:\/\/ifbb-academy.com\/wp-content\/uploads\/2024\/05\/diploma-EP-functinal-fitness-768x543.png 768w, https:\/\/ifbb-academy.com\/wp-content\/uploads\/2024\/05\/diploma-EP-functinal-fitness-800x565.png 800w, https:\/\/ifbb-academy.com\/wp-content\/uploads\/2024\/05\/diploma-EP-functinal-fitness.png 934w\" sizes=\"(max-width: 934px) 100vw, 934px\" \/><\/p>\n<p>&nbsp;<\/p>\n<p><img decoding=\"async\" class=\"size-full wp-image-11844 aligncenter\" src=\"https:\/\/ifbb-academy.com\/wp-content\/uploads\/2024\/05\/pegatina-functional-fitness.png\" alt=\"\" width=\"296\" height=\"395\" srcset=\"https:\/\/ifbb-academy.com\/wp-content\/uploads\/2024\/05\/pegatina-functional-fitness-150x200.png 150w, https:\/\/ifbb-academy.com\/wp-content\/uploads\/2024\/05\/pegatina-functional-fitness-200x267.png 200w, https:\/\/ifbb-academy.com\/wp-content\/uploads\/2024\/05\/pegatina-functional-fitness-225x300.png 225w, https:\/\/ifbb-academy.com\/wp-content\/uploads\/2024\/05\/pegatina-functional-fitness.png 296w\" sizes=\"(max-width: 296px) 100vw, 296px\" \/><\/p>\n","protected":false},"excerpt":{"rendered":"<p>Curso Online: Entrenador Personal &#8211; Functional Fitness El curso de Entrenador Personal de la Academia IFBB &#8211; Functional Fitness ofrece una formaci\u00f3n integral dise\u00f1ada para equipar a los entrenadores personales con las t\u00e9cnicas m\u00e1s eficientes para la prescripci\u00f3n de entrenamiento. \u00bfQu\u00e9 aprender\u00e1s? Principios del Functional Fitness: Bases y beneficios del <a href=\"https:\/\/ifbb-academy.com\/es\/producto\/curso-online-entrenador-personal-functional-fitness\/\"> [&#8230;]<\/a><\/p>\n","protected":false},"featured_media":11612,"template":"","meta":[],"product_brand":[],"product_cat":[40],"product_tag":[],"class_list":{"0":"post-11831","1":"product","2":"type-product","3":"status-publish","4":"has-post-thumbnail","6":"product_cat-cursos-online","8":"first","9":"instock","10":"virtual","11":"sold-individually","12":"purchasable","13":"product-type-simple"},"publishpress_future_action":{"enabled":false,"date":"2026-04-29 12:27:21","action":"change-status","newStatus":"draft","terms":[],"taxonomy":"product_type","extraData":[]},"publishpress_future_workflow_manual_trigger":{"enabledWorkflows":[]},"_links":{"self":[{"href":"https:\/\/ifbb-academy.com\/es\/wp-json\/wp\/v2\/product\/11831","targetHints":{"allow":["GET"]}}],"collection":[{"href":"https:\/\/ifbb-academy.com\/es\/wp-json\/wp\/v2\/product"}],"about":[{"href":"https:\/\/ifbb-academy.com\/es\/wp-json\/wp\/v2\/types\/product"}],"wp:featuredmedia":[{"embeddable":true,"href":"https:\/\/ifbb-academy.com\/es\/wp-json\/wp\/v2\/media\/11612"}],"wp:attachment":[{"href":"https:\/\/ifbb-academy.com\/es\/wp-json\/wp\/v2\/media?parent=11831"}],"wp:term":[{"taxonomy":"product_brand","embeddable":true,"href":"https:\/\/ifbb-academy.com\/es\/wp-json\/wp\/v2\/product_brand?post=11831"},{"taxonomy":"product_cat","embeddable":true,"href":"https:\/\/ifbb-academy.com\/es\/wp-json\/wp\/v2\/product_cat?post=11831"},{"taxonomy":"product_tag","embeddable":true,"href":"https:\/\/ifbb-academy.com\/es\/wp-json\/wp\/v2\/product_tag?post=11831"}],"curies":[{"name":"wp","href":"https:\/\/api.w.org\/{rel}","templated":true}]}}