{"id":2612,"date":"2020-05-06T06:46:05","date_gmt":"2020-05-06T06:46:05","guid":{"rendered":"https:\/\/ifbb-academy.com\/?page_id=2612"},"modified":"2020-05-06T06:52:29","modified_gmt":"2020-05-06T06:52:29","slug":"condiciones-servicio","status":"publish","type":"page","link":"https:\/\/ifbb-academy.com\/es\/condiciones-servicio\/","title":{"rendered":"Condiciones del Servicio"},"content":{"rendered":"<div class=\"fusion-fullwidth fullwidth-box fusion-builder-row-1 nonhundred-percent-fullwidth non-hundred-percent-height-scrolling\" style=\"--awb-background-position:left top;--awb-border-radius-top-left:0px;--awb-border-radius-top-right:0px;--awb-border-radius-bottom-right:0px;--awb-border-radius-bottom-left:0px;--awb-padding-top:50px;--awb-padding-bottom:0px;--awb-background-color:#ffffff;--awb-border-sizes-top:0px;--awb-border-sizes-bottom:0px;--awb-flex-wrap:wrap;\" ><div class=\"fusion-builder-row fusion-row\"><div class=\"fusion-layout-column fusion_builder_column fusion-builder-column-0 fusion_builder_column_1_1 1_1 fusion-one-full fusion-column-first fusion-column-last\" style=\"--awb-bg-size:cover;\"><div class=\"fusion-column-wrapper fusion-flex-column-wrapper-legacy\"><div class=\"fusion-image-element fusion-image-align-center in-legacy-container\" style=\"text-align:center;--awb-caption-title-font-family:var(--h2_typography-font-family);--awb-caption-title-font-weight:var(--h2_typography-font-weight);--awb-caption-title-font-style:var(--h2_typography-font-style);--awb-caption-title-size:var(--h2_typography-font-size);--awb-caption-title-transform:var(--h2_typography-text-transform);--awb-caption-title-line-height:var(--h2_typography-line-height);--awb-caption-title-letter-spacing:var(--h2_typography-letter-spacing);\"><div class=\"imageframe-align-center\"><span class=\" fusion-imageframe imageframe-none imageframe-1 hover-type-none\"><img decoding=\"async\" width=\"96\" height=\"120\" title=\"ifbb-academy-logo-120\" src=\"https:\/\/ifbb-academy.com\/wp-content\/uploads\/2020\/04\/ifbb-academy-logo-120.png\" alt class=\"img-responsive wp-image-1969\"\/><\/span><\/div><\/div><div class=\"fusion-sep-clear\"><\/div><div class=\"fusion-separator fusion-full-width-sep\" style=\"margin-left: auto;margin-right: auto;margin-top:40px;width:100%;\"><\/div><div class=\"fusion-sep-clear\"><\/div><div class=\"fusion-text fusion-text-1\"><h2 class=\"fusion-responsive-typography-calculated\" style=\"--fontsize: 24; line-height: 1.4; text-align: center;\" data-fontsize=\"24\" data-lineheight=\"33.6px\">IFBB Academy &#8211; Condiciones del Servicio<\/h2>\n<\/div><div class=\"fusion-sep-clear\"><\/div><div class=\"fusion-separator\" style=\"margin-left: auto;margin-right: auto;margin-top:15px;margin-bottom:35px;width:100%;max-width:170px;\"><div class=\"fusion-separator-border sep-single sep-solid\" style=\"--awb-height:20px;--awb-amount:20px;--awb-sep-color:#ef9a3d;border-color:#ef9a3d;border-top-width:1px;\"><\/div><\/div><div class=\"fusion-sep-clear\"><\/div><div class=\"fusion-clearfix\"><\/div><\/div><\/div><div class=\"fusion-layout-column fusion_builder_column fusion-builder-column-1 fusion_builder_column_1_1 1_1 fusion-one-full fusion-column-first fusion-column-last\" style=\"--awb-bg-size:cover;--awb-margin-top:0px;--awb-margin-bottom:0px;\"><div class=\"fusion-column-wrapper fusion-flex-column-wrapper-legacy\"><div class=\"fusion-text fusion-text-2\"><p>Resumen simple y no legal<\/p>\n<ol>\n<li>Te suscribes a nuestros servicios por un plazo determinado.<\/li>\n<li>Puedes decidir abandonar el curso en cualquier momento; sin embargo, en ese caso, la ASOCIACI\u00d3N FEDERACI\u00d3N INTERNACIONAL DE FISICOCULTURISMO Y FITNESS con domicilio en C\/ Dubl\u00edn 39, 28232 Las Rozas (Madrid) y CIF: G585265361 (en lo sucesivo, la \u201cIFBB\u201d) no te reembolsar\u00e1 ninguna cuota.<\/li>\n<li>Si deseas cancelar tu cuenta, notif\u00edcanoslo al menos 15 d\u00edas antes de que finalice su per\u00edodo de vigencia (a trav\u00e9s de un correo electr\u00f3nico a info@ifbb-academy.com). Tras la cancelaci\u00f3n, tus datos ser\u00e1n eliminados de los servidores alojados por la IFBB.<\/li>\n<li>Puedes solicitar la suspensi\u00f3n de tu cuenta y de los pagos futuros durante un per\u00edodo m\u00e1ximo de un a\u00f1o. En tal caso, a nuestro criterio, podemos suspender tu cuenta y retener tus datos durante un per\u00edodo m\u00e1ximo de un a\u00f1o.<\/li>\n<\/ol>\n<p><strong>T\u00c9RMINOS DEL SERVICIO &#8211; <\/strong><strong>www.ifbb-academy.com<\/strong><\/p>\n<p>POR FAVOR LEE ESTOS T\u00c9RMINOS DEL SERVICIO (\u00abT\u00c9RMINOS\u00bb) YA QUE CONTIENEN INFORMACI\u00d3N IMPORTANTE SOBRE TUS DERECHOS, RECURSOS Y OBLIGACIONES LEGALES.<\/p>\n<p>La IFBB te da la bienvenida a <strong>www.ifbb-academy.com<\/strong> (el \u00abSitio\u00bb), que incluye todas las p\u00e1ginas web dentro del Sitio. Al utilizar el Sitio, aceptas estar sujeto a estos T\u00e9rminos, tanto si te registras como si no. Si no est\u00e1s de acuerdo con todos los T\u00e9rminos, no utilices el Sitio.<\/p>\n<p>La IFBB puede revisar y actualizar estos T\u00e9rminos en cualquier momento. Tu uso continuado del Sitio significar\u00e1 que aceptas los T\u00e9rminos revisados.<\/p>\n<p>Estos T\u00e9rminos se actualizaron por \u00faltima vez el 1 de marzo de 2020.<\/p>\n<ol>\n<li><strong> Registro.<\/strong> Debes registrarte como miembro para poder acceder al programa del curso. La IFBB se reserva el derecho, a su entera discreci\u00f3n, de rechazar a los solicitantes de formaci\u00f3n. El Sitio respeta tu privacidad y puedes encontrar una declaraci\u00f3n completa de la pol\u00edtica de privacidad actual del Sitio en nuestra p\u00e1gina de pol\u00edtica de privacidad. La pol\u00edtica de privacidad del Sitio est\u00e1 expresamente incorporada a estos T\u00e9rminos por referencia. Al convertirte en Miembro, con la intenci\u00f3n de formarte, manifiestas y garantizas a la IFBB que toda la informaci\u00f3n personal que has proporcionado durante el proceso de registro es verdadera y correcta. La IFBB SE RESERVA EL DERECHO A CANCELAR TU ESTADO DE MIEMBRO SI INFRINGES ESTOS T\u00c9RMINOS Y CUALQUIER OTRA POL\u00cdTICA PUBLICADA EN EL SITIO.<\/li>\n<\/ol>\n<p>El registro tendr\u00e1 una validez y estar\u00e1 vigente durante el plazo que inviertas para la realizaci\u00f3n de los Cursos en que te hayas inscrito, con un m\u00e1ximo de un (1) a\u00f1o desde la fecha del mismo. Durante ese plazo m\u00e1ximo, en las fechas que t\u00fa decidas, podr\u00e1s realizar los Cursos y los ex\u00e1menes correspondientes. Transcurrido ese plazo sin haber realizado los ex\u00e1menes, deber\u00e1s pagar la cantidad de cien (100) euros por Curso, en concepto de derechos de examen, para poder tener acceso a ellos.<\/p>\n<ol start=\"2\">\n<li><strong> Pagos.<\/strong> El Sitio acepta como medios de pago tanto la transferencia bancaria como PayPal y tarjeta de cr\u00e9dito. Nosotros facturaremos todos los cargos autom\u00e1ticamente, seg\u00fan el modo de pago elegido. Las tarifas de renovaci\u00f3n se facturar\u00e1n mensualmente si has elegido pagar tu suscripci\u00f3n mensualmente. Ninguno de los pagos es reembolsable, excepto en los casos en que no podamos o no queramos proporcionar los servicios solicitados. Podemos cambiar los cargos vigentes en ese momento o a\u00f1adir nuevos cargos o tarifas, pero avisando con anticipaci\u00f3n.<\/li>\n<li><strong> Seguridad de la cuenta.<\/strong> Eres responsable de mantener la confidencialidad del nombre de usuario y contrase\u00f1a que designes durante el proceso de registro y de todas las actividades que se sucedan bajo tu nombre de usuario y contrase\u00f1a. Deber\u00e1s notificarnos inmediatamente de cualquier uso no autorizado de tu nombre de usuario o contrase\u00f1a o cualquier otra violaci\u00f3n de la seguridad. La IFBB no ser\u00e1 responsable de ninguna p\u00e9rdida o da\u00f1o que se derive del incumplimiento de esta disposici\u00f3n. Debes tener especial precauci\u00f3n cuando accedas a tu cuenta desde un ordenador p\u00fablico o compartido para que otros no puedan ver o registrar tu contrase\u00f1a u otra informaci\u00f3n personal.<\/li>\n<li><strong> Limitaciones de uso.<\/strong> La IFBB te concede un derecho y una licencia personal limitada, no exclusiva e intransferible para acceder al Sitio. A menos que se especifique lo contrario por escrito, tu uso del Sitio es personal y no comercial. El Sitio, incluyendo, sin limitaci\u00f3n, el contenido, los metadatos, el dise\u00f1o, la organizaci\u00f3n, la compilaci\u00f3n, el aspecto, las clases de v\u00eddeo y cualquier otra propiedad intelectual protegible disponible a trav\u00e9s del Sitio (los \u00abMateriales de Propiedad\u00bb) son propiedad de la IFBB o de nuestros licenciatarios y est\u00e1n protegidos por derechos de autor y otras leyes de propiedad intelectual. La IFBB se reserva todos los derechos relativos a los Materiales de Propiedad que no se concedan expresamente en este Acuerdo. A menos que cuentes con nuestro consentimiento por escrito, no podr\u00e1s copiar, reproducir, vender, publicar, distribuir, exhibir, retransmitir o proporcionar acceso de cualquier otro modo a los Materiales de Propiedad recibidos a trav\u00e9s del Sitio, a nadie. Aceptas no reorganizar, modificar o crear trabajos derivados utilizando el Material de Propiedad. Aceptas no crear o mostrar nuestro contenido para su uso en otro sitio web o servicio. Aceptas no publicar ning\u00fan contenido del Sitio en blogs, grupos de noticias, medios sociales, listas de correo o tablones de anuncios electr\u00f3nicos, sin nuestro consentimiento por escrito.<\/li>\n<li><strong> Conducta.<\/strong> Nos reservamos el derecho de cancelar tu condici\u00f3n de Miembro si haces un mal uso del Sitio o violas estos T\u00e9rminos, incluyendo, a t\u00edtulo enunciativo, las siguientes reglas de conducta:<\/li>\n<\/ol>\n<p>No puedes:<\/p>\n<ul>\n<li>cargar, publicar, transmitir a otros Miembros ning\u00fan medio, o de otra manera poner a disposici\u00f3n cualquier contenido o material que sea ilegal, da\u00f1ino, amenazador, abusivo, acosador, tortuoso, difamatorio, vulgar, obsceno, calumnioso, invasivo de la privacidad de otros, odioso, o racial, \u00e9tnica o de otra manera objetable;<\/li>\n<\/ul>\n<ul>\n<li>hacerte pasar por otra persona f\u00edsica o jur\u00eddica, incluyendo otro Miembro, entrenador u otros empleados de la IFBB y\/o del Sitio, o declarar falsamente o tergiversar tu asociaci\u00f3n con otra persona f\u00edsica o jur\u00eddica;<\/li>\n<\/ul>\n<ul>\n<li>falsificar encabezados o manipular de alguna otra manera los identificadores con el fin de disfrazar el origen de cualquier informaci\u00f3n transmitida;<\/li>\n<\/ul>\n<ul>\n<li>cargar, publicar, enviar por correo electr\u00f3nico, transmitir a otros Miembros por cualquier medio, o de otro modo, poner a disposici\u00f3n cualquier contenido o material del que no tengas derecho a disponer bajo ninguna ley o bajo relaciones contractuales o fiduciarias;<\/li>\n<\/ul>\n<ul>\n<li>cargar, publicar, enviar por correo electr\u00f3nico, transmitir a otros Miembros por cualquier medio, o de otro modo, poner a disposici\u00f3n cualquier contenido o material que infrinja cualquier patente, marca registrada, secreto comercial, derechos de autor u otros derechos de propiedad;<\/li>\n<\/ul>\n<ul>\n<li>cargar, publicar, transmitir a otros Miembros por cualquier medio, o de otra manera hacer disponible cualquier publicidad no solicitada o no autorizada, materiales promocionales, \u00abcorreo basura\u00bb, \u00abspam\u00bb, \u00abcartas en cadena\u00bb, \u00abesquemas piramidales\u00bb o cualquier otra forma de solicitud;<\/li>\n<\/ul>\n<ul>\n<li>cargar, publicar, enviar por correo electr\u00f3nico, transmitir a otros Miembros por cualquier medio, o de otra manera poner a disposici\u00f3n cualquier material que contenga virus de software o cualquier otro c\u00f3digo inform\u00e1tico, archivos o programas dise\u00f1ados para interrumpir, destruir o limitar la funcionalidad de cualquier software o hardware inform\u00e1tico o equipo de telecomunicaciones;<\/li>\n<\/ul>\n<ul>\n<li>intentar interferir o interrumpir nuestros servidores o redes;<\/li>\n<\/ul>\n<ul>\n<li>infringir intencionada o no intencionadamente cualquier ley local, estatal, nacional o internacional aplicable o cualquier regulaci\u00f3n que tenga fuerza de ley;<\/li>\n<\/ul>\n<ul>\n<li>\u00abacechar\u00bb o acosar a otro;<\/li>\n<\/ul>\n<ul>\n<li>solicitar, recopilar o publicar datos personales o intentar solicitar, recopilar o publicar datos personales sobre otros usuarios, incluidos nombres de usuario o contrase\u00f1as; o<\/li>\n<\/ul>\n<ul>\n<li>acceder o intentar acceder a la cuenta de otro usuario sin su consentimiento.<\/li>\n<\/ul>\n<ol start=\"6\">\n<li><strong> RENUNCIA A LAS GARANT\u00cdAS<\/strong>. UTILIZAS EL SITIO BAJO TU PROPIO RIESGO. LA IFBB RENUNCIA EXPRESAMENTE A TODAS LAS MANIFESTACIONES Y GARANT\u00cdAS SOBRE LA EXACTITUD, INTEGRIDAD, PUNTUALIDAD O EFICACIA DEL CONTENIDO DEL SITIO Y NO ASUME NINGUNA RESPONSABILIDAD POR ERROR, EQUIVOCACI\u00d3N O INEXACTITUD EN DICHO CONTENIDO. ACEPTAS QUE TU ACCESO AL SITIO Y EL USO DE \u00c9STE, AS\u00cd COMO EL CONTENIDO Y LOS SERVICIOS DISPONIBLES A TRAV\u00c9S DEL SITIO, SE REALIZA \u00abTAL CUAL\u00bb, \u00abSEG\u00daN EST\u00c9 DISPONIBLE\u00bb Y LA IFBB RENUNCIA ESPEC\u00cdFICAMENTE A TODA MANIFESTACI\u00d3N O GARANT\u00cdA, EXPRESA O IMPL\u00cdCITA, INCLUYENDO, SIN LIMITACI\u00d3N, TODA MANIFESTACI\u00d3N O GARANT\u00cdA DE COMERCIABILIDAD, IDONEIDAD PARA UN PROP\u00d3SITO PARTICULAR Y NO INFRACCI\u00d3N. LA IFBB NO GARANTIZA NI HACE NINGUNA MANIFESTACI\u00d3N CON RESPECTO AL USO O LOS RESULTADOS DEL USO DEL CONTENIDO Y LOS MATERIALES DE ESTE SITIO.<\/li>\n<li><strong> Limitaci\u00f3n de la responsabilidad<\/strong>. RECONOCES Y ACEPTAS QUE LA IFBB NO SER\u00c1 RESPONSABLE DE NING\u00daN DA\u00d1O DIRECTO, INDIRECTO, INCIDENTAL, ESPECIAL, CONSECUENTE, EJEMPLAR O PUNITIVO, INCLUYENDO A T\u00cdTULO ENUNCIATIVO LOS DA\u00d1OS POR P\u00c9RDIDA DE BENEFICIOS, FONDO DE COMERCIO, USO, DATOS U OTRAS P\u00c9RDIDAS INTANGIBLES (INCLUSO SI LA IFBB HA SIDO ADVERTIDO DE LA POSIBILIDAD DE TALES DA\u00d1OS), QUE SURJAN O RESULTEN DE (A) EL USO O LA INCAPACIDAD DE USAR EL SITIO; (B) EL USO DE CUALQUIER CONTENIDO U OTRO MATERIAL DEL SITIO O DE CUALQUIER SITIO WEB VINCULADO AL SITIO, (C) EL ACCESO NO AUTORIZADO O LA ALTERACI\u00d3N DE SUS TRANSMISIONES O DATOS; (D) LAS DECLARACIONES O LA CONDUCTA DE CUALQUIER TERCERO EN EL SITIO; O (E) CUALQUIER OTRO ASUNTO RELACIONADO CON EL SITIO. EN NING\u00daN CASO LA RESPONSABILIDAD TOTAL DE LA IFBB POR LOS DA\u00d1OS Y P\u00c9RDIDAS EXCEDER\u00c1 LA CANTIDAD QUE HAYAS PAGADO A LA IFBB. SI ALGUNA PARTE DE ESTA LIMITACI\u00d3N DE RESPONSABILIDAD SE CONSIDERA INV\u00c1LIDA, LA RESPONSABILIDAD SE LIMITA AL M\u00c1XIMO PERMITIDO POR LEY.<\/li>\n<li><strong> Indemnizaci\u00f3n.<\/strong> Aceptas defender, indemnizar y eximir a la IFBB, junto con sus empleados, directivos y consejeros, de todas y cada una de las responsabilidades, penalizaciones, reclamaciones y reclamaciones presentadas por terceros (incluidos los costes, gastos y honorarios de abogados) que surjan, resulten o est\u00e9n relacionadas con: (a) tu uso del Sitio o tu incapacidad para utilizarlo; o (b) una supuesta infracci\u00f3n de alguna manifestaci\u00f3n, garant\u00eda, convenio o condici\u00f3n de estos T\u00e9rminos. Esta secci\u00f3n de indemnizaci\u00f3n se mantendr\u00e1 vigente tras la finalizaci\u00f3n o cese de tu uso del Sitio.<\/li>\n<li><strong> Sitios web de terceros<\/strong>. Podemos enlazar o promocionar sitios web o servicios de otras empresas u ofrecerte la posibilidad de descargar el software de otras empresas. Aceptas que la IFBB no es responsable de esos sitios web ni los controla. La IFBB te anima a que seas consciente de ello cuando abandones el Sitio y a que leas los avisos legales y las pol\u00edticas de privacidad de todos y cada uno de los sitios web que visites. La utilizaci\u00f3n de un sitio web de terceros estar\u00e1 sujeta a los t\u00e9rminos de uso y a la pol\u00edtica de privacidad de dichos terceros.<\/li>\n<li><strong> Ley aplicable y elecci\u00f3n del foro<\/strong>. Estos T\u00e9rminos contienen el acuerdo final y completo entre nosotros con respecto a tu uso del Sitio y reemplaza todos los acuerdos previos y contempor\u00e1neos, orales o escritos, con respecto a tu uso del Sitio. Podemos interrumpir o cambiar el Sitio o su disponibilidad en cualquier momento. Estos T\u00e9rminos son personales, lo que significa que no puedes ceder tus derechos u obligaciones bajo este Acuerdo a nadie. Aceptas que estos T\u00e9rminos, as\u00ed como todas y cada una de las reclamaciones derivadas de estos T\u00e9rminos se regir\u00e1n e interpretar\u00e1n de acuerdo con las leyes de Espa\u00f1a. La \u00fanica y exclusiva jurisdicci\u00f3n y lugar para resolver cualquier litigio que surja de estos T\u00e9rminos o que est\u00e9 relacionado de alguna manera con el Sitio ser\u00e1 un tribunal competente ubicado en Madrid, Espa\u00f1a.<\/li>\n<li><strong> Promociones y ofertas<\/strong>. Os animamos, como parte de nuestros servicios a los usuarios, a participar y disfrutar de nuestras promociones. Los siguientes t\u00e9rminos y condiciones se aplican a todas las ofertas y promociones, a menos que se indique lo contrario. Al aceptar cualquier oferta promocional, aceptas estar sujeto a los siguientes t\u00e9rminos adicionales. El Sitio se reserva el derecho de enviar promociones particulares a determinados Miembros, entrenadores y otras personas. Los descuentos en el precio no pueden utilizarse conjuntamente ni combinarse con otras ofertas de descuento. Las ofertas promocionales est\u00e1n dirigidas \u00fanicamente a su destinatario y no pueden ser transferidas. Si no eres el destinatario previsto, la oferta es nula y no tendr\u00e1 efecto. Salvo que hayas optado por no recibir informaci\u00f3n promocional, tambi\u00e9n podemos utilizar cualquier informaci\u00f3n personal que nos proporciones (incluida tu direcci\u00f3n de correo electr\u00f3nico), para proporcionarte (por correo electr\u00f3nico o de otro modo) informaci\u00f3n relativa a nuestros concursos y promociones, como se describe con m\u00e1s detalle en nuestra Pol\u00edtica de Privacidad. Podemos solicitarte m\u00e1s informaci\u00f3n si deseas participar en nuestras promociones y ofertas. La participaci\u00f3n en estas promociones es completamente voluntaria. Por lo tanto, tienes la opci\u00f3n de rechazar la participaci\u00f3n en cualquier promoci\u00f3n en que se te pida que proporciones m\u00e1s informaci\u00f3n.<\/li>\n<li><strong> M\u00e9todo y tiempo de entrega<\/strong>. Ofrecemos una plataforma en l\u00ednea que no requiere env\u00edos f\u00edsicos. Una vez completados los procedimientos de registro adecuados y el procesamiento de pago requerido, haremos todo lo posible para asegurar que tengas acceso completo e inmediato al contenido del curso dentro de la plataforma.<\/li>\n<li><strong> Limitaciones de edad<\/strong>. El uso del Sitio est\u00e1 limitado a personas de 18 a\u00f1os o m\u00e1s. El uso del Sitio afirma que tienes al menos 18 a\u00f1os de edad. Al aceptar este acuerdo, afirmas que tienes 18 a\u00f1os de edad o m\u00e1s y que tienes la capacidad legal para suscribir los t\u00e9rminos, condiciones, manifestaciones y garant\u00edas de los T\u00e9rminos de Servicio. La IFBB no se har\u00e1 responsable, en la medida que la ley lo permita, del uso del Sitio por menores de 18 a\u00f1os.<\/li>\n<li><strong> Informaci\u00f3n de contacto<\/strong>. Nuestra direcci\u00f3n postal es: Calle Dubl\u00edn, 39 &#8211; I, 28232 Las Rozas, Madrid, Espa\u00f1a. Nuestro contacto para enviarnos un correo electr\u00f3nico se encuentra info@ifbb-academy.com<\/li>\n<\/ol>\n<\/div><div class=\"fusion-clearfix\"><\/div><\/div><\/div><\/div><\/div>\n","protected":false},"excerpt":{"rendered":"","protected":false},"author":7373,"featured_media":0,"parent":0,"menu_order":0,"comment_status":"closed","ping_status":"closed","template":"","meta":{"productId":0,"courseId":0,"footnotes":""},"class_list":["post-2612","page","type-page","status-publish","hentry"],"publishpress_future_action":{"enabled":false,"date":"2026-04-28 10:49:28","action":"change-status","newStatus":"draft","terms":[],"taxonomy":"translation_priority","extraData":[]},"publishpress_future_workflow_manual_trigger":{"enabledWorkflows":[]},"_links":{"self":[{"href":"https:\/\/ifbb-academy.com\/es\/wp-json\/wp\/v2\/pages\/2612","targetHints":{"allow":["GET"]}}],"collection":[{"href":"https:\/\/ifbb-academy.com\/es\/wp-json\/wp\/v2\/pages"}],"about":[{"href":"https:\/\/ifbb-academy.com\/es\/wp-json\/wp\/v2\/types\/page"}],"author":[{"embeddable":true,"href":"https:\/\/ifbb-academy.com\/es\/wp-json\/wp\/v2\/users\/7373"}],"replies":[{"embeddable":true,"href":"https:\/\/ifbb-academy.com\/es\/wp-json\/wp\/v2\/comments?post=2612"}],"version-history":[{"count":5,"href":"https:\/\/ifbb-academy.com\/es\/wp-json\/wp\/v2\/pages\/2612\/revisions"}],"predecessor-version":[{"id":2617,"href":"https:\/\/ifbb-academy.com\/es\/wp-json\/wp\/v2\/pages\/2612\/revisions\/2617"}],"wp:attachment":[{"href":"https:\/\/ifbb-academy.com\/es\/wp-json\/wp\/v2\/media?parent=2612"}],"curies":[{"name":"wp","href":"https:\/\/api.w.org\/{rel}","templated":true}]}}