{"id":2237,"date":"2020-04-25T10:25:05","date_gmt":"2020-04-25T10:25:05","guid":{"rendered":"https:\/\/ifbb-academy.com\/?page_id=2237"},"modified":"2024-10-18T01:20:29","modified_gmt":"2024-10-17T23:20:29","slug":"ifbb","status":"publish","type":"page","link":"https:\/\/ifbb-academy.com\/es\/ifbb\/","title":{"rendered":"IFBB"},"content":{"rendered":"<p><div class=\"fusion-fullwidth fullwidth-box fusion-builder-row-1 nonhundred-percent-fullwidth non-hundred-percent-height-scrolling\" style=\"--awb-background-position:left top;--awb-border-sizes-top:0px;--awb-border-sizes-bottom:0px;--awb-border-sizes-left:0px;--awb-border-sizes-right:0px;--awb-border-radius-top-left:0px;--awb-border-radius-top-right:0px;--awb-border-radius-bottom-right:0px;--awb-border-radius-bottom-left:0px;--awb-padding-top:0px;--awb-padding-bottom:0px;--awb-margin-top:0px;--awb-margin-bottom:0px;--awb-flex-wrap:wrap;\" ><div class=\"fusion-builder-row fusion-row\"><div class=\"fusion-layout-column fusion_builder_column fusion-builder-column-0 fusion_builder_column_1_1 1_1 fusion-one-full fusion-column-first fusion-column-last\" style=\"--awb-bg-size:cover;--awb-margin-bottom:0px;\"><div class=\"fusion-column-wrapper fusion-flex-column-wrapper-legacy\"><div class=\"fusion-image-element fusion-image-align-center in-legacy-container\" style=\"text-align:center;--awb-caption-title-font-family:var(--h2_typography-font-family);--awb-caption-title-font-weight:var(--h2_typography-font-weight);--awb-caption-title-font-style:var(--h2_typography-font-style);--awb-caption-title-size:var(--h2_typography-font-size);--awb-caption-title-transform:var(--h2_typography-text-transform);--awb-caption-title-line-height:var(--h2_typography-line-height);--awb-caption-title-letter-spacing:var(--h2_typography-letter-spacing);\"><div class=\"imageframe-align-center\"><span class=\" fusion-imageframe imageframe-none imageframe-1 hover-type-none\"><a class=\"fusion-no-lightbox\" href=\"https:\/\/bit.ly\/2l3jd8A\" target=\"_blank\" aria-label=\"IFBB-Logo-2023\" rel=\"noopener noreferrer\"><img decoding=\"async\" width=\"243\" height=\"200\" src=\"https:\/\/ifbb-academy.com\/wp-content\/uploads\/2022\/12\/IFBB-Logo-2023.png\" alt class=\"img-responsive wp-image-7386\" srcset=\"https:\/\/ifbb-academy.com\/wp-content\/uploads\/2022\/12\/IFBB-Logo-2023-200x165.png 200w, https:\/\/ifbb-academy.com\/wp-content\/uploads\/2022\/12\/IFBB-Logo-2023.png 243w\" sizes=\"(max-width: 1000px) 100vw, 243px\" \/><\/a><\/span><\/div><\/div><div class=\"fusion-sep-clear\"><\/div><div class=\"fusion-separator fusion-full-width-sep\" style=\"margin-left: auto;margin-right: auto;margin-top:40px;width:100%;\"><\/div><div class=\"fusion-sep-clear\"><\/div><div class=\"fusion-text fusion-text-1\"><h2 style=\"text-align: center;\">International Fitness and Bodybuilding Federation<\/h2>\n<\/div><div class=\"fusion-sep-clear\"><\/div><div class=\"fusion-separator\" style=\"margin-left: auto;margin-right: auto;margin-top:15px;margin-bottom:35px;width:100%;max-width:170px;\"><div class=\"fusion-separator-border sep-single sep-solid\" style=\"--awb-height:20px;--awb-amount:20px;--awb-sep-color:#ef9a3d;border-color:#ef9a3d;border-top-width:1px;\"><\/div><\/div><div class=\"fusion-sep-clear\"><\/div><div class=\"fusion-text fusion-text-2\"><p>La Federaci\u00f3n Internacional de Culturismo y Fitness (IFBB), fundada en 1946 en Canad\u00e1, cuenta actualmente con 204 naciones afiliadas, siendo una de las federaciones deportivas internacionales m\u00e1s grandes y activas del mundo.<\/p>\n<p>La IFBB:<\/p>\n<ul>\n<li>Realiza competiciones para las once siguientes disciplinas: Culturismo Masculino, Culturismo Cl\u00e1sico Masculino, Fitness Masculino, Men\u2019s Physique, Women\u2019s Physique, Body-Fitness femenino, Bikini Fitness, Fitness Coreogr\u00e1fico, Culturismo en silla de ruedas masculino.<\/li>\n<li>Organiza m\u00e1s de 8.000 campeonatos locales, nacionales, regionales, continentales y mundiales cada a\u00f1o. El f\u00edsico culturismo y el Fitness son deportes muy populares que cuentan con millones de seguidores, y asimismo se practica como estilo de vida en salud en todo el mundo.<\/li>\n<li>www.ifbb.com recibe 15 millones de visitas mensuales de casi todos los pa\u00edses del mundo.<\/li>\n<li>Las redes sociales de la IFBB alcanzan un gran n\u00famero de seguidores, atletas, oficiales y entusiastas del fitness, multiplicado a su vez a trav\u00e9s de las redes sociales de sus 199 federaciones nacionales afiliadas<\/li>\n<li>A trav\u00e9s de las redes sociales, los eventos y campeonatos m\u00e1s relevantes se retransmiten en vivo, compartiendo con los millones de atletas, oficiales, delegados, aficionados y entusiastas el excelente rendimiento de nuestros atletas.<\/li>\n<li>La IFBB es signataria del C\u00f3digo de la Agencia Mundial Anti-Dopaje (WADA), y cree firmemente en los valores del deporte como medio de salud, considerando esencial la combinaci\u00f3n de ejercicio y nutrici\u00f3n como forma adecuada, a trav\u00e9s de entrenadores y monitores bien preparados para potenciar la forma f\u00edsica de los atletas y la salud de l poblaci\u00f3n en general, con tolerancia cero al dopaje.<\/li>\n<li>La Federaci\u00f3n Internacional de Culturismo y Fitness (IFBB) es la federaci\u00f3n deportiva responsable de la gesti\u00f3n del culturismo y el fitness en todo el mundo, siendo miembro de pleno derecho y \/ o reconocida por las siguientes instituciones y organizaciones deportivas:<\/li>\n<\/ul>\n<div class=\"accordian fusion-accordian\" style=\"--awb-border-size:0px;--awb-icon-size:25px;--awb-content-font-size:15px;--awb-icon-alignment:left;--awb-hover-color:#ffffff;--awb-border-color:#e7e4e2;--awb-background-color:#ffffff;--awb-divider-color:#e7e4e2;--awb-divider-hover-color:#e7e4e2;--awb-icon-color:#663366;--awb-title-color:#663366;--awb-content-color:#7e8890;--awb-icon-box-color:#333333;--awb-toggle-hover-accent-color:#663366;--awb-title-font-family:&quot;Open Sans&quot;;--awb-title-font-weight:700;--awb-title-font-style:normal;--awb-title-font-size:15px;--awb-content-font-family:&quot;Open Sans&quot;;--awb-content-font-style:normal;--awb-content-font-weight:400;\"><div class=\"panel-group fusion-toggle-icon-unboxed\" id=\"accordion-2237-1\"><div class=\"fusion-panel panel-default panel-0256ec5f01070cae3 fusion-toggle-no-divider fusion-toggle-boxed-mode\"><div class=\"panel-heading\"><h4 class=\"panel-title toggle\" id=\"toggle_0256ec5f01070cae3\"><a aria-expanded=\"false\" aria-controls=\"0256ec5f01070cae3\" role=\"button\" data-toggle=\"collapse\" data-parent=\"#accordion-2237-1\" data-target=\"#0256ec5f01070cae3\" href=\"#0256ec5f01070cae3\"><span class=\"fusion-toggle-icon-wrapper\" aria-hidden=\"true\"><i class=\"fa-fusion-box active-icon awb-icon-minus\" aria-hidden=\"true\"><\/i><i class=\"fa-fusion-box inactive-icon awb-icon-plus\" aria-hidden=\"true\"><\/i><\/span><span class=\"fusion-toggle-heading\">Organizaciones ol\u00edmpicas<\/span><\/a><\/h4><\/div><div id=\"0256ec5f01070cae3\" class=\"panel-collapse collapse \" aria-labelledby=\"toggle_0256ec5f01070cae3\"><div class=\"panel-body toggle-content fusion-clearfix\"><\/p>\n<ul>\n<li>&nbsp;Consejo Ol\u00edmpico de Asia (OCA)<\/li>\n<li>Organizaci\u00f3n Panamericana del Deporte (PANAMSPORTS)<\/li>\n<li>Organizaci\u00f3n Deportiva Centroamericana y del Caribe (ODECABE)<\/li>\n<li>Organizaci\u00f3n Deportiva Centroamericana (ORDECA)<\/li>\n<li>Organizaci\u00f3n Deportiva Sudamericana (ODESUR)<\/li>\n<li>Asociaci\u00f3n de Comit\u00e9s Ol\u00edmpicos Nacionales de \u00c1frica (ANOCA)<\/li>\n<li>Comit\u00e9s Ol\u00edmpicos Nacionales de Ocean\u00eda (ONOC)<\/li>\n<\/ul>\n<p>De hecho, el culturismo y la forma f\u00edsica han participado recientemente como deporte medallista en los Juegos Panamericanos de 2019 (el segundo evento ol\u00edmpico m\u00e1s grande despu\u00e9s de los Juegos Ol\u00edmpicos de verano) celebrados en Lima, Per\u00fa.<\/p>\n<p>Adem\u00e1s, en diciembre de 2019, nuestro deporte ha sido admitido por ODEABE como deporte medallista en los pr\u00f3ximos Juegos Centroamericanos y del Caribe 2022 que se celebrar\u00e1n en la Ciudad de Panam\u00e1, Panam\u00e1.<\/p>\n<p><\/div><\/div><\/div><div class=\"fusion-panel panel-default panel-9a236dfe5a2d016c7 fusion-toggle-no-divider fusion-toggle-boxed-mode\"><div class=\"panel-heading\"><h4 class=\"panel-title toggle\" id=\"toggle_9a236dfe5a2d016c7\"><a aria-expanded=\"false\" aria-controls=\"9a236dfe5a2d016c7\" role=\"button\" data-toggle=\"collapse\" data-parent=\"#accordion-2237-1\" data-target=\"#9a236dfe5a2d016c7\" href=\"#9a236dfe5a2d016c7\"><span class=\"fusion-toggle-icon-wrapper\" aria-hidden=\"true\"><i class=\"fa-fusion-box active-icon awb-icon-minus\" aria-hidden=\"true\"><\/i><i class=\"fa-fusion-box inactive-icon awb-icon-plus\" aria-hidden=\"true\"><\/i><\/span><span class=\"fusion-toggle-heading\">Organizaciones Internacionales Deportivas<\/span><\/a><\/h4><\/div><div id=\"9a236dfe5a2d016c7\" class=\"panel-collapse collapse \" aria-labelledby=\"toggle_9a236dfe5a2d016c7\"><div class=\"panel-body toggle-content fusion-clearfix\"><\/p>\n<ul>\n<li>&nbsp;Asociaci\u00f3n Global de Federaciones Deportivas Internacionales (GAISF)<\/li>\n<li>Asociaci\u00f3n de Confederaciones Deportivas Panamericanas (ACODEPA)<\/li>\n<li>Asociaci\u00f3n de Confederaciones Deportivas Africanas (AASC)<\/li>\n<li>International University Sports Federation (FISU)<\/li>\n<li>Alianza de miembros independientes reconocidos del deporte (AIMS)<\/li>\n<li>Asociaci\u00f3n Internacional de Juegos Mundiales (IWGA)<\/li>\n<\/ul>\n<p><\/div><\/div><\/div><div class=\"fusion-panel panel-default panel-b7c288a8149a1cc96 fusion-toggle-no-divider fusion-toggle-boxed-mode\"><div class=\"panel-heading\"><h4 class=\"panel-title toggle\" id=\"toggle_b7c288a8149a1cc96\"><a aria-expanded=\"false\" aria-controls=\"b7c288a8149a1cc96\" role=\"button\" data-toggle=\"collapse\" data-parent=\"#accordion-2237-1\" data-target=\"#b7c288a8149a1cc96\" href=\"#b7c288a8149a1cc96\"><span class=\"fusion-toggle-icon-wrapper\" aria-hidden=\"true\"><i class=\"fa-fusion-box active-icon awb-icon-minus\" aria-hidden=\"true\"><\/i><i class=\"fa-fusion-box inactive-icon awb-icon-plus\" aria-hidden=\"true\"><\/i><\/span><span class=\"fusion-toggle-heading\">Afiliaci\u00f3n a asociaciones internacionales de Educaci\u00f3n y formaci\u00f3n deportiva<\/span><\/a><\/h4><\/div><div id=\"b7c288a8149a1cc96\" class=\"panel-collapse collapse \" aria-labelledby=\"toggle_b7c288a8149a1cc96\"><div class=\"panel-body toggle-content fusion-clearfix\"><\/p>\n<ul>\n<li>Foro deportivo de la Uni\u00f3n Europea<\/li>\n<li>Colegio Europeo de Ciencias del Deporte (ECSS)<\/li>\n<li>Asociaci\u00f3n Internacional de Prensa Deportiva (AIPS)<\/li>\n<li>Consejo Internacional para la Excelencia del Coaching (ICCE)<\/li>\n<li>Consejo Internacional de Ciencias del Deporte y Educaci\u00f3n F\u00edsica (ICSSPE)<\/li>\n<li>Comit\u00e9 Internacional Pierre de Coubertin (CIPC)<\/li>\n<li>Paz y deporte<\/li>\n<\/ul>\n<p><\/div><\/div><\/div><\/div><\/div>\n<\/div><div class=\"fusion-clearfix\"><\/div><\/div><\/div><\/div><\/div><div class=\"fusion-fullwidth fullwidth-box fusion-builder-row-2 hundred-percent-fullwidth non-hundred-percent-height-scrolling\" style=\"--awb-border-radius-top-left:0px;--awb-border-radius-top-right:0px;--awb-border-radius-bottom-right:0px;--awb-border-radius-bottom-left:0px;--awb-background-color:#faf9f8;--awb-flex-wrap:wrap;\" ><div class=\"fusion-builder-row fusion-row\"><div class=\"fusion-layout-column fusion_builder_column fusion-builder-column-1 fusion_builder_column_1_1 1_1 fusion-one-full fusion-column-first fusion-column-last fusion-column-no-min-height\" style=\"--awb-bg-blend:overlay;--awb-bg-size:cover;--awb-margin-top:0px;--awb-margin-bottom:30px;\"><div class=\"fusion-column-wrapper fusion-flex-column-wrapper-legacy\"><div class=\"fusion-section-separator section-separator bigtriangle fusion-section-separator-1\" style=\"--awb-spacer-height:99px;--awb-svg-margin-left:0;--awb-svg-margin-right:0;--awb-divider-height:99px;--awb-spacer-padding-top:inherit;--awb-sep-padding:0;--awb-svg-padding:0;\"><div class=\"fusion-section-separator-svg\"><svg class=\"fusion-big-triangle-candy\" xmlns=\"http:\/\/www.w3.org\/2000\/svg\" version=\"1.1\" width=\"100%\" height=\"100\" viewBox=\"0 0 100 100\" preserveAspectRatio=\"none\" fill=\"rgba(255,255,255,1)\"><path d=\"M-1 -1 L50 99 L101 -1 Z\"><\/path><\/svg><\/div><div class=\"fusion-section-separator-spacer\"><div class=\"fusion-section-separator-spacer-height\"><\/div><\/div><\/div><div class=\"fusion-clearfix\"><\/div><\/div><\/div><\/div><\/div><div class=\"fusion-fullwidth fullwidth-box fusion-builder-row-3 nonhundred-percent-fullwidth non-hundred-percent-height-scrolling\" style=\"--awb-background-position:left top;--awb-border-sizes-top:0px;--awb-border-sizes-bottom:0px;--awb-border-sizes-left:0px;--awb-border-sizes-right:0px;--awb-border-radius-top-left:0px;--awb-border-radius-top-right:0px;--awb-border-radius-bottom-right:0px;--awb-border-radius-bottom-left:0px;--awb-padding-top:37px;--awb-padding-bottom:50px;--awb-background-color:#faf9f8;--awb-flex-wrap:wrap;\" ><div class=\"fusion-builder-row fusion-row\"><div class=\"fusion-layout-column fusion_builder_column fusion-builder-column-2 fusion_builder_column_1_1 1_1 fusion-one-full fusion-column-first fusion-column-last\" style=\"--awb-bg-size:cover;\"><div class=\"fusion-column-wrapper fusion-column-has-shadow fusion-flex-column-wrapper-legacy\"><div class=\"fusion-video fusion-selfhosted-video\" style=\"max-width:100%;\"><div class=\"video-wrapper\"><video playsinline=\"true\" width=\"100%\" style=\"object-fit: cover;\" autoplay=\"true\" muted=\"true\" loop=\"true\" preload=\"auto\" controls=\"1\"><source src=\"https:\/\/ifbb-academy.com\/uploads\/IFBB%20-%20Institutional%20Video.mp4\" type=\"video\/mp4\">Sorry, your browser doesn&#039;t support embedded videos.<\/video><\/div><\/div><div class=\"fusion-modal modal fade modal-1 contact\" tabindex=\"-1\" role=\"dialog\" aria-labelledby=\"modal-heading-1\" aria-hidden=\"true\" style=\"--awb-border-color:#e7e4e2;--awb-background:#faf9f8;\"><div class=\"modal-dialog modal-lg\" role=\"document\"><div class=\"modal-content fusion-modal-content\"><div class=\"modal-header\"><button class=\"close\" type=\"button\" data-dismiss=\"modal\" aria-hidden=\"true\" aria-label=\"Close\">&times;<\/button><h3 class=\"modal-title\" id=\"modal-heading-1\" data-dismiss=\"modal\" aria-hidden=\"true\">CONTACT WITH US!<\/h3><\/div><div class=\"modal-body fusion-clearfix\"><div class=\"fusion-builder-row fusion-builder-row-inner fusion-row\"><div class=\"fusion-layout-column fusion_builder_column_inner fusion-builder-nested-column-0 fusion_builder_column_inner_2_5 2_5 fusion-two-fifth fusion-column-first\" style=\"--awb-bg-size:cover;width:40%;width:calc(40% - ( ( 4% ) * 0.4 ) );margin-right: 4%;\"><div class=\"fusion-column-wrapper fusion-column-has-shadow fusion-flex-column-wrapper-legacy\"><div class=\"fusion-image-element fusion-image-align-center in-legacy-container\" style=\"text-align:center;--awb-caption-title-font-family:var(--h2_typography-font-family);--awb-caption-title-font-weight:var(--h2_typography-font-weight);--awb-caption-title-font-style:var(--h2_typography-font-style);--awb-caption-title-size:var(--h2_typography-font-size);--awb-caption-title-transform:var(--h2_typography-text-transform);--awb-caption-title-line-height:var(--h2_typography-line-height);--awb-caption-title-letter-spacing:var(--h2_typography-letter-spacing);\"><div class=\"imageframe-align-center\"><span class=\" fusion-imageframe imageframe-none imageframe-2 hover-type-none\"><img decoding=\"async\" width=\"400\" height=\"600\" title=\"ifbb-contact\" src=\"https:\/\/ifbb-academy.com\/wp-content\/uploads\/2020\/04\/ifbb-contact.jpg\" alt class=\"img-responsive wp-image-2108\"\/><\/span><\/div><\/div><div class=\"fusion-clearfix\"><\/div><\/div><\/div><div class=\"fusion-layout-column fusion_builder_column_inner fusion-builder-nested-column-1 fusion_builder_column_inner_3_5 3_5 fusion-three-fifth fusion-column-last\" style=\"--awb-bg-size:cover;width:60%;width:calc(60% - ( ( 4% ) * 0.6 ) );\"><div class=\"fusion-column-wrapper fusion-column-has-shadow fusion-flex-column-wrapper-legacy\"><div class=\"fusion-text fusion-text-3\"><p>[contact-form-7 id=\u00bb63&#8243; \/]<\/p>\n<\/div><div class=\"fusion-clearfix\"><\/div><\/div><\/div><\/div><\/div><\/div><\/div><\/div><div class=\"fusion-clearfix\"><\/div><\/div><\/div><\/div><\/div><\/p>\n","protected":false},"excerpt":{"rendered":"","protected":false},"author":7373,"featured_media":0,"parent":0,"menu_order":0,"comment_status":"closed","ping_status":"closed","template":"100-width.php","meta":{"productId":0,"courseId":0,"footnotes":""},"class_list":["post-2237","page","type-page","status-publish","hentry"],"publishpress_future_action":{"enabled":false,"date":"2026-04-27 14:53:53","action":"change-status","newStatus":"draft","terms":[],"taxonomy":"translation_priority","extraData":[]},"publishpress_future_workflow_manual_trigger":{"enabledWorkflows":[]},"_links":{"self":[{"href":"https:\/\/ifbb-academy.com\/es\/wp-json\/wp\/v2\/pages\/2237","targetHints":{"allow":["GET"]}}],"collection":[{"href":"https:\/\/ifbb-academy.com\/es\/wp-json\/wp\/v2\/pages"}],"about":[{"href":"https:\/\/ifbb-academy.com\/es\/wp-json\/wp\/v2\/types\/page"}],"author":[{"embeddable":true,"href":"https:\/\/ifbb-academy.com\/es\/wp-json\/wp\/v2\/users\/7373"}],"replies":[{"embeddable":true,"href":"https:\/\/ifbb-academy.com\/es\/wp-json\/wp\/v2\/comments?post=2237"}],"version-history":[{"count":15,"href":"https:\/\/ifbb-academy.com\/es\/wp-json\/wp\/v2\/pages\/2237\/revisions"}],"predecessor-version":[{"id":12171,"href":"https:\/\/ifbb-academy.com\/es\/wp-json\/wp\/v2\/pages\/2237\/revisions\/12171"}],"wp:attachment":[{"href":"https:\/\/ifbb-academy.com\/es\/wp-json\/wp\/v2\/media?parent=2237"}],"curies":[{"name":"wp","href":"https:\/\/api.w.org\/{rel}","templated":true}]}}