{"id":12221,"date":"2024-10-28T20:55:37","date_gmt":"2024-10-28T18:55:37","guid":{"rendered":"https:\/\/ifbb-academy.com\/?page_id=12221"},"modified":"2024-10-28T21:01:34","modified_gmt":"2024-10-28T19:01:34","slug":"faq","status":"publish","type":"page","link":"https:\/\/ifbb-academy.com\/es\/faq\/","title":{"rendered":"FAQ"},"content":{"rendered":"<div class=\"fusion-fullwidth fullwidth-box fusion-builder-row-1 fusion-flex-container has-pattern-background has-mask-background nonhundred-percent-fullwidth non-hundred-percent-height-scrolling\" style=\"--awb-border-radius-top-left:0px;--awb-border-radius-top-right:0px;--awb-border-radius-bottom-right:0px;--awb-border-radius-bottom-left:0px;--awb-flex-wrap:wrap;\" ><div class=\"fusion-builder-row fusion-row fusion-flex-align-items-flex-start fusion-flex-content-wrap\" style=\"max-width:1331.2px;margin-left: calc(-4% \/ 2 );margin-right: calc(-4% \/ 2 );\"><div class=\"fusion-layout-column fusion_builder_column fusion-builder-column-0 fusion_builder_column_1_1 1_1 fusion-flex-column\" style=\"--awb-bg-size:cover;--awb-width-large:100%;--awb-margin-top-large:10px;--awb-spacing-right-large:1.92%;--awb-margin-bottom-large:10px;--awb-spacing-left-large:1.92%;--awb-width-medium:100%;--awb-order-medium:0;--awb-spacing-right-medium:1.92%;--awb-spacing-left-medium:1.92%;--awb-width-small:100%;--awb-order-small:0;--awb-spacing-right-small:1.92%;--awb-spacing-left-small:1.92%;\"><div class=\"fusion-column-wrapper fusion-column-has-shadow fusion-flex-justify-content-flex-start fusion-content-layout-column\"><ul style=\"--awb-line-height:23.8px;--awb-icon-width:23.8px;--awb-icon-height:23.8px;--awb-icon-margin:9.8px;--awb-content-margin:33.6px;\" class=\"fusion-checklist fusion-checklist-1 fusion-checklist-default type-icons\"><li class=\"fusion-li-item\" style=\"\"><span class=\"icon-wrapper circle-no\"><i class=\"fusion-li-icon awb-icon-check\" aria-hidden=\"true\"><\/i><\/span><div class=\"fusion-li-item-content\">\n<p><strong>Qu\u00e9 tipos de cursos ofrece la IFBB?<\/strong><br \/>La academia ofrece una variedad de cursos, incluyendo certificaciones para Entrenadores Personales de Fitness y Bodybuilding, Nutrici\u00f3n y Fitness Challenge, y Entrenadores de Fitness Centers y Gyms. Adem\u00e1s, cuenta con m\u00e1ster en Fitness y Bodybuilding &amp; Cross Training; cursos especializados como Entrenador Internacional de Competici\u00f3n, Kinesiolog\u00eda y Entrenador de Fitness Funcional; y postgrados en Sistemas Avanzados de Resistencia, Especialista en Entrenamiento Explosivo y Pliom\u00e9trico, y M\u00e9todos de Entrenamiento HIIT,<br \/>Circuito, Funcional, Cross y entrenamiento H\u00edbrido.<\/p>\n<\/div><\/li><li class=\"fusion-li-item\" style=\"\"><span class=\"icon-wrapper circle-no\"><i class=\"fusion-li-icon awb-icon-check\" aria-hidden=\"true\"><\/i><\/span><div class=\"fusion-li-item-content\"><strong>\u00bfLos cursos se ofrecen online o presenciales?<\/strong><br \/>\nLa Academia IFBB proporciona cursos tanto online como presenciales teniendo academias en m\u00e1s de 50 pa\u00edses (https:\/\/ifbb-academy.com\/es\/formacion-presencial) permitiendo a los estudiantes elegir el m\u00e9todo de aprendizaje que mejor se adapte a sus necesidades. Muchos programas est\u00e1n disponibles completamente online, ofreciendo flexibilidad para el aprendizaje remoto, as\u00ed como se realizan varias veces al a\u00f1o cursos por zoom en vivo con un profesor oficial de la IFBB Academy.<\/div><\/li><li class=\"fusion-li-item\" style=\"\"><span class=\"icon-wrapper circle-no\"><i class=\"fusion-li-icon awb-icon-check\" aria-hidden=\"true\"><\/i><\/span><div class=\"fusion-li-item-content\"><strong>Que requisitos necesito para inscribirme en un curso?<\/strong><br \/>\nMientras que algunos cursos est\u00e1n abiertos para cualquier estudiante Otros pueden requerir haber completado con anterioridad algunos de los cursos disponibles de la IFBB, como el curso de Kinesiolog\u00eda en Entrenamiento de Pesas, que est\u00e1 disponible solo para aquellos que ya haya obtenido el certificado de Entrenadores Personales<\/div><\/li><li class=\"fusion-li-item\" style=\"\"><span class=\"icon-wrapper circle-no\"><i class=\"fusion-li-icon awb-icon-check\" aria-hidden=\"true\"><\/i><\/span><div class=\"fusion-li-item-content\">\n<p><strong>\u00bfCu\u00e1nto tiempo se tarda en completar un curso?<\/strong><br \/>La duraci\u00f3n del curso var\u00eda seg\u00fan el programa. Algunas certificaciones pueden completarse en unas pocas semanas, mientras que los programas m\u00e1s avanzados, como el Master en Culturismo y Fitness o el Master en Fitness Coach y Cross Training pueden precisar de m\u00e1s tiempo.<\/p>\n<\/div><\/li><li class=\"fusion-li-item\" style=\"\"><span class=\"icon-wrapper circle-no\"><i class=\"fusion-li-icon awb-icon-check\" aria-hidden=\"true\"><\/i><\/span><div class=\"fusion-li-item-content\"><strong>\u00bfQu\u00e9 tengo que hacer para recibir mi certificaci\u00f3n una vez completado el curso?<\/strong><br \/>\nUna vez completado cualquiera de los cursos ofrecidos por la IFBB se le enviar\u00e1 autom\u00e1ticamente la certificaci\u00f3n del curso completado al domicilio que haya puesto a la hora de hacer la inscripci\u00f3n para dicho curso. Junto al diploma recibir\u00e1 tambi\u00e9n su certificaci\u00f3n adhesiva que podr\u00e1 usar en caso de adquirir el pasaporte del Colegio oficial de entrenadores y nutricionistas ( https:\/\/ifbb-academy.com\/es\/producto\/licencia-ifbb-college\/)<\/div><\/li><li class=\"fusion-li-item\" style=\"\"><span class=\"icon-wrapper circle-no\"><i class=\"fusion-li-icon awb-icon-check\" aria-hidden=\"true\"><\/i><\/span><div class=\"fusion-li-item-content\">\n<p><strong>\u00bfCu\u00e1les son los costos asociados con los cursos?<\/strong><br \/>El costo de los cursos var\u00eda desde aproximadamente \u20ac180 para certificaciones b\u00e1sicas hasta \u20ac850 para grados avanzados. Pueden estar disponibles descuentos por la inscripci\u00f3n en m\u00faltiples cursos.<\/p>\n<\/div><\/li><li class=\"fusion-li-item\" style=\"\"><span class=\"icon-wrapper circle-no\"><i class=\"fusion-li-icon awb-icon-check\" aria-hidden=\"true\"><\/i><\/span><div class=\"fusion-li-item-content\">\n<p><strong>\u00bfQu\u00e9 tipo de apoyo est\u00e1 disponible para los estudiantes durante el curso?<\/strong><br \/>Los estudiantes tienen acceso a recursos online, gu\u00edas de estudio y apoyo de los instructores para ayudarles a lo largo de su proceso de aprendizaje. As\u00ed como un sistema de reserva de tutor\u00edas que pueden seleccionar a trav\u00e9s de su Moodle.<\/p>\n<\/div><\/li><li class=\"fusion-li-item\" style=\"\"><span class=\"icon-wrapper circle-no\"><i class=\"fusion-li-icon awb-icon-check\" aria-hidden=\"true\"><\/i><\/span><div class=\"fusion-li-item-content\">\n<p><strong>\u00bfQu\u00e9 oportunidades de trabajo est\u00e1n disponibles despu\u00e9s de completar un curso de la Academia IFBB?<\/strong><br \/>Los graduados pueden trabajar como entrenadores personales, coaches de fitness, especialistas en culturismo o expertos en nutrici\u00f3n. Tambi\u00e9n tienen la oportunidad de unirse al Colegio Internacional de Entrenadores de la IFBB y de acceder a formar parte de la Comisi\u00f3n de entrenadores si realizan el curso de Entrenador Internacional de Competici\u00f3n.<\/p>\n<\/div><\/li><li class=\"fusion-li-item\" style=\"\"><span class=\"icon-wrapper circle-no\"><i class=\"fusion-li-icon awb-icon-check\" aria-hidden=\"true\"><\/i><\/span><div class=\"fusion-li-item-content\">\n<p><strong>\u00bfC\u00f3mo me inscribo en un curso en la Academia IFBB?<\/strong><br \/>La inscripci\u00f3n se realiza directamente a trav\u00e9s del sitio web de la Academia<br \/>IFBB, donde puedes explorar los cursos disponibles, seleccionar tu programa y completar el proceso de registro online. En el caso de los cursos presenciales, podr\u00e1n contactar directamente con las academias f\u00edsicas: https:\/\/ifbb-academy.com\/es\/formacion-presendial\/on<\/p>\n<\/div><\/li><\/ul><\/div><\/div><\/div><\/div>\n","protected":false},"excerpt":{"rendered":"","protected":false},"author":7373,"featured_media":0,"parent":0,"menu_order":0,"comment_status":"closed","ping_status":"closed","template":"","meta":{"productId":0,"courseId":0,"footnotes":""},"class_list":["post-12221","page","type-page","status-publish","hentry"],"publishpress_future_action":{"enabled":false,"date":"2026-05-01 18:56:23","action":"change-status","newStatus":"draft","terms":[],"taxonomy":"translation_priority","extraData":[]},"publishpress_future_workflow_manual_trigger":{"enabledWorkflows":[]},"_links":{"self":[{"href":"https:\/\/ifbb-academy.com\/es\/wp-json\/wp\/v2\/pages\/12221","targetHints":{"allow":["GET"]}}],"collection":[{"href":"https:\/\/ifbb-academy.com\/es\/wp-json\/wp\/v2\/pages"}],"about":[{"href":"https:\/\/ifbb-academy.com\/es\/wp-json\/wp\/v2\/types\/page"}],"author":[{"embeddable":true,"href":"https:\/\/ifbb-academy.com\/es\/wp-json\/wp\/v2\/users\/7373"}],"replies":[{"embeddable":true,"href":"https:\/\/ifbb-academy.com\/es\/wp-json\/wp\/v2\/comments?post=12221"}],"version-history":[{"count":2,"href":"https:\/\/ifbb-academy.com\/es\/wp-json\/wp\/v2\/pages\/12221\/revisions"}],"predecessor-version":[{"id":12223,"href":"https:\/\/ifbb-academy.com\/es\/wp-json\/wp\/v2\/pages\/12221\/revisions\/12223"}],"wp:attachment":[{"href":"https:\/\/ifbb-academy.com\/es\/wp-json\/wp\/v2\/media?parent=12221"}],"curies":[{"name":"wp","href":"https:\/\/api.w.org\/{rel}","templated":true}]}}