{"id":10221,"date":"2023-11-30T00:36:54","date_gmt":"2023-11-29T22:36:54","guid":{"rendered":"https:\/\/ifbb-academy.com\/?page_id=10221"},"modified":"2024-08-16T01:22:57","modified_gmt":"2024-08-15T23:22:57","slug":"preguntas-frecuentes","status":"publish","type":"page","link":"https:\/\/ifbb-academy.com\/es\/preguntas-frecuentes\/","title":{"rendered":"Preguntas Frecuentes"},"content":{"rendered":"<div class=\"fusion-fullwidth fullwidth-box fusion-builder-row-1 fusion-flex-container has-pattern-background has-mask-background nonhundred-percent-fullwidth non-hundred-percent-height-scrolling\" style=\"--awb-border-radius-top-left:0px;--awb-border-radius-top-right:0px;--awb-border-radius-bottom-right:0px;--awb-border-radius-bottom-left:0px;--awb-margin-top:40px;--awb-flex-wrap:wrap;\" ><div class=\"fusion-builder-row fusion-row fusion-flex-align-items-flex-start fusion-flex-content-wrap\" style=\"max-width:1331.2px;margin-left: calc(-4% \/ 2 );margin-right: calc(-4% \/ 2 );\"><div class=\"fusion-layout-column fusion_builder_column fusion-builder-column-0 fusion_builder_column_1_1 1_1 fusion-flex-column\" style=\"--awb-bg-size:cover;--awb-width-large:100%;--awb-margin-top-large:10px;--awb-spacing-right-large:1.92%;--awb-margin-bottom-large:10px;--awb-spacing-left-large:1.92%;--awb-width-medium:100%;--awb-order-medium:0;--awb-spacing-right-medium:1.92%;--awb-spacing-left-medium:1.92%;--awb-width-small:100%;--awb-order-small:0;--awb-spacing-right-small:1.92%;--awb-spacing-left-small:1.92%;\"><div class=\"fusion-column-wrapper fusion-column-has-shadow fusion-flex-justify-content-flex-start fusion-content-layout-column\"><div class=\"fusion-image-element \" style=\"text-align:center;--awb-caption-title-font-family:var(--h2_typography-font-family);--awb-caption-title-font-weight:var(--h2_typography-font-weight);--awb-caption-title-font-style:var(--h2_typography-font-style);--awb-caption-title-size:var(--h2_typography-font-size);--awb-caption-title-transform:var(--h2_typography-text-transform);--awb-caption-title-line-height:var(--h2_typography-line-height);--awb-caption-title-letter-spacing:var(--h2_typography-letter-spacing);\"><span class=\" fusion-imageframe imageframe-none imageframe-1 hover-type-none\"><img decoding=\"async\" width=\"400\" height=\"209\" title=\"CollegeFinal-web\" src=\"https:\/\/ifbb-academy.com\/wp-content\/uploads\/2023\/08\/CollegeFinal-web-400x209.png\" alt class=\"img-responsive wp-image-9451\" srcset=\"https:\/\/ifbb-academy.com\/wp-content\/uploads\/2023\/08\/CollegeFinal-web-200x104.png 200w, https:\/\/ifbb-academy.com\/wp-content\/uploads\/2023\/08\/CollegeFinal-web-400x209.png 400w, https:\/\/ifbb-academy.com\/wp-content\/uploads\/2023\/08\/CollegeFinal-web.png 450w\" sizes=\"(max-width: 1024px) 100vw, (max-width: 640px) 100vw, 400px\" \/><\/span><\/div><div class=\"fusion-separator fusion-full-width-sep\" style=\"align-self: center;margin-left: auto;margin-right: auto;margin-top:30px;margin-bottom:30px;width:100%;\"><\/div><div class=\"fusion-title title fusion-title-1 fusion-title-center fusion-title-text fusion-title-size-two\" style=\"--awb-margin-top-small:0px;--awb-margin-right-small:0px;--awb-margin-bottom-small:20px;--awb-margin-left-small:0px;\"><div class=\"title-sep-container title-sep-container-left\"><div class=\"title-sep sep-single sep-solid\" style=\"border-color:#e7e4e2;\"><\/div><\/div><span class=\"awb-title-spacer\"><\/span><h2 class=\"fusion-title-heading title-heading-center fusion-responsive-typography-calculated\" style=\"margin:0;--fontSize:34;line-height:1.47;\">PREGUNTAS FRECUENTES<\/h2><span class=\"awb-title-spacer\"><\/span><div class=\"title-sep-container title-sep-container-right\"><div class=\"title-sep sep-single sep-solid\" style=\"border-color:#e7e4e2;\"><\/div><\/div><\/div><ul style=\"--awb-line-height:23.8px;--awb-icon-width:23.8px;--awb-icon-height:23.8px;--awb-icon-margin:9.8px;--awb-content-margin:33.6px;\" class=\"fusion-checklist fusion-checklist-1 fusion-checklist-default type-icons\"><li class=\"fusion-li-item\" style=\"\"><span class=\"icon-wrapper circle-no\"><i class=\"fusion-li-icon awb-icon-check\" aria-hidden=\"true\"><\/i><\/span><div class=\"fusion-li-item-content\"><strong>\u00bfC\u00faal es la diferencia con la academia?<br \/>\n<\/strong>IFBB College es una instituci\u00f3n oficial para entrenadores y especialistas certificados por la academia de la IFBB, lo qu\u00e9 impulsa tu carrera hacia un rango m\u00e1s alto permitiendo tu acceso a m\u00faltiples ventajas.<\/div><\/li><li class=\"fusion-li-item\" style=\"\"><span class=\"icon-wrapper circle-no\"><i class=\"fusion-li-icon awb-icon-check\" aria-hidden=\"true\"><\/i><\/span><div class=\"fusion-li-item-content\">\n<p><strong>\u00bfQu\u00e9 beneficios obtengo al formar parte de IFBB College?<\/strong><\/p>\n<ul>\n<li><strong>Consigue tu libro oficial de tus certificaciones acad\u00e9micas: <\/strong>\n<ul>\n<li>Todas tus certificaciones se recogen en un reconocido libro oficial , firmado y sellado por el IFBB College.<\/li>\n<li>Acredita toda tu trayectoria educativa y acad\u00e9mica.<\/li>\n<li>Resume tu carrera en un documento personalizado.<\/li>\n<li>Recopila todos tus records, cualquier certificaci\u00f3n, seminario o curso del que hayas formado parte.<\/li>\n<li>Impulsa tu imagen como profesional present\u00e1ndote directamente a tus clientes o empresa.<\/li>\n<\/ul>\n<\/li>\n<\/ul>\n<ul>\n<li><strong>Tu anuncio en nuestra web y redes sociales.<br \/><\/strong>Env\u00edanos tus fotos y te convertir\u00e1s en imagen del IFBB College y la academia de la IFBBpudiendo publicar tus servicios de entrenador personal y promcionarte a trav\u00e9s de la IFBBen los medios de comunicaci\u00f3n y newsletter.<\/li>\n<li><strong>Escribe un art\u00edculo en nuestra revista oficial IFBB.<br \/><\/strong>Estate al d\u00eda de las \u00faltimas tendencias de la industria, ayuda experta y sucesos inspiradores con una suscripci\u00f3n gratuita a la secci\u00f3n online de la revista fitness style.<\/li>\n<\/ul>\n<\/div><\/li><li class=\"fusion-li-item\" style=\"\"><span class=\"icon-wrapper circle-no\"><i class=\"fusion-li-icon awb-icon-check\" aria-hidden=\"true\"><\/i><\/span><div class=\"fusion-li-item-content\">\n<p><strong>\u00bfC\u00f3mo funciona el libro del IFBB College?<br \/><\/strong>Con cada certificado de la academia de la IFBB, los estudiantes reciben certificaciones para incluir en el libro, y as\u00ed tener un f\u00e1cil acceso a su carrera profesional.<\/p>\n<\/div><\/li><li class=\"fusion-li-item\" style=\"\"><span class=\"icon-wrapper circle-no\"><i class=\"fusion-li-icon awb-icon-check\" aria-hidden=\"true\"><\/i><\/span><div class=\"fusion-li-item-content\"><strong>\u00bfC\u00f3mo recibo el libro?<br \/>\n<\/strong>Lo recibir\u00e1s directamente en tu direcci\u00f3n postal qu\u00e9 registres al pagar la licencia.<\/div><\/li><li class=\"fusion-li-item\" style=\"\"><span class=\"icon-wrapper circle-no\"><i class=\"fusion-li-icon awb-icon-check\" aria-hidden=\"true\"><\/i><\/span><div class=\"fusion-li-item-content\">\n<p><b>\u00bfC\u00f3mo obtengo el c\u00f3digo de descuento para los cursos de post graduaci\u00f3n?<\/b><br \/>Una vez qu\u00e9 has realizado el pago, te mandaremos por correo electr\u00f3nico el c\u00f3digo de descuento y as\u00ed puedes comprar los cursos a la mitad de precio.<\/p>\n<\/div><\/li><li class=\"fusion-li-item\" style=\"\"><span class=\"icon-wrapper circle-no\"><i class=\"fusion-li-icon awb-icon-check\" aria-hidden=\"true\"><\/i><\/span><div class=\"fusion-li-item-content\"><strong>\u00bfCu\u00e1nto tiempo dura la validez de la licencia?<br \/>\n<\/strong>Tu podr\u00e1s disfrutar de las ventajas del IFBB College durante un a\u00f1o. puedes renovarla al a\u00f1o por 60\u20ac y seguir disfrutando de sus ventajas.<\/div><\/li><li class=\"fusion-li-item\" style=\"\"><span class=\"icon-wrapper circle-no\"><i class=\"fusion-li-icon awb-icon-check\" aria-hidden=\"true\"><\/i><\/span><div class=\"fusion-li-item-content\"><strong>\u00bfC\u00f3mo tengo acceso a la revista official de la IFBB?<br \/>\n<\/strong>Te mandaremos el acceso directo a tu direcci\u00f3n de correo electr\u00f3nico y as\u00ed podr\u00e1s disfrutar del contenido exclusivo.<\/div><\/li><li class=\"fusion-li-item\" style=\"\"><span class=\"icon-wrapper circle-no\"><i class=\"fusion-li-icon awb-icon-check\" aria-hidden=\"true\"><\/i><\/span><div class=\"fusion-li-item-content\"><strong>\u00bfTienes alguna duda qu\u00e9 no hemos resuelto?<br \/>\n<\/strong>Puedes contactar con nosotros directamente a trav\u00e9s de <a href=\"mailto:college@ifbb.com\">college@ifbb.com<\/a> o bien <a href=\"mailto:cursos@cursosifbb.com\">cursos@cursosifbb.com<\/a><\/div><\/li><\/ul><div class=\"fusion-separator fusion-full-width-sep\" style=\"align-self: center;margin-left: auto;margin-right: auto;margin-top:30px;width:100%;\"><\/div><\/div><\/div><\/div><\/div>\n","protected":false},"excerpt":{"rendered":"","protected":false},"author":7373,"featured_media":0,"parent":0,"menu_order":0,"comment_status":"closed","ping_status":"closed","template":"","meta":{"productId":0,"courseId":0,"footnotes":""},"class_list":["post-10221","page","type-page","status-publish","hentry"],"publishpress_future_action":{"enabled":false,"date":"2026-05-01 18:56:08","action":"change-status","newStatus":"draft","terms":[],"taxonomy":"translation_priority","extraData":[]},"publishpress_future_workflow_manual_trigger":{"enabledWorkflows":[]},"_links":{"self":[{"href":"https:\/\/ifbb-academy.com\/es\/wp-json\/wp\/v2\/pages\/10221","targetHints":{"allow":["GET"]}}],"collection":[{"href":"https:\/\/ifbb-academy.com\/es\/wp-json\/wp\/v2\/pages"}],"about":[{"href":"https:\/\/ifbb-academy.com\/es\/wp-json\/wp\/v2\/types\/page"}],"author":[{"embeddable":true,"href":"https:\/\/ifbb-academy.com\/es\/wp-json\/wp\/v2\/users\/7373"}],"replies":[{"embeddable":true,"href":"https:\/\/ifbb-academy.com\/es\/wp-json\/wp\/v2\/comments?post=10221"}],"version-history":[{"count":4,"href":"https:\/\/ifbb-academy.com\/es\/wp-json\/wp\/v2\/pages\/10221\/revisions"}],"predecessor-version":[{"id":11978,"href":"https:\/\/ifbb-academy.com\/es\/wp-json\/wp\/v2\/pages\/10221\/revisions\/11978"}],"wp:attachment":[{"href":"https:\/\/ifbb-academy.com\/es\/wp-json\/wp\/v2\/media?parent=10221"}],"curies":[{"name":"wp","href":"https:\/\/api.w.org\/{rel}","templated":true}]}}