{"id":12928,"date":"2025-03-24T19:41:24","date_gmt":"2025-03-24T17:41:24","guid":{"rendered":"https:\/\/ifbb-academy.com\/product\/online-kurs-spezialist-fuer-bauchmuskeltraining\/"},"modified":"2025-03-27T01:44:49","modified_gmt":"2025-03-26T23:44:49","slug":"online-kurs-spezialist-fuer-bauchmuskeltraining","status":"publish","type":"product","link":"https:\/\/ifbb-academy.com\/de\/product\/online-kurs-spezialist-fuer-bauchmuskeltraining\/","title":{"rendered":"Online-Kurs: Spezialist f\u00fcr Bauchmuskeltraining"},"content":{"rendered":"<h3>Online-Kurs: Spezialist f\u00fcr Bauchmuskeltraining<\/h3>\n<p>Der Kurs zum Spezialisten f\u00fcr Bauchmuskeltraining wurde von Professor Mauricio de Arruda Campos, IFBB Director of Education, entwickelt. Der Professor ist Autor mehrerer B\u00fccher zu diesem Thema und hat nach 2 Jahren intensiver Forschung durch wissenschaftliche Ver\u00f6ffentlichungen und Zusammenarbeit mit verschiedenen Fachleuten auf der ganzen Welt einen Kurs entwickelt und organisiert, der sich sehr effizient und speziell auf das Bauchtraining konzentriert. Das Ziel war es, einen Kurs zu erstellen, der den Studenten einen konsistenten Bezug zur mittleren Zone und den ber\u00fchmten 6 Packs bietet. Aus diesem Grund umfasst der Kurs alle notwendigen Elemente f\u00fcr ein vollst\u00e4ndiges und aktuelles Wissen \u00fcber die Variablen, die die Effizienz, Sicherheit und Intensit\u00e4t von Bauchmuskel\u00fcbungen beeinflussen.<\/p>\n<p>&nbsp;<\/p>\n<p>Beobachtungen:<\/p>\n<p>F\u00fcr die Fachkr\u00e4fte des Sportunterrichts ist es notwendig, die Planung, Organisation, \u00dcberwachung und Begleitung der Sportunterrichtsprogramme zu \u00fcbernehmen. Und f\u00fcr Ern\u00e4hrungsexperten, die die Planung und \u00dcberwachung von Lebensmitteln, Ern\u00e4hrung und Nahrungserg\u00e4nzungsmitteln organisieren.<\/p>\n<p>Stundensatz: 30 Stunden<\/p>\n<p>Geeignetes Publikum: Offen f\u00fcr alle Interessenten, die \u00fcber 18 Jahre alt sind (oder die Erlaubnis der Eltern oder des Vormunds haben)<\/p>\n<p>Sprache: Spanisch, Englisch, Portugiesisch<\/p>\n<p>Zertifikat: <a href=\"https:\/\/ifbb.com\/national-federations\/\" target=\"_blank\" rel=\"noopener noreferrer\"><b>International anerkannt<\/b><\/a><\/p>\n<p>Kursmaterial: Dateien im PDF-Format, die Sie ausdrucken oder am Bildschirm betrachten k\u00f6nnen. Das gesamte Lehrmaterial f\u00fcr diesen Kurs ist Eigentum der IFBB.<\/p>\n<p>&nbsp;<\/p>\n<p><img decoding=\"async\" class=\"size-full wp-image-10821 aligncenter\" src=\"https:\/\/ifbb-academy.com\/wp-content\/uploads\/2020\/05\/diploma-abdominal-trainin-2024.webp\" alt=\"\" width=\"900\" height=\"646\" srcset=\"https:\/\/ifbb-academy.com\/wp-content\/uploads\/2020\/05\/diploma-abdominal-trainin-2024-200x144.webp 200w, https:\/\/ifbb-academy.com\/wp-content\/uploads\/2020\/05\/diploma-abdominal-trainin-2024-300x214.webp 300w, https:\/\/ifbb-academy.com\/wp-content\/uploads\/2020\/05\/diploma-abdominal-trainin-2024-400x287.webp 400w, https:\/\/ifbb-academy.com\/wp-content\/uploads\/2020\/05\/diploma-abdominal-trainin-2024-500x359.webp 500w, https:\/\/ifbb-academy.com\/wp-content\/uploads\/2020\/05\/diploma-abdominal-trainin-2024-600x431.webp 600w, https:\/\/ifbb-academy.com\/wp-content\/uploads\/2020\/05\/diploma-abdominal-trainin-2024-700x502.webp 700w, https:\/\/ifbb-academy.com\/wp-content\/uploads\/2020\/05\/diploma-abdominal-trainin-2024-768x551.webp 768w, https:\/\/ifbb-academy.com\/wp-content\/uploads\/2020\/05\/diploma-abdominal-trainin-2024-800x574.webp 800w, https:\/\/ifbb-academy.com\/wp-content\/uploads\/2020\/05\/diploma-abdominal-trainin-2024.webp 900w\" sizes=\"(max-width: 900px) 100vw, 900px\" \/><\/p>\n","protected":false},"excerpt":{"rendered":"<p>Die ultimativen Techniken, um ein Guru f\u00fcr eine starke Mittelzone und beeindruckende 6 Packs zu werden.<\/p>\n","protected":false},"featured_media":12930,"template":"","meta":[],"product_brand":[],"product_cat":[106],"product_tag":[],"class_list":{"0":"post-12928","1":"product","2":"type-product","3":"status-publish","4":"has-post-thumbnail","6":"product_cat-online-courses-de","8":"first","9":"instock","10":"virtual","11":"sold-individually","12":"purchasable","13":"product-type-simple"},"publishpress_future_action":{"enabled":false,"date":"2026-05-07 09:25:16","action":"change-status","newStatus":"draft","terms":[],"taxonomy":"product_type","extraData":[]},"publishpress_future_workflow_manual_trigger":{"enabledWorkflows":[]},"_links":{"self":[{"href":"https:\/\/ifbb-academy.com\/de\/wp-json\/wp\/v2\/product\/12928","targetHints":{"allow":["GET"]}}],"collection":[{"href":"https:\/\/ifbb-academy.com\/de\/wp-json\/wp\/v2\/product"}],"about":[{"href":"https:\/\/ifbb-academy.com\/de\/wp-json\/wp\/v2\/types\/product"}],"wp:featuredmedia":[{"embeddable":true,"href":"https:\/\/ifbb-academy.com\/de\/wp-json\/wp\/v2\/media\/12930"}],"wp:attachment":[{"href":"https:\/\/ifbb-academy.com\/de\/wp-json\/wp\/v2\/media?parent=12928"}],"wp:term":[{"taxonomy":"product_brand","embeddable":true,"href":"https:\/\/ifbb-academy.com\/de\/wp-json\/wp\/v2\/product_brand?post=12928"},{"taxonomy":"product_cat","embeddable":true,"href":"https:\/\/ifbb-academy.com\/de\/wp-json\/wp\/v2\/product_cat?post=12928"},{"taxonomy":"product_tag","embeddable":true,"href":"https:\/\/ifbb-academy.com\/de\/wp-json\/wp\/v2\/product_tag?post=12928"}],"curies":[{"name":"wp","href":"https:\/\/api.w.org\/{rel}","templated":true}]}}