{"id":12927,"date":"2025-03-24T19:41:24","date_gmt":"2025-03-24T17:41:24","guid":{"rendered":"https:\/\/ifbb-academy.com\/product\/online-kurs-ernaehrung-fuer-fortgeschrittene\/"},"modified":"2025-03-27T01:44:14","modified_gmt":"2025-03-26T23:44:14","slug":"online-kurs-ernaehrung-fuer-fortgeschrittene","status":"publish","type":"product","link":"https:\/\/ifbb-academy.com\/de\/product\/online-kurs-ernaehrung-fuer-fortgeschrittene\/","title":{"rendered":"Online-Kurs: Ern\u00e4hrung f\u00fcr Fortgeschrittene"},"content":{"rendered":"<h3>Online-Kurs: Ern\u00e4hrung f\u00fcr Fortgeschrittene<\/h3>\n<p>Der IFBB-Kurs f\u00fcr Fortgeschrittene im Bereich Ern\u00e4hrung vermittelt dem Teilnehmer ein umfassendes Wissen \u00fcber Ern\u00e4hrung, Di\u00e4t und Nahrungserg\u00e4nzung im Fitness- und Bodybuildingbereich als wesentliches Instrument, um dem Kunden zu helfen, die besten Ergebnisse zu erzielen. Der Kursteilnehmer erh\u00e4lt die notwendigen Informationen, um personalisierte Di\u00e4ten und Erg\u00e4nzungspl\u00e4ne zu erstellen, sowie ein umfassendes Wissen \u00fcber die aktuellsten Nahrungserg\u00e4nzungsmittel auf dem Markt und deren wissenschaftliche Grundlagen in Bezug auf Wirksamkeit, Dosierung und Ergebnisse.<\/p>\n<p>Beobachtungen:<\/p>\n<p>F\u00fcr die Fachleute des Sportunterrichts ist es notwendig, die Planung, Organisation, \u00dcberwachung und Begleitung der Sportunterrichtsprogramme zu \u00fcbernehmen. Und f\u00fcr Ern\u00e4hrungsexperten die Planung, Organisation, \u00dcberwachung und Begleitung von Lebensmitteln, Ern\u00e4hrung und Nahrungserg\u00e4nzungsmitteln.<\/p>\n<p>Stundenbelastung: 80 Stunden<\/p>\n<p>Geeignetes Publikum: Offen f\u00fcr alle Interessenten, die \u00fcber 18 Jahre alt sind (oder die Erlaubnis der Eltern oder des Vormunds haben)<\/p>\n<p>Sprache: Spanisch, Englisch<\/p>\n<p>Zertifikat: <a href=\"https:\/\/ifbb.com\/national-federations\/\" target=\"_blank\" rel=\"noopener noreferrer\"><b>International anerkannt<\/b><\/a><\/p>\n<p>Kursmaterial: Dateien im PDF-Format, die ausgedruckt oder am Bildschirm betrachtet werden k\u00f6nnen. Das gesamte Lehrmaterial f\u00fcr diesen Kurs ist Eigentum der IFBB.<\/p>\n<p>&nbsp;<\/p>\n<p><img decoding=\"async\" class=\"aligncenter wp-image-10819 size-full\" src=\"https:\/\/ifbb-academy.com\/wp-content\/uploads\/2020\/05\/diploma-advanced-nutrition-2024.webp\" alt=\"\" width=\"900\" height=\"646\" srcset=\"https:\/\/ifbb-academy.com\/wp-content\/uploads\/2020\/05\/diploma-advanced-nutrition-2024-200x144.webp 200w, https:\/\/ifbb-academy.com\/wp-content\/uploads\/2020\/05\/diploma-advanced-nutrition-2024-300x214.webp 300w, https:\/\/ifbb-academy.com\/wp-content\/uploads\/2020\/05\/diploma-advanced-nutrition-2024-400x287.webp 400w, https:\/\/ifbb-academy.com\/wp-content\/uploads\/2020\/05\/diploma-advanced-nutrition-2024-500x359.webp 500w, https:\/\/ifbb-academy.com\/wp-content\/uploads\/2020\/05\/diploma-advanced-nutrition-2024-600x431.webp 600w, https:\/\/ifbb-academy.com\/wp-content\/uploads\/2020\/05\/diploma-advanced-nutrition-2024-700x502.webp 700w, https:\/\/ifbb-academy.com\/wp-content\/uploads\/2020\/05\/diploma-advanced-nutrition-2024-768x551.webp 768w, https:\/\/ifbb-academy.com\/wp-content\/uploads\/2020\/05\/diploma-advanced-nutrition-2024-800x574.webp 800w, https:\/\/ifbb-academy.com\/wp-content\/uploads\/2020\/05\/diploma-advanced-nutrition-2024.webp 900w\" sizes=\"(max-width: 900px) 100vw, 900px\" \/><\/p>\n<p><img decoding=\"async\" class=\"size-full wp-image-9885 aligncenter\" src=\"https:\/\/ifbb-academy.com\/wp-content\/uploads\/2020\/05\/ifbb-college-etiqueta-5.jpg\" alt=\"\" width=\"296\" height=\"400\" srcset=\"https:\/\/ifbb-academy.com\/wp-content\/uploads\/2020\/05\/ifbb-college-etiqueta-5-148x200.jpg 148w, https:\/\/ifbb-academy.com\/wp-content\/uploads\/2020\/05\/ifbb-college-etiqueta-5-200x270.jpg 200w, https:\/\/ifbb-academy.com\/wp-content\/uploads\/2020\/05\/ifbb-college-etiqueta-5-222x300.jpg 222w, https:\/\/ifbb-academy.com\/wp-content\/uploads\/2020\/05\/ifbb-college-etiqueta-5.jpg 296w\" sizes=\"(max-width: 296px) 100vw, 296px\" \/><\/p>\n","protected":false},"excerpt":{"rendered":"<p>Holen Sie sich die Optimum-Anerkennung als angesehener Spezialist f\u00fcr Ern\u00e4hrung f\u00fcr H\u00f6chstleistungen.<\/p>\n","protected":false},"featured_media":12847,"template":"","meta":[],"product_brand":[],"product_cat":[106],"product_tag":[],"class_list":{"0":"post-12927","1":"product","2":"type-product","3":"status-publish","4":"has-post-thumbnail","6":"product_cat-online-courses-de","8":"first","9":"instock","10":"virtual","11":"sold-individually","12":"purchasable","13":"product-type-simple"},"publishpress_future_action":{"enabled":false,"date":"2026-05-07 11:31:22","action":"change-status","newStatus":"draft","terms":[],"taxonomy":"product_type","extraData":[]},"publishpress_future_workflow_manual_trigger":{"enabledWorkflows":[]},"_links":{"self":[{"href":"https:\/\/ifbb-academy.com\/de\/wp-json\/wp\/v2\/product\/12927","targetHints":{"allow":["GET"]}}],"collection":[{"href":"https:\/\/ifbb-academy.com\/de\/wp-json\/wp\/v2\/product"}],"about":[{"href":"https:\/\/ifbb-academy.com\/de\/wp-json\/wp\/v2\/types\/product"}],"wp:featuredmedia":[{"embeddable":true,"href":"https:\/\/ifbb-academy.com\/de\/wp-json\/wp\/v2\/media\/12847"}],"wp:attachment":[{"href":"https:\/\/ifbb-academy.com\/de\/wp-json\/wp\/v2\/media?parent=12927"}],"wp:term":[{"taxonomy":"product_brand","embeddable":true,"href":"https:\/\/ifbb-academy.com\/de\/wp-json\/wp\/v2\/product_brand?post=12927"},{"taxonomy":"product_cat","embeddable":true,"href":"https:\/\/ifbb-academy.com\/de\/wp-json\/wp\/v2\/product_cat?post=12927"},{"taxonomy":"product_tag","embeddable":true,"href":"https:\/\/ifbb-academy.com\/de\/wp-json\/wp\/v2\/product_tag?post=12927"}],"curies":[{"name":"wp","href":"https:\/\/api.w.org\/{rel}","templated":true}]}}