{"id":12885,"date":"2025-03-21T18:24:53","date_gmt":"2025-03-21T16:24:53","guid":{"rendered":"https:\/\/ifbb-academy.com\/product\/fitness-challenge-training-kurs\/"},"modified":"2025-03-27T01:42:42","modified_gmt":"2025-03-26T23:42:42","slug":"fitness-challenge-training-kurs","status":"publish","type":"product","link":"https:\/\/ifbb-academy.com\/de\/product\/fitness-challenge-training-kurs\/","title":{"rendered":"Fitness Challenge Training Kurs"},"content":{"rendered":"<h3>Online-Kurs: FITNESS-CHALLENGE-KURS<\/h3>\n<p>Es ist f\u00fcr Athleten gedacht, die die muskul\u00e4re Leistung \u00fcber den Wettbewerb stellen, der nur auf Muskeln und fehlendem K\u00f6rperfett basiert, und ist f\u00fcr Fitnessspezialisten unverzichtbar geworden. Der FITNESS CHALLENGE TRAININGSKURS IFBB besteht aus einem Zirkel mit Kraft\u00fcbungen an 6 Stationen, an denen die Athleten versuchen, die maximale Anzahl von Wiederholungen in 2 Minuten zu schaffen.<\/p>\n<p>Beobachtungen:<\/p>\n<ul>\n<li>Es werden Kategorien festgelegt und die Athleten treten gegeneinander an, um ihre maximale k\u00f6rperliche Leistung zu zeigen.<\/li>\n<li>St\u00fcndliche Belastung: 20 Stunden<\/li>\n<li>Teilnahmeberechtigtes Publikum: Offen f\u00fcr alle Interessierten, die \u00fcber 18 Jahre alt sind (oder minderj\u00e4hrig mit Genehmigung der Eltern oder des Erziehungsberechtigten)<\/li>\n<li>Sprache: Englisch<\/li>\n<li>Zertifikat: <b><a href=\"https:\/\/ifbb.com\/national-federations\/\" target=\"_blank\" rel=\"noopener noreferrer\">International anerkannt<\/a><\/b><\/li>\n<li>Kursmaterial: Dateien im PDF-Format, die ausgedruckt oder am Bildschirm betrachtet werden k\u00f6nnen. Das gesamte Lehrmaterial f\u00fcr diesen Kurs ist Eigentum der IFBB.<\/li>\n<\/ul>\n<p>&nbsp;<\/p>\n<p><img decoding=\"async\" class=\"size-fusion-800 wp-image-6580 aligncenter\" src=\"https:\/\/ifbb-academy.com\/wp-content\/uploads\/2022\/07\/ifbb-acadademy-certificado-fitness-challenge-2-800x566.jpg\" alt=\"\" width=\"800\" height=\"566\" srcset=\"https:\/\/ifbb-academy.com\/wp-content\/uploads\/2022\/07\/ifbb-acadademy-certificado-fitness-challenge-2-200x142.jpg 200w, https:\/\/ifbb-academy.com\/wp-content\/uploads\/2022\/07\/ifbb-acadademy-certificado-fitness-challenge-2-300x212.jpg 300w, https:\/\/ifbb-academy.com\/wp-content\/uploads\/2022\/07\/ifbb-acadademy-certificado-fitness-challenge-2-400x283.jpg 400w, https:\/\/ifbb-academy.com\/wp-content\/uploads\/2022\/07\/ifbb-acadademy-certificado-fitness-challenge-2-500x354.jpg 500w, https:\/\/ifbb-academy.com\/wp-content\/uploads\/2022\/07\/ifbb-acadademy-certificado-fitness-challenge-2-600x425.jpg 600w, https:\/\/ifbb-academy.com\/wp-content\/uploads\/2022\/07\/ifbb-acadademy-certificado-fitness-challenge-2-700x495.jpg 700w, https:\/\/ifbb-academy.com\/wp-content\/uploads\/2022\/07\/ifbb-acadademy-certificado-fitness-challenge-2-768x543.jpg 768w, https:\/\/ifbb-academy.com\/wp-content\/uploads\/2022\/07\/ifbb-acadademy-certificado-fitness-challenge-2-800x566.jpg 800w, https:\/\/ifbb-academy.com\/wp-content\/uploads\/2022\/07\/ifbb-acadademy-certificado-fitness-challenge-2.jpg 920w\" sizes=\"(max-width: 800px) 100vw, 800px\" \/><\/p>\n<p><img decoding=\"async\" class=\"wp-image-9881 size-full aligncenter\" src=\"https:\/\/ifbb-academy.com\/wp-content\/uploads\/2020\/05\/ifbb-college-etiqueta-3.jpg\" alt=\"\" width=\"296\" height=\"400\" srcset=\"https:\/\/ifbb-academy.com\/wp-content\/uploads\/2020\/05\/ifbb-college-etiqueta-3-148x200.jpg 148w, https:\/\/ifbb-academy.com\/wp-content\/uploads\/2020\/05\/ifbb-college-etiqueta-3-200x270.jpg 200w, https:\/\/ifbb-academy.com\/wp-content\/uploads\/2020\/05\/ifbb-college-etiqueta-3-222x300.jpg 222w, https:\/\/ifbb-academy.com\/wp-content\/uploads\/2020\/05\/ifbb-college-etiqueta-3.jpg 296w\" sizes=\"(max-width: 296px) 100vw, 296px\" \/><\/p>\n","protected":false},"excerpt":{"rendered":"<p>Online-Kurs: FITNESS-CHALLENGE-KURS Es ist f\u00fcr Athleten gedacht, die die muskul\u00e4re Leistung \u00fcber den Wettbewerb stellen, der nur auf Muskeln und fehlendem K\u00f6rperfett basiert, und ist f\u00fcr Fitnessspezialisten unverzichtbar geworden. Der FITNESS CHALLENGE TRAININGSKURS IFBB besteht aus einem Zirkel mit Kraft\u00fcbungen an 6 Stationen, an denen die Athleten versuchen, die maximale <a href=\"https:\/\/ifbb-academy.com\/de\/product\/fitness-challenge-training-kurs\/\"> [&#8230;]<\/a><\/p>\n","protected":false},"featured_media":12888,"template":"","meta":[],"product_brand":[],"product_cat":[106],"product_tag":[],"class_list":{"0":"post-12885","1":"product","2":"type-product","3":"status-publish","4":"has-post-thumbnail","6":"product_cat-online-courses-de","8":"first","9":"instock","10":"virtual","11":"sold-individually","12":"purchasable","13":"product-type-simple"},"publishpress_future_action":{"enabled":false,"date":"2026-05-07 10:35:22","action":"change-status","newStatus":"draft","terms":[],"taxonomy":"product_type","extraData":[]},"publishpress_future_workflow_manual_trigger":{"enabledWorkflows":[]},"_links":{"self":[{"href":"https:\/\/ifbb-academy.com\/de\/wp-json\/wp\/v2\/product\/12885","targetHints":{"allow":["GET"]}}],"collection":[{"href":"https:\/\/ifbb-academy.com\/de\/wp-json\/wp\/v2\/product"}],"about":[{"href":"https:\/\/ifbb-academy.com\/de\/wp-json\/wp\/v2\/types\/product"}],"wp:featuredmedia":[{"embeddable":true,"href":"https:\/\/ifbb-academy.com\/de\/wp-json\/wp\/v2\/media\/12888"}],"wp:attachment":[{"href":"https:\/\/ifbb-academy.com\/de\/wp-json\/wp\/v2\/media?parent=12885"}],"wp:term":[{"taxonomy":"product_brand","embeddable":true,"href":"https:\/\/ifbb-academy.com\/de\/wp-json\/wp\/v2\/product_brand?post=12885"},{"taxonomy":"product_cat","embeddable":true,"href":"https:\/\/ifbb-academy.com\/de\/wp-json\/wp\/v2\/product_cat?post=12885"},{"taxonomy":"product_tag","embeddable":true,"href":"https:\/\/ifbb-academy.com\/de\/wp-json\/wp\/v2\/product_tag?post=12885"}],"curies":[{"name":"wp","href":"https:\/\/api.w.org\/{rel}","templated":true}]}}