{"id":12863,"date":"2025-03-21T18:21:50","date_gmt":"2025-03-21T16:21:50","guid":{"rendered":"https:\/\/ifbb-academy.com\/product\/online-kurs-master-fitness-coach-cross-training-abschluss\/"},"modified":"2025-03-27T01:45:33","modified_gmt":"2025-03-26T23:45:33","slug":"online-kurs-master-fitness-coach-cross-training-abschluss","status":"publish","type":"product","link":"https:\/\/ifbb-academy.com\/de\/product\/online-kurs-master-fitness-coach-cross-training-abschluss\/","title":{"rendered":"Online-Kurs: Master Fitness Coach &amp; Cross Training-Abschluss"},"content":{"rendered":"<h3>Online-Kurs: Master Fitness Coach &amp; Cross Training-Abschluss<\/h3>\n<p>Das Ziel dieses Kurses ist es, dass der Teilnehmer lernt, seinen K\u00f6rper in ein n\u00fctzliches und intelligentes &#8222;Arbeitswerkzeug&#8220; zu verwandeln, indem er alle k\u00f6rperlichen F\u00e4higkeiten maximiert, um jede Aktivit\u00e4t effektiv und sicher auszuf\u00fchren, wobei er immer integriert und nie isoliert, d.h. den ganzen K\u00f6rper in die Ausf\u00fchrung der \u00dcbungen mit einbezieht; er lernt, Bewegungen zu trainieren, immer mit der Intervention verschiedener Muskeln f\u00fcr ihre Realisierung.<\/p>\n<p>Bringen Sie dem Sch\u00fcler bei, seine Leistung mit weniger Trainingszeit und auf spielerische Weise zu verbessern, und zwar mit einem geringeren Verletzungsrisiko, da es mit der St\u00e4rkung von Risikobereichen arbeitet.<\/p>\n<p>Beobachtungen:<\/p>\n<ul>\n<li>F\u00fcr die Fachkr\u00e4fte des Sportunterrichts ist es notwendig, die Planung, Organisation, \u00dcberwachung und Begleitung der Sportunterrichtsprogramme zu \u00fcbernehmen. Und f\u00fcr Ern\u00e4hrungsexperten, die die Planung und \u00dcberwachung von Lebensmitteln, Ern\u00e4hrung und Nahrungserg\u00e4nzungsmitteln organisieren.<\/li>\n<li>Stundenbelastung: 120 Stunden<\/li>\n<li>Geeignetes Publikum: Offen f\u00fcr alle Interessierten \u00fcber 18 Jahre (oder mit Erlaubnis der Eltern oder Erziehungsberechtigten)<\/li>\n<li>Sprache: Spanisch, Englisch<\/li>\n<li>Zertifikat: internationale Anerkennung<\/li>\n<li>Material: Dateien im PDF-Format, die ausgedruckt oder am Bildschirm betrachtet werden k\u00f6nnen. Das gesamte Lehrmaterial f\u00fcr diesen Kurs ist Eigentum der IFBB.<\/li>\n<\/ul>\n<p>&nbsp;<\/p>\n<p><img decoding=\"async\" class=\"size-full wp-image-3325 aligncenter\" src=\"https:\/\/ifbb-academy.com\/wp-content\/uploads\/2020\/05\/certificado-cross-training-2.jpg\" alt=\"\" width=\"1000\" height=\"707\" srcset=\"https:\/\/ifbb-academy.com\/wp-content\/uploads\/2020\/05\/certificado-cross-training-2-500x354.jpg 500w, https:\/\/ifbb-academy.com\/wp-content\/uploads\/2020\/05\/certificado-cross-training-2-700x495.jpg 700w, https:\/\/ifbb-academy.com\/wp-content\/uploads\/2020\/05\/certificado-cross-training-2.jpg 1000w\" sizes=\"(max-width: 1000px) 100vw, 1000px\" \/><\/p>\n<p>&nbsp;<\/p>\n<p><img decoding=\"async\" class=\"size-full wp-image-9883 aligncenter\" src=\"https:\/\/ifbb-academy.com\/wp-content\/uploads\/2020\/05\/ifbb-college-etiqueta-4.jpg\" alt=\"\" width=\"296\" height=\"400\" srcset=\"https:\/\/ifbb-academy.com\/wp-content\/uploads\/2020\/05\/ifbb-college-etiqueta-4-148x200.jpg 148w, https:\/\/ifbb-academy.com\/wp-content\/uploads\/2020\/05\/ifbb-college-etiqueta-4-200x270.jpg 200w, https:\/\/ifbb-academy.com\/wp-content\/uploads\/2020\/05\/ifbb-college-etiqueta-4-222x300.jpg 222w, https:\/\/ifbb-academy.com\/wp-content\/uploads\/2020\/05\/ifbb-college-etiqueta-4.jpg 296w\" sizes=\"(max-width: 296px) 100vw, 296px\" \/><\/p>\n","protected":false},"excerpt":{"rendered":"<p>Holen Sie sich den Master-Abschluss, um Ihre k\u00f6rperlichen F\u00e4higkeiten und Krafttrainingsanwendungen zu maximieren.<\/p>\n","protected":false},"featured_media":12846,"template":"","meta":[],"product_brand":[],"product_cat":[106],"product_tag":[],"class_list":{"0":"post-12863","1":"product","2":"type-product","3":"status-publish","4":"has-post-thumbnail","6":"product_cat-online-courses-de","8":"first","9":"instock","10":"virtual","11":"sold-individually","12":"purchasable","13":"product-type-simple"},"publishpress_future_action":{"enabled":false,"date":"2026-05-07 11:37:12","action":"change-status","newStatus":"draft","terms":[],"taxonomy":"product_type","extraData":[]},"publishpress_future_workflow_manual_trigger":{"enabledWorkflows":[]},"_links":{"self":[{"href":"https:\/\/ifbb-academy.com\/de\/wp-json\/wp\/v2\/product\/12863","targetHints":{"allow":["GET"]}}],"collection":[{"href":"https:\/\/ifbb-academy.com\/de\/wp-json\/wp\/v2\/product"}],"about":[{"href":"https:\/\/ifbb-academy.com\/de\/wp-json\/wp\/v2\/types\/product"}],"wp:featuredmedia":[{"embeddable":true,"href":"https:\/\/ifbb-academy.com\/de\/wp-json\/wp\/v2\/media\/12846"}],"wp:attachment":[{"href":"https:\/\/ifbb-academy.com\/de\/wp-json\/wp\/v2\/media?parent=12863"}],"wp:term":[{"taxonomy":"product_brand","embeddable":true,"href":"https:\/\/ifbb-academy.com\/de\/wp-json\/wp\/v2\/product_brand?post=12863"},{"taxonomy":"product_cat","embeddable":true,"href":"https:\/\/ifbb-academy.com\/de\/wp-json\/wp\/v2\/product_cat?post=12863"},{"taxonomy":"product_tag","embeddable":true,"href":"https:\/\/ifbb-academy.com\/de\/wp-json\/wp\/v2\/product_tag?post=12863"}],"curies":[{"name":"wp","href":"https:\/\/api.w.org\/{rel}","templated":true}]}}