{"id":12840,"date":"2025-03-21T18:21:46","date_gmt":"2025-03-21T16:21:46","guid":{"rendered":"https:\/\/ifbb-academy.com\/product\/online-kurs-personal-trainer\/"},"modified":"2025-06-16T00:26:07","modified_gmt":"2025-06-15T22:26:07","slug":"online-kurs-personal-trainer","status":"publish","type":"product","link":"https:\/\/ifbb-academy.com\/de\/product\/online-kurs-personal-trainer\/","title":{"rendered":"Online-Kurs: Personal Trainer"},"content":{"rendered":"<h3>Online-Kurs: Personal Trainer<\/h3>\n<p>Die IFBB, die weltweite Autorit\u00e4t im Kraft- und Gewichtstraining, verf\u00fcgt \u00fcber eine Reihe von Fachleuten f\u00fcr Gesundheit und k\u00f6rperliches Wohlbefinden in zahlreichen L\u00e4ndern, die einen theoretischen und praktischen Inhalt mit wichtigen Themen entwickelt haben, die f\u00fcr eine gute Ausbildung zum Personal Trainer notwendig sind. Der Personal Trainer Kurs der IFBB ACADEMY vermittelt Informationen \u00fcber die effizientesten Techniken f\u00fcr die Verschreibung von Training sowie \u00fcber Di\u00e4ten und Nahrungserg\u00e4nzungsmittel und nat\u00fcrliche Alternativen zum Doping f\u00fcr eine gute Leistung und das Wohlbefinden der Kunden, die von einem gut ausgebildeten Personal Trainer betreut werden. .<\/p>\n<p>Dieser Kurs erf\u00fcllt die Bed\u00fcrfnisse von Fachleuten, die ihre Kenntnisse in diesem Bereich vertiefen und aktualisieren und einen Service mit den besten Ergebnissen anbieten m\u00f6chten.<\/p>\n<p>Beobachtungen:<\/p>\n<ul>\n<li>F\u00fcr die Fachleute des Sportunterrichts ist es notwendig, die Planung, Organisation, \u00dcberwachung und Begleitung der Sportunterrichtsprogramme zu \u00fcbernehmen. Und f\u00fcr Ern\u00e4hrungsexperten die Planung, Organisation, \u00dcberwachung und Begleitung von Lebensmitteln, Ern\u00e4hrung und Nahrungserg\u00e4nzungsmitteln.<\/li>\n<li>Stundensatz: 50 Stunden<\/li>\n<li>Geeignetes Publikum: Offen f\u00fcr alle Interessenten, die \u00fcber 18 Jahre alt sind (oder die Erlaubnis der Eltern oder des Vormunds haben)<\/li>\n<li>Sprache: Spanisch, Englisch.<\/li>\n<li>Zertifikat:<b> <a href=\"https:\/\/ifbb.com\/national-federations\/\" target=\"_blank\" rel=\"noopener noreferrer\">International anerkannt<\/a><\/b><\/li>\n<li>Kursmaterial: Dateien im PDF-Format, die ausgedruckt oder am Bildschirm betrachtet werden k\u00f6nnen. Das gesamte Lehrmaterial f\u00fcr diesen Kurs ist Eigentum der IFBB.<\/li>\n<\/ul>\n<p><img decoding=\"async\" class=\"wp-image-4074 aligncenter\" src=\"https:\/\/ifbb-academy.com\/wp-content\/uploads\/2020\/05\/certificado-entrenador-personal-2.jpg\" alt=\"\" width=\"934\" height=\"660\" srcset=\"https:\/\/ifbb-academy.com\/wp-content\/uploads\/2020\/05\/certificado-entrenador-personal-2-500x354.jpg 500w, https:\/\/ifbb-academy.com\/wp-content\/uploads\/2020\/05\/certificado-entrenador-personal-2-700x495.jpg 700w, https:\/\/ifbb-academy.com\/wp-content\/uploads\/2020\/05\/certificado-entrenador-personal-2.jpg 1000w\" sizes=\"(max-width: 934px) 100vw, 934px\" \/><\/p>\n<p><img decoding=\"async\" class=\"aligncenter wp-image-9889 size-full\" src=\"https:\/\/ifbb-academy.com\/wp-content\/uploads\/2020\/05\/ifbb-college-etiqueta-7.jpg\" alt=\"\" width=\"296\" height=\"400\" srcset=\"https:\/\/ifbb-academy.com\/wp-content\/uploads\/2020\/05\/ifbb-college-etiqueta-7-148x200.jpg 148w, https:\/\/ifbb-academy.com\/wp-content\/uploads\/2020\/05\/ifbb-college-etiqueta-7-200x270.jpg 200w, https:\/\/ifbb-academy.com\/wp-content\/uploads\/2020\/05\/ifbb-college-etiqueta-7-222x300.jpg 222w, https:\/\/ifbb-academy.com\/wp-content\/uploads\/2020\/05\/ifbb-college-etiqueta-7.jpg 296w\" sizes=\"(max-width: 296px) 100vw, 296px\" \/><\/p>\n","protected":false},"excerpt":{"rendered":"<p>Online-Kurs: Personal Trainer Die IFBB, die weltweite Autorit\u00e4t im Kraft- und Gewichtstraining, verf\u00fcgt \u00fcber eine Reihe von Fachleuten f\u00fcr Gesundheit und k\u00f6rperliches Wohlbefinden in zahlreichen L\u00e4ndern, die einen theoretischen und praktischen Inhalt mit wichtigen Themen entwickelt haben, die f\u00fcr eine gute Ausbildung zum Personal Trainer notwendig sind. Der Personal Trainer <a href=\"https:\/\/ifbb-academy.com\/de\/product\/online-kurs-personal-trainer\/\"> [&#8230;]<\/a><\/p>\n","protected":false},"featured_media":12845,"template":"","meta":[],"product_brand":[],"product_cat":[106],"product_tag":[],"class_list":{"0":"post-12840","1":"product","2":"type-product","3":"status-publish","4":"has-post-thumbnail","6":"product_cat-online-courses-de","8":"first","9":"instock","10":"virtual","11":"sold-individually","12":"purchasable","13":"product-type-simple"},"publishpress_future_action":{"enabled":false,"date":"2026-05-07 10:41:13","action":"change-status","newStatus":"draft","terms":[],"taxonomy":"product_type","extraData":[]},"publishpress_future_workflow_manual_trigger":{"enabledWorkflows":[]},"_links":{"self":[{"href":"https:\/\/ifbb-academy.com\/de\/wp-json\/wp\/v2\/product\/12840","targetHints":{"allow":["GET"]}}],"collection":[{"href":"https:\/\/ifbb-academy.com\/de\/wp-json\/wp\/v2\/product"}],"about":[{"href":"https:\/\/ifbb-academy.com\/de\/wp-json\/wp\/v2\/types\/product"}],"wp:featuredmedia":[{"embeddable":true,"href":"https:\/\/ifbb-academy.com\/de\/wp-json\/wp\/v2\/media\/12845"}],"wp:attachment":[{"href":"https:\/\/ifbb-academy.com\/de\/wp-json\/wp\/v2\/media?parent=12840"}],"wp:term":[{"taxonomy":"product_brand","embeddable":true,"href":"https:\/\/ifbb-academy.com\/de\/wp-json\/wp\/v2\/product_brand?post=12840"},{"taxonomy":"product_cat","embeddable":true,"href":"https:\/\/ifbb-academy.com\/de\/wp-json\/wp\/v2\/product_cat?post=12840"},{"taxonomy":"product_tag","embeddable":true,"href":"https:\/\/ifbb-academy.com\/de\/wp-json\/wp\/v2\/product_tag?post=12840"}],"curies":[{"name":"wp","href":"https:\/\/api.w.org\/{rel}","templated":true}]}}