{"id":12998,"date":"2025-03-24T20:54:20","date_gmt":"2025-03-24T18:54:20","guid":{"rendered":"https:\/\/ifbb-academy.com\/haeufige-fragen\/"},"modified":"2025-03-24T20:54:21","modified_gmt":"2025-03-24T18:54:21","slug":"haeufige-fragen","status":"publish","type":"page","link":"https:\/\/ifbb-academy.com\/de\/haeufige-fragen\/","title":{"rendered":"H\u00e4ufige Fragen"},"content":{"rendered":"<div class=\"fusion-fullwidth fullwidth-box fusion-builder-row-1 fusion-flex-container has-pattern-background has-mask-background nonhundred-percent-fullwidth non-hundred-percent-height-scrolling\" style=\"--awb-border-radius-top-left:0px;--awb-border-radius-top-right:0px;--awb-border-radius-bottom-right:0px;--awb-border-radius-bottom-left:0px;--awb-margin-top:40px;--awb-flex-wrap:wrap;\" ><div class=\"fusion-builder-row fusion-row fusion-flex-align-items-flex-start fusion-flex-content-wrap\" style=\"max-width:1331.2px;margin-left: calc(-4% \/ 2 );margin-right: calc(-4% \/ 2 );\"><div class=\"fusion-layout-column fusion_builder_column fusion-builder-column-0 fusion_builder_column_1_1 1_1 fusion-flex-column\" style=\"--awb-bg-size:cover;--awb-width-large:100%;--awb-margin-top-large:10px;--awb-spacing-right-large:1.92%;--awb-margin-bottom-large:10px;--awb-spacing-left-large:1.92%;--awb-width-medium:100%;--awb-order-medium:0;--awb-spacing-right-medium:1.92%;--awb-spacing-left-medium:1.92%;--awb-width-small:100%;--awb-order-small:0;--awb-spacing-right-small:1.92%;--awb-spacing-left-small:1.92%;\"><div class=\"fusion-column-wrapper fusion-column-has-shadow fusion-flex-justify-content-flex-start fusion-content-layout-column\"><div class=\"fusion-image-element \" style=\"text-align:center;--awb-caption-title-font-family:var(--h2_typography-font-family);--awb-caption-title-font-weight:var(--h2_typography-font-weight);--awb-caption-title-font-style:var(--h2_typography-font-style);--awb-caption-title-size:var(--h2_typography-font-size);--awb-caption-title-transform:var(--h2_typography-text-transform);--awb-caption-title-line-height:var(--h2_typography-line-height);--awb-caption-title-letter-spacing:var(--h2_typography-letter-spacing);\"><span class=\" fusion-imageframe imageframe-none imageframe-1 hover-type-none\"><img decoding=\"async\" width=\"400\" height=\"209\" title=\"CollegeFinal-web\" src=\"https:\/\/ifbb-academy.com\/wp-content\/uploads\/2023\/08\/CollegeFinal-web-400x209.png\" alt class=\"img-responsive wp-image-9450\" srcset=\"https:\/\/ifbb-academy.com\/wp-content\/uploads\/2023\/08\/CollegeFinal-web-200x104.png 200w, https:\/\/ifbb-academy.com\/wp-content\/uploads\/2023\/08\/CollegeFinal-web-400x209.png 400w, https:\/\/ifbb-academy.com\/wp-content\/uploads\/2023\/08\/CollegeFinal-web.png 450w\" sizes=\"(max-width: 1024px) 100vw, (max-width: 640px) 100vw, 400px\" \/><\/span><\/div><div class=\"fusion-separator fusion-full-width-sep\" style=\"align-self: center;margin-left: auto;margin-right: auto;margin-top:30px;margin-bottom:30px;width:100%;\"><\/div><div class=\"fusion-title title fusion-title-1 fusion-title-center fusion-title-text fusion-title-size-two\" style=\"--awb-margin-top-small:0px;--awb-margin-right-small:0px;--awb-margin-bottom-small:20px;--awb-margin-left-small:0px;\"><div class=\"title-sep-container title-sep-container-left\"><div class=\"title-sep sep-single sep-solid\" style=\"border-color:#e7e4e2;\"><\/div><\/div><span class=\"awb-title-spacer\"><\/span><h2 class=\"fusion-title-heading title-heading-center fusion-responsive-typography-calculated\" style=\"margin:0;--fontSize:34;line-height:1.47;\">H\u00c4UFIGE FRAGEN<\/h2><span class=\"awb-title-spacer\"><\/span><div class=\"title-sep-container title-sep-container-right\"><div class=\"title-sep sep-single sep-solid\" style=\"border-color:#e7e4e2;\"><\/div><\/div><\/div><ul style=\"--awb-line-height:23.8px;--awb-icon-width:23.8px;--awb-icon-height:23.8px;--awb-icon-margin:9.8px;--awb-content-margin:33.6px;\" class=\"fusion-checklist fusion-checklist-1 fusion-checklist-default type-icons\"><li class=\"fusion-li-item\" style=\"\"><span class=\"icon-wrapper circle-no\"><i class=\"fusion-li-icon awb-icon-check\" aria-hidden=\"true\"><\/i><\/span><div class=\"fusion-li-item-content\">\n<p><strong>Was ist der Unterschied zur Wissenschaft?<br \/><\/strong>Das IFBB COLLEGE ist die offizielle Institution f\u00fcr Trainer und Spezialisten, die von der IFBB Academy zertifiziert sind. Es hebt Ihre akademische Karriere auf einen h\u00f6heren Rang und erm\u00f6glicht Ihnen den Zugang zu vielen Vorteilen.&nbsp;<\/p>\n<\/div><\/li><li class=\"fusion-li-item\" style=\"\"><span class=\"icon-wrapper circle-no\"><i class=\"fusion-li-icon awb-icon-check\" aria-hidden=\"true\"><\/i><\/span><div class=\"fusion-li-item-content\">\n<p><strong>Welche Vorteile bekomme ich im Rahmen des IFBB COLLEGE?<\/strong><\/p>\n<ul>\n<li><strong>HOLEN SIE SICH IHR OFFIZIELLES IFBB-BUCH F\u00dcR AKADEMISCHE ERRUNGENSCHAFTEN:  <\/strong>\n<ul>\n<li>Alle Ihre Zertifizierungen sind in einem offiziellen Buch gesammelt, das vom IFBB COLLEGE anerkannt, signiert und gestempelt wird<\/li>\n<li>Akkreditiert Ihren gesamten Bildungs- und Bildungslauf.<\/li>\n<li>Fassen Sie Ihre Karriere in einem personalisierten Dokument zusammen.<\/li>\n<li>Sammeln Sie alle Ihre Aufzeichnungen, alle Zertifizierungen, Seminare oder Kurse, an denen Sie teilnehmen.<\/li>\n<li>Verbessern Sie Ihr Image als Profi, der direkt vor Ihren Kunden oder Ihrem Unternehmen pr\u00e4sentiert.<\/li>\n<\/ul>\n<\/li>\n<\/ul>\n<ul>\n<li><strong>LASSEN SIE SICH AUF UNSERER WEBSITE UND UNSEREN SOCIAL-MEDIA-KAN\u00c4LEN BEWERBEN<br \/><\/strong>Schicken Sie uns Ihre Bilder und werden Sie zum Image des IFBB College &amp; der IFBB Academy und lassen Sie sich Ihre Personal Trainer \u00fcber die IFBB Social Media Plattformen und den Newsletter bewerben und bewerben.<\/li>\n<li><strong>MACHEN SIE WERBEN SIE F\u00dcR SICH, INDEM SIE AUTOR IM OFFIZIELLEN IFBB-MAGAZIN WERDEN<br \/><\/strong>Gibt es einen besseren Weg, um f\u00fcr sich selbst zu werben, als Teil des Bildungsteils des offiziellen IFBB-Magazins zu sein?<\/li>\n<li><strong>KOSTENLOSES ABONNEMENT VON FITNESS STLYE (OFFIZIELLES IFBB-MAGAZIN)<br \/><\/strong>Bleiben Sie auf dem Laufenden \u00fcber die neuesten Branchentrends, Expertenratschl\u00e4ge und inspirierende Erfolgsgeschichten mit einem kostenlosen Abonnement der Online-Ausgabe des Fitness Style Magazine.<\/li>\n<\/ul>\n<\/div><\/li><li class=\"fusion-li-item\" style=\"\"><span class=\"icon-wrapper circle-no\"><i class=\"fusion-li-icon awb-icon-check\" aria-hidden=\"true\"><\/i><\/span><div class=\"fusion-li-item-content\"><strong>Wie funktioniert das IFBB COLLEGE Book?<br \/><\/strong>Mit jedem Zertifikat der IFBB Academy erhalten die Studenten Aufkleber, die sie in das Buch aufnehmen k\u00f6nnen, um ihre berufliche Laufbahn zug\u00e4nglich zu halten.<\/div><\/li><li class=\"fusion-li-item\" style=\"\"><span class=\"icon-wrapper circle-no\"><i class=\"fusion-li-icon awb-icon-check\" aria-hidden=\"true\"><\/i><\/span><div class=\"fusion-li-item-content\"><strong>Wie erhalte ich das Buch?<br \/><\/strong>Sie erhalten diese direkt an die Postanschrift, die Sie bei der Bezahlung Ihrer Lizenz angegeben haben.<\/div><\/li><li class=\"fusion-li-item\" style=\"\"><span class=\"icon-wrapper circle-no\"><i class=\"fusion-li-icon awb-icon-check\" aria-hidden=\"true\"><\/i><\/span><div class=\"fusion-li-item-content\"><strong>Wie bekomme ich den Rabattcode f\u00fcr Aufbaustudieng\u00e4nge?<br \/><\/strong>Sobald Sie mit der Zahlung fortgefahren sind, senden wir Ihnen per E-Mail den Rabattcode zu, damit Sie die Aufbaukurse zum halben Preis erwerben k\u00f6nnen.<\/p>\n<p>&nbsp;<\/div><\/li><li class=\"fusion-li-item\" style=\"\"><span class=\"icon-wrapper circle-no\"><i class=\"fusion-li-icon awb-icon-check\" aria-hidden=\"true\"><\/i><\/span><div class=\"fusion-li-item-content\">\n<p><strong>Wie lange ist die Lizenz g\u00fcltig?<br \/><\/strong>Sie werden in der Lage sein, die Vorteile des Colleges im Zeitraum von einem Jahr zu genie\u00dfen.<br \/>Dann k\u00f6nnen Sie f\u00fcr einen Preis von 60 \u20ac verl\u00e4ngern und mit den Vorteilen fortfahren.<\/p>\n<\/div><\/li><li class=\"fusion-li-item\" style=\"\"><span class=\"icon-wrapper circle-no\"><i class=\"fusion-li-icon awb-icon-check\" aria-hidden=\"true\"><\/i><\/span><div class=\"fusion-li-item-content\">\n<p><strong>Wie erhalte ich Zugang zum Magazin Muscle and Health?  <br \/><\/strong>Wir senden Ihnen den Zugang direkt an Ihre E-Mail-Adresse, damit Sie auf exklusive Inhalte zugreifen k\u00f6nnen.<\/p>\n<\/div><\/li><li class=\"fusion-li-item\" style=\"\"><span class=\"icon-wrapper circle-no\"><i class=\"fusion-li-icon awb-icon-check\" aria-hidden=\"true\"><\/i><\/span><div class=\"fusion-li-item-content\">\n<p><strong>Haben Sie Fragen, die wir nicht beantworten konnten?<br \/><\/strong>Sie k\u00f6nnen uns direkt unter <a href=\"mailto:college@ifbb.com\">college@ifbb.com<\/a> kontaktieren oder <a href=\"mailto:cursos@cursosifbb.com\">cursos@cursosifbb.com<\/a><\/p>\n<\/div><\/li><\/ul><div class=\"fusion-separator fusion-full-width-sep\" style=\"align-self: center;margin-left: auto;margin-right: auto;margin-top:30px;width:100%;\"><\/div><\/div><\/div><\/div><\/div>\n","protected":false},"excerpt":{"rendered":"","protected":false},"author":7373,"featured_media":0,"parent":0,"menu_order":0,"comment_status":"closed","ping_status":"closed","template":"","meta":{"productId":0,"courseId":0,"footnotes":""},"class_list":["post-12998","page","type-page","status-publish","hentry"],"publishpress_future_action":{"enabled":false,"date":"2026-04-28 10:49:11","action":"change-status","newStatus":"draft","terms":[],"taxonomy":"translation_priority","extraData":[]},"publishpress_future_workflow_manual_trigger":{"enabledWorkflows":[]},"_links":{"self":[{"href":"https:\/\/ifbb-academy.com\/de\/wp-json\/wp\/v2\/pages\/12998","targetHints":{"allow":["GET"]}}],"collection":[{"href":"https:\/\/ifbb-academy.com\/de\/wp-json\/wp\/v2\/pages"}],"about":[{"href":"https:\/\/ifbb-academy.com\/de\/wp-json\/wp\/v2\/types\/page"}],"author":[{"embeddable":true,"href":"https:\/\/ifbb-academy.com\/de\/wp-json\/wp\/v2\/users\/7373"}],"replies":[{"embeddable":true,"href":"https:\/\/ifbb-academy.com\/de\/wp-json\/wp\/v2\/comments?post=12998"}],"version-history":[{"count":2,"href":"https:\/\/ifbb-academy.com\/de\/wp-json\/wp\/v2\/pages\/12998\/revisions"}],"predecessor-version":[{"id":13000,"href":"https:\/\/ifbb-academy.com\/de\/wp-json\/wp\/v2\/pages\/12998\/revisions\/13000"}],"wp:attachment":[{"href":"https:\/\/ifbb-academy.com\/de\/wp-json\/wp\/v2\/media?parent=12998"}],"curies":[{"name":"wp","href":"https:\/\/api.w.org\/{rel}","templated":true}]}}