{"id":12979,"date":"2025-03-24T19:50:38","date_gmt":"2025-03-24T17:50:38","guid":{"rendered":"https:\/\/ifbb-academy.com\/postgraduierten-kurse\/"},"modified":"2025-03-24T19:50:39","modified_gmt":"2025-03-24T17:50:39","slug":"postgraduierten-kurse","status":"publish","type":"page","link":"https:\/\/ifbb-academy.com\/de\/postgraduierten-kurse\/","title":{"rendered":"Postgraduierten-Kurse"},"content":{"rendered":"<p><div class=\"fusion-fullwidth fullwidth-box fusion-builder-row-1 fusion-flex-container nonhundred-percent-fullwidth non-hundred-percent-height-scrolling\" style=\"--awb-background-position:left top;--awb-border-sizes-top:0px;--awb-border-sizes-bottom:0px;--awb-border-sizes-left:0px;--awb-border-sizes-right:0px;--awb-border-radius-top-left:0px;--awb-border-radius-top-right:0px;--awb-border-radius-bottom-right:0px;--awb-border-radius-bottom-left:0px;--awb-padding-top:50px;--awb-padding-bottom:0px;--awb-background-color:#ffffff;--awb-flex-wrap:wrap;\" ><div class=\"fusion-builder-row fusion-row fusion-flex-align-items-center fusion-flex-justify-content-center fusion-flex-content-wrap\" style=\"max-width:1331.2px;margin-left: calc(-4% \/ 2 );margin-right: calc(-4% \/ 2 );\"><div class=\"fusion-layout-column fusion_builder_column fusion-builder-column-0 fusion_builder_column_1_1 1_1 fusion-flex-column\" style=\"--awb-bg-size:cover;--awb-width-large:100%;--awb-margin-top-large:10px;--awb-spacing-right-large:1.92%;--awb-margin-bottom-large:10px;--awb-spacing-left-large:1.92%;--awb-width-medium:100%;--awb-order-medium:0;--awb-spacing-right-medium:1.92%;--awb-spacing-left-medium:1.92%;--awb-width-small:100%;--awb-order-small:0;--awb-spacing-right-small:1.92%;--awb-spacing-left-small:1.92%;\"><div class=\"fusion-column-wrapper fusion-column-has-shadow fusion-flex-justify-content-flex-start fusion-content-layout-column\"><div class=\"fusion-builder-row fusion-builder-row-inner fusion-row fusion-flex-align-items-center fusion-flex-justify-content-center fusion-flex-content-wrap\" style=\"--awb-flex-grow:0;--awb-flex-grow-medium:0;--awb-flex-grow-small:0;--awb-flex-shrink:0;--awb-flex-shrink-medium:0;--awb-flex-shrink-small:0;width:104% !important;max-width:104% !important;margin-left: calc(-4% \/ 2 );margin-right: calc(-4% \/ 2 );\"><div class=\"fusion-layout-column fusion_builder_column_inner fusion-builder-nested-column-0 fusion_builder_column_inner_1_2 1_2 fusion-flex-column\" style=\"--awb-bg-size:cover;--awb-width-large:50%;--awb-margin-top-large:10px;--awb-spacing-right-large:3.84%;--awb-margin-bottom-large:10px;--awb-spacing-left-large:3.84%;--awb-width-medium:100%;--awb-order-medium:0;--awb-spacing-right-medium:1.92%;--awb-spacing-left-medium:1.92%;--awb-width-small:100%;--awb-order-small:0;--awb-spacing-right-small:1.92%;--awb-spacing-left-small:1.92%;\"><div class=\"fusion-column-wrapper fusion-column-has-shadow fusion-flex-justify-content-flex-start fusion-content-layout-column\"><div class=\"fusion-image-element \" style=\"text-align:center;--awb-caption-title-font-family:var(--h2_typography-font-family);--awb-caption-title-font-weight:var(--h2_typography-font-weight);--awb-caption-title-font-style:var(--h2_typography-font-style);--awb-caption-title-size:var(--h2_typography-font-size);--awb-caption-title-transform:var(--h2_typography-text-transform);--awb-caption-title-line-height:var(--h2_typography-line-height);--awb-caption-title-letter-spacing:var(--h2_typography-letter-spacing);\"><span class=\" fusion-imageframe imageframe-none imageframe-1 hover-type-none\"><img decoding=\"async\" width=\"400\" height=\"209\" title=\"CollegeFinal-web\" src=\"https:\/\/ifbb-academy.com\/wp-content\/uploads\/2023\/08\/CollegeFinal-web-400x209.png\" alt class=\"img-responsive wp-image-9450\" srcset=\"https:\/\/ifbb-academy.com\/wp-content\/uploads\/2023\/08\/CollegeFinal-web-200x104.png 200w, https:\/\/ifbb-academy.com\/wp-content\/uploads\/2023\/08\/CollegeFinal-web-400x209.png 400w, https:\/\/ifbb-academy.com\/wp-content\/uploads\/2023\/08\/CollegeFinal-web.png 450w\" sizes=\"(max-width: 1024px) 100vw, (max-width: 640px) 100vw, 400px\" \/><\/span><\/div><\/div><\/div><div class=\"fusion-layout-column fusion_builder_column_inner fusion-builder-nested-column-1 fusion_builder_column_inner_1_2 1_2 fusion-flex-column\" style=\"--awb-bg-size:cover;--awb-width-large:50%;--awb-margin-top-large:10px;--awb-spacing-right-large:3.84%;--awb-margin-bottom-large:10px;--awb-spacing-left-large:3.84%;--awb-width-medium:100%;--awb-order-medium:0;--awb-spacing-right-medium:1.92%;--awb-spacing-left-medium:1.92%;--awb-width-small:100%;--awb-order-small:0;--awb-spacing-right-small:1.92%;--awb-spacing-left-small:1.92%;\"><div class=\"fusion-column-wrapper fusion-column-has-shadow fusion-flex-justify-content-flex-start fusion-content-layout-column\"><div class=\"fusion-image-element \" style=\"text-align:center;--awb-caption-title-font-family:var(--h2_typography-font-family);--awb-caption-title-font-weight:var(--h2_typography-font-weight);--awb-caption-title-font-style:var(--h2_typography-font-style);--awb-caption-title-size:var(--h2_typography-font-size);--awb-caption-title-transform:var(--h2_typography-text-transform);--awb-caption-title-line-height:var(--h2_typography-line-height);--awb-caption-title-letter-spacing:var(--h2_typography-letter-spacing);\"><span class=\" fusion-imageframe imageframe-none imageframe-2 hover-type-none\"><img decoding=\"async\" width=\"300\" height=\"230\" title=\"ifbb-college-certificate\" src=\"https:\/\/ifbb-academy.com\/wp-content\/uploads\/2023\/08\/ifbb-college-certificate-300x230.png\" alt class=\"img-responsive wp-image-9474\" srcset=\"https:\/\/ifbb-academy.com\/wp-content\/uploads\/2023\/08\/ifbb-college-certificate-200x153.png 200w, https:\/\/ifbb-academy.com\/wp-content\/uploads\/2023\/08\/ifbb-college-certificate-400x306.png 400w, https:\/\/ifbb-academy.com\/wp-content\/uploads\/2023\/08\/ifbb-college-certificate.png 402w\" sizes=\"(max-width: 1024px) 100vw, (max-width: 640px) 100vw, 300px\" \/><\/span><\/div><\/div><\/div><\/div><div class=\"fusion-separator fusion-full-width-sep\" style=\"align-self: center;margin-left: auto;margin-right: auto;margin-top:30px;width:100%;\"><\/div><div class=\"fusion-title title fusion-title-1 fusion-sep-none fusion-title-text fusion-title-size-four\" style=\"--awb-margin-top-small:0px;--awb-margin-right-small:0px;--awb-margin-bottom-small:20px;--awb-margin-left-small:0px;--awb-font-size:28px;\"><h4 class=\"fusion-title-heading title-heading-left fusion-responsive-typography-calculated\" style=\"margin:0;font-size:1em;--fontSize:28;line-height:1.67;\"><strong>POSTGRADUIERTENKURSE, DIE DARAUF AUSGELEGT SIND, IHRE BERUFLICHE KOMPETENZ ZU ERWEITERN&nbsp;<\/strong><\/h4><\/div><div class=\"fusion-text fusion-text-1\"><ul>\n<li>Verbessern Sie Ihr Wissen und Ihre F\u00e4higkeiten durch diese spezialisierten Online-Kurse, die Videos, Zertifizierungen und Online-Unterst\u00fctzung umfassen, um Ihre Fragen zu beantworten und Ihren Fortschritt zu verfolgen.&nbsp;<\/li>\n<li dir=\"auto\">Nur verf\u00fcgbar f\u00fcr Sch\u00fcler mit PERSONAL TRAINER, ADVANCED TRAINER UND MASTERS ZERTIFIZIERUNGEN&nbsp;<\/li>\n<li dir=\"auto\"><strong>Aktivieren Sie Ihre IFBB COLLEGE-Lizenz und erhalten Sie 50% Rabatt auf alle Postgraduiertenkurse!<\/strong><\/li>\n<li dir=\"auto\">\n<div dir=\"auto\">Wenn Sie bereits Inhaber einer IFBB Trainer Card sind, k\u00f6nnen Sie Ihre Lizenz f\u00fcr das IFBB COLLEGE aktualisieren!<\/div>\n<\/li>\n<\/ul>\n<\/div><\/div><\/div><div class=\"fusion-layout-column fusion_builder_column fusion-builder-column-1 fusion_builder_column_2_3 2_3 fusion-flex-column\" style=\"--awb-bg-size:cover;--awb-width-large:66.666666666667%;--awb-margin-top-large:10px;--awb-spacing-right-large:2.88%;--awb-margin-bottom-large:10px;--awb-spacing-left-large:2.88%;--awb-width-medium:100%;--awb-order-medium:0;--awb-spacing-right-medium:1.92%;--awb-spacing-left-medium:1.92%;--awb-width-small:100%;--awb-order-small:0;--awb-spacing-right-small:1.92%;--awb-spacing-left-small:1.92%;\"><div class=\"fusion-column-wrapper fusion-column-has-shadow fusion-flex-justify-content-flex-start fusion-content-layout-column\"><div ><a class=\"fusion-button button-flat fusion-button-default-size button-custom fusion-button-default button-1 fusion-button-default-span fusion-button-default-type\" style=\"--button_accent_color:#ffffff;--button_accent_hover_color:#ffffff;--button_border_hover_color:#ffffff;--button_gradient_top_color:#3a9cd7;--button_gradient_bottom_color:#3a9cd7;--button_gradient_top_color_hover:#464d5f;--button_gradient_bottom_color_hover:#464d5f;width:calc(100%);\" target=\"_self\" href=\"https:\/\/ifbb-academy.com\/product\/ifbb-college-license\/\"><i class=\"fa-address-card fas awb-button__icon awb-button__icon--default button-icon-left\" aria-hidden=\"true\"><\/i><span class=\"fusion-button-text awb-button__text awb-button__text--default\">WERDEN SIE MITGLIED AM IFBB COLLEGE UND ERHALTEN SIE SONDERRABATTE AUF ALLE POSTGRADUIERTENKURSE <\/span><\/a><\/div><\/div><\/div><\/div><\/div><div class=\"fusion-fullwidth fullwidth-box fusion-builder-row-2 nonhundred-percent-fullwidth non-hundred-percent-height-scrolling\" style=\"--awb-border-radius-top-left:0px;--awb-border-radius-top-right:0px;--awb-border-radius-bottom-right:0px;--awb-border-radius-bottom-left:0px;--awb-padding-bottom:0px;--awb-margin-bottom:0px;--awb-flex-wrap:wrap;\" ><div class=\"fusion-builder-row fusion-row\"><div class=\"fusion-layout-column fusion_builder_column fusion-builder-column-2 fusion_builder_column_1_1 1_1 fusion-one-full fusion-column-first fusion-column-last\" style=\"--awb-bg-size:cover;\"><div class=\"fusion-column-wrapper fusion-column-has-shadow fusion-flex-column-wrapper-legacy\"><div class=\"fusion-woo-product-grid fusion-product-archive fusion-woo-product-grid-1\"><ul class=\"products products-4\"><li class=\"member-discount discount-restricted product type-product post-12964 status-publish first instock product_cat-post-graduate-courses-de has-post-thumbnail virtual sold-individually purchasable product-type-simple product-grid-view\">\n\t<div class=\"fusion-product-wrapper\">\n<a href=\"https:\/\/ifbb-academy.com\/de\/product\/fortgeschrittene-systeme-im-widerstand-bruecke-zwischen-theorie-und-praxis\/\" class=\"product-images\" aria-label=\"Fortgeschrittene Systeme im Widerstand: Br\u00fccke zwischen Theorie und Praxis\">\n\n<div class=\"featured-image\">\n\t\t<img decoding=\"async\" width=\"500\" height=\"500\" src=\"https:\/\/ifbb-academy.com\/wp-content\/uploads\/2023\/08\/ressitance-img.jpg\" class=\"attachment-woocommerce_thumbnail size-woocommerce_thumbnail wp-post-image\" alt=\"\" srcset=\"https:\/\/ifbb-academy.com\/wp-content\/uploads\/2023\/08\/ressitance-img-66x66.jpg 66w, https:\/\/ifbb-academy.com\/wp-content\/uploads\/2023\/08\/ressitance-img-100x100.jpg 100w, https:\/\/ifbb-academy.com\/wp-content\/uploads\/2023\/08\/ressitance-img-150x150.jpg 150w, https:\/\/ifbb-academy.com\/wp-content\/uploads\/2023\/08\/ressitance-img-200x200.jpg 200w, https:\/\/ifbb-academy.com\/wp-content\/uploads\/2023\/08\/ressitance-img-300x300.jpg 300w, https:\/\/ifbb-academy.com\/wp-content\/uploads\/2023\/08\/ressitance-img-400x400.jpg 400w, https:\/\/ifbb-academy.com\/wp-content\/uploads\/2023\/08\/ressitance-img.jpg 500w\" sizes=\"(max-width: 500px) 100vw, 500px\" \/>\n\t\t\t\t\t\t<div class=\"cart-loading\"><i class=\"awb-icon-spinner\" aria-hidden=\"true\"><\/i><\/div>\n\t\t\t<\/div>\n<\/a>\n<div class=\"fusion-product-content\">\n\t<div class=\"product-details\">\n\t\t<div class=\"product-details-container\">\n<h3 class=\"product-title\">\n\t<a href=\"https:\/\/ifbb-academy.com\/de\/product\/fortgeschrittene-systeme-im-widerstand-bruecke-zwischen-theorie-und-praxis\/\">\n\t\tFortgeschrittene Systeme im Widerstand: Br\u00fccke zwischen Theorie und Praxis\t<\/a>\n<\/h3>\n<div class=\"fusion-price-rating\">\n\n\t<span class=\"price\"><span class=\"woocommerce-Price-amount amount\"><bdi>300,00<span class=\"woocommerce-Price-currencySymbol\">&euro;<\/span><\/bdi><\/span><\/span>\n\t\t<\/div>\n\t<\/div>\n<\/div>\n\n\n\t<div class=\"product-buttons\">\n\t\t<div class=\"fusion-content-sep sep-none\"><\/div>\n\t\t<div class=\"product-buttons-container clearfix\">\n<a href=\"\/de\/wp-json\/wp\/v2\/pages\/12979?add-to-cart=12964\" aria-describedby=\"woocommerce_loop_add_to_cart_link_describedby_12964\" data-quantity=\"1\" class=\"button product_type_simple add_to_cart_button ajax_add_to_cart\" data-product_id=\"12964\" data-product_sku=\"\" aria-label=\"In den Warenkorb legen: \u201eFortgeschrittene Systeme im Widerstand: Br\u00fccke zwischen Theorie und Praxis\u201c\" rel=\"nofollow\">In den Warenkorb<\/a>\t<span id=\"woocommerce_loop_add_to_cart_link_describedby_12964\" class=\"screen-reader-text\">\n\t\t\t<\/span>\n\n<a href=\"https:\/\/ifbb-academy.com\/de\/product\/fortgeschrittene-systeme-im-widerstand-bruecke-zwischen-theorie-und-praxis\/\" class=\"show_details_button\">\n\tDetails<\/a>\n\n\n\t<\/div>\n\t<\/div>\n\n\t<\/div> <\/div>\n<\/li>\n<li class=\"member-discount discount-restricted product type-product post-12959 status-publish instock product_cat-post-graduate-courses-de has-post-thumbnail virtual sold-individually purchasable product-type-simple product-grid-view\">\n\t<div class=\"fusion-product-wrapper\">\n<a href=\"https:\/\/ifbb-academy.com\/de\/product\/hiit-zirkel-functional-cross-hybrid-trainingsmethoden\/\" class=\"product-images\" aria-label=\"HIIT, Zirkel, Functional, Cross &amp; Hybrid Trainingsmethoden\">\n\n<div class=\"featured-image\">\n\t\t<img decoding=\"async\" width=\"500\" height=\"500\" src=\"https:\/\/ifbb-academy.com\/wp-content\/uploads\/2023\/08\/hit-img.jpg\" class=\"attachment-woocommerce_thumbnail size-woocommerce_thumbnail wp-post-image\" alt=\"\" srcset=\"https:\/\/ifbb-academy.com\/wp-content\/uploads\/2023\/08\/hit-img-66x66.jpg 66w, https:\/\/ifbb-academy.com\/wp-content\/uploads\/2023\/08\/hit-img-100x100.jpg 100w, https:\/\/ifbb-academy.com\/wp-content\/uploads\/2023\/08\/hit-img-150x150.jpg 150w, https:\/\/ifbb-academy.com\/wp-content\/uploads\/2023\/08\/hit-img-200x200.jpg 200w, https:\/\/ifbb-academy.com\/wp-content\/uploads\/2023\/08\/hit-img-300x300.jpg 300w, https:\/\/ifbb-academy.com\/wp-content\/uploads\/2023\/08\/hit-img-400x400.jpg 400w, https:\/\/ifbb-academy.com\/wp-content\/uploads\/2023\/08\/hit-img.jpg 500w\" sizes=\"(max-width: 500px) 100vw, 500px\" \/>\n\t\t\t\t\t\t<div class=\"cart-loading\"><i class=\"awb-icon-spinner\" aria-hidden=\"true\"><\/i><\/div>\n\t\t\t<\/div>\n<\/a>\n<div class=\"fusion-product-content\">\n\t<div class=\"product-details\">\n\t\t<div class=\"product-details-container\">\n<h3 class=\"product-title\">\n\t<a href=\"https:\/\/ifbb-academy.com\/de\/product\/hiit-zirkel-functional-cross-hybrid-trainingsmethoden\/\">\n\t\tHIIT, Zirkel, Functional, Cross &amp; Hybrid Trainingsmethoden\t<\/a>\n<\/h3>\n<div class=\"fusion-price-rating\">\n\n\t<span class=\"price\"><span class=\"woocommerce-Price-amount amount\"><bdi>300,00<span class=\"woocommerce-Price-currencySymbol\">&euro;<\/span><\/bdi><\/span><\/span>\n\t\t<\/div>\n\t<\/div>\n<\/div>\n\n\n\t<div class=\"product-buttons\">\n\t\t<div class=\"fusion-content-sep sep-none\"><\/div>\n\t\t<div class=\"product-buttons-container clearfix\">\n<a href=\"\/de\/wp-json\/wp\/v2\/pages\/12979?add-to-cart=12959\" aria-describedby=\"woocommerce_loop_add_to_cart_link_describedby_12959\" data-quantity=\"1\" class=\"button product_type_simple add_to_cart_button ajax_add_to_cart\" data-product_id=\"12959\" data-product_sku=\"\" aria-label=\"In den Warenkorb legen: \u201eHIIT, Zirkel, Functional, Cross &amp; Hybrid Trainingsmethoden\u201c\" rel=\"nofollow\">In den Warenkorb<\/a>\t<span id=\"woocommerce_loop_add_to_cart_link_describedby_12959\" class=\"screen-reader-text\">\n\t\t\t<\/span>\n\n<a href=\"https:\/\/ifbb-academy.com\/de\/product\/hiit-zirkel-functional-cross-hybrid-trainingsmethoden\/\" class=\"show_details_button\">\n\tDetails<\/a>\n\n\n\t<\/div>\n\t<\/div>\n\n\t<\/div> <\/div>\n<\/li>\n<li class=\"member-discount discount-restricted product type-product post-12951 status-publish instock product_cat-post-graduate-courses-de has-post-thumbnail virtual sold-individually purchasable product-type-simple product-grid-view\">\n\t<div class=\"fusion-product-wrapper\">\n<a href=\"https:\/\/ifbb-academy.com\/de\/product\/spezialist-fuer-explosives-und-plyometrisches-training\/\" class=\"product-images\" aria-label=\"Spezialist f\u00fcr explosives und plyometrisches Training\">\n\n<div class=\"featured-image\">\n\t\t<img decoding=\"async\" width=\"500\" height=\"500\" src=\"https:\/\/ifbb-academy.com\/wp-content\/uploads\/2023\/08\/pylomteric-img.jpg\" class=\"attachment-woocommerce_thumbnail size-woocommerce_thumbnail wp-post-image\" alt=\"\" srcset=\"https:\/\/ifbb-academy.com\/wp-content\/uploads\/2023\/08\/pylomteric-img-66x66.jpg 66w, https:\/\/ifbb-academy.com\/wp-content\/uploads\/2023\/08\/pylomteric-img-100x100.jpg 100w, https:\/\/ifbb-academy.com\/wp-content\/uploads\/2023\/08\/pylomteric-img-150x150.jpg 150w, https:\/\/ifbb-academy.com\/wp-content\/uploads\/2023\/08\/pylomteric-img-200x200.jpg 200w, https:\/\/ifbb-academy.com\/wp-content\/uploads\/2023\/08\/pylomteric-img-300x300.jpg 300w, https:\/\/ifbb-academy.com\/wp-content\/uploads\/2023\/08\/pylomteric-img-400x400.jpg 400w, https:\/\/ifbb-academy.com\/wp-content\/uploads\/2023\/08\/pylomteric-img.jpg 500w\" sizes=\"(max-width: 500px) 100vw, 500px\" \/>\n\t\t\t\t\t\t<div class=\"cart-loading\"><i class=\"awb-icon-spinner\" aria-hidden=\"true\"><\/i><\/div>\n\t\t\t<\/div>\n<\/a>\n<div class=\"fusion-product-content\">\n\t<div class=\"product-details\">\n\t\t<div class=\"product-details-container\">\n<h3 class=\"product-title\">\n\t<a href=\"https:\/\/ifbb-academy.com\/de\/product\/spezialist-fuer-explosives-und-plyometrisches-training\/\">\n\t\tSpezialist f\u00fcr explosives und plyometrisches Training\t<\/a>\n<\/h3>\n<div class=\"fusion-price-rating\">\n\n\t<span class=\"price\"><span class=\"woocommerce-Price-amount amount\"><bdi>300,00<span class=\"woocommerce-Price-currencySymbol\">&euro;<\/span><\/bdi><\/span><\/span>\n\t\t<\/div>\n\t<\/div>\n<\/div>\n\n\n\t<div class=\"product-buttons\">\n\t\t<div class=\"fusion-content-sep sep-none\"><\/div>\n\t\t<div class=\"product-buttons-container clearfix\">\n<a href=\"\/de\/wp-json\/wp\/v2\/pages\/12979?add-to-cart=12951\" aria-describedby=\"woocommerce_loop_add_to_cart_link_describedby_12951\" data-quantity=\"1\" class=\"button product_type_simple add_to_cart_button ajax_add_to_cart\" data-product_id=\"12951\" data-product_sku=\"\" aria-label=\"In den Warenkorb legen: \u201eSpezialist f\u00fcr explosives und plyometrisches Training\u201c\" rel=\"nofollow\">In den Warenkorb<\/a>\t<span id=\"woocommerce_loop_add_to_cart_link_describedby_12951\" class=\"screen-reader-text\">\n\t\t\t<\/span>\n\n<a href=\"https:\/\/ifbb-academy.com\/de\/product\/spezialist-fuer-explosives-und-plyometrisches-training\/\" class=\"show_details_button\">\n\tDetails<\/a>\n\n\n\t<\/div>\n\t<\/div>\n\n\t<\/div> <\/div>\n<\/li>\n<\/ul><div class=\"fusion-woo-product-grid-pagination fusion-clearfix\"><\/div><\/div><div class=\"fusion-clearfix\"><\/div><\/div><\/div><\/div><\/div><\/p>\n","protected":false},"excerpt":{"rendered":"","protected":false},"author":7373,"featured_media":0,"parent":0,"menu_order":0,"comment_status":"closed","ping_status":"closed","template":"100-width.php","meta":{"productId":0,"courseId":0,"footnotes":""},"class_list":["post-12979","page","type-page","status-publish","hentry"],"publishpress_future_action":{"enabled":false,"date":"2026-04-28 10:49:00","action":"change-status","newStatus":"draft","terms":[],"taxonomy":"translation_priority","extraData":[]},"publishpress_future_workflow_manual_trigger":{"enabledWorkflows":[]},"_links":{"self":[{"href":"https:\/\/ifbb-academy.com\/de\/wp-json\/wp\/v2\/pages\/12979","targetHints":{"allow":["GET"]}}],"collection":[{"href":"https:\/\/ifbb-academy.com\/de\/wp-json\/wp\/v2\/pages"}],"about":[{"href":"https:\/\/ifbb-academy.com\/de\/wp-json\/wp\/v2\/types\/page"}],"author":[{"embeddable":true,"href":"https:\/\/ifbb-academy.com\/de\/wp-json\/wp\/v2\/users\/7373"}],"replies":[{"embeddable":true,"href":"https:\/\/ifbb-academy.com\/de\/wp-json\/wp\/v2\/comments?post=12979"}],"version-history":[{"count":1,"href":"https:\/\/ifbb-academy.com\/de\/wp-json\/wp\/v2\/pages\/12979\/revisions"}],"predecessor-version":[{"id":12982,"href":"https:\/\/ifbb-academy.com\/de\/wp-json\/wp\/v2\/pages\/12979\/revisions\/12982"}],"wp:attachment":[{"href":"https:\/\/ifbb-academy.com\/de\/wp-json\/wp\/v2\/media?parent=12979"}],"curies":[{"name":"wp","href":"https:\/\/api.w.org\/{rel}","templated":true}]}}