{"id":12958,"date":"2025-03-24T19:49:56","date_gmt":"2025-03-24T17:49:56","guid":{"rendered":"https:\/\/ifbb-academy.com\/ernaehrungsratgeber\/"},"modified":"2025-03-24T19:49:59","modified_gmt":"2025-03-24T17:49:59","slug":"ernaehrungsratgeber","status":"publish","type":"page","link":"https:\/\/ifbb-academy.com\/de\/ernaehrungsratgeber\/","title":{"rendered":"Ern\u00e4hrungsratgeber"},"content":{"rendered":"<p><div class=\"fusion-fullwidth fullwidth-box fusion-builder-row-1 nonhundred-percent-fullwidth non-hundred-percent-height-scrolling\" style=\"--awb-background-position:left top;--awb-border-sizes-top:0px;--awb-border-sizes-bottom:0px;--awb-border-sizes-left:0px;--awb-border-sizes-right:0px;--awb-border-radius-top-left:0px;--awb-border-radius-top-right:0px;--awb-border-radius-bottom-right:0px;--awb-border-radius-bottom-left:0px;--awb-padding-top:50px;--awb-padding-bottom:0px;--awb-background-color:#ffffff;--awb-flex-wrap:wrap;\" ><div class=\"fusion-builder-row fusion-row\"><div class=\"fusion-layout-column fusion_builder_column fusion-builder-column-0 fusion_builder_column_1_6 1_6 fusion-one-sixth fusion-column-first fusion-no-small-visibility\" style=\"--awb-bg-blend:overlay;--awb-bg-size:cover;width:13.3333%; margin-right: 4%;\"><div class=\"fusion-column-wrapper fusion-flex-column-wrapper-legacy\"><div class=\"fusion-clearfix\"><\/div><\/div><\/div><div class=\"fusion-layout-column fusion_builder_column fusion-builder-column-1 fusion_builder_column_2_3 2_3 fusion-two-third\" style=\"--awb-bg-blend:overlay;--awb-bg-size:cover;width:65.3333%; margin-right: 4%;\"><div class=\"fusion-column-wrapper fusion-flex-column-wrapper-legacy\"><div class=\"fusion-image-element fusion-image-align-center in-legacy-container\" style=\"text-align:center;--awb-caption-title-font-family:var(--h2_typography-font-family);--awb-caption-title-font-weight:var(--h2_typography-font-weight);--awb-caption-title-font-style:var(--h2_typography-font-style);--awb-caption-title-size:var(--h2_typography-font-size);--awb-caption-title-transform:var(--h2_typography-text-transform);--awb-caption-title-line-height:var(--h2_typography-line-height);--awb-caption-title-letter-spacing:var(--h2_typography-letter-spacing);\"><div class=\"imageframe-align-center\"><span class=\" fusion-imageframe imageframe-none imageframe-1 hover-type-none\"><img decoding=\"async\" width=\"178\" height=\"200\" title=\"ifbb-academy-logo-2023\" src=\"https:\/\/ifbb-academy.com\/wp-content\/uploads\/2022\/12\/ifbb-academy-logo-2023.png\" alt class=\"img-responsive wp-image-7366\"\/><\/span><\/div><\/div><div class=\"fusion-sep-clear\"><\/div><div class=\"fusion-separator fusion-full-width-sep\" style=\"margin-left: auto;margin-right: auto;margin-top:40px;width:100%;\"><\/div><div class=\"fusion-sep-clear\"><\/div><div class=\"fusion-title title fusion-title-1 fusion-sep-none fusion-title-center fusion-title-text fusion-title-size-two\" style=\"--awb-text-color:#910791;--awb-margin-top-small:0px;--awb-margin-right-small:0px;--awb-margin-bottom-small:20px;--awb-margin-left-small:0px;\"><h2 class=\"fusion-title-heading title-heading-center fusion-responsive-typography-calculated\" style=\"margin:0;--fontSize:34;line-height:1.47;\"><h2><span style=\"color: #663366;\">Ern\u00e4hrungsratgeber<\/span><\/h2><\/h2><\/div><div class=\"fusion-sep-clear\"><\/div><div class=\"fusion-separator\" style=\"margin-left: auto;margin-right: auto;margin-top:15px;margin-bottom:35px;width:100%;max-width:170px;\"><div class=\"fusion-separator-border sep-single sep-solid\" style=\"--awb-height:20px;--awb-amount:20px;--awb-sep-color:#ef9a3d;border-color:#ef9a3d;border-top-width:1px;\"><\/div><\/div><div class=\"fusion-sep-clear\"><\/div><div class=\"fusion-clearfix\"><\/div><\/div><\/div><div class=\"fusion-layout-column fusion_builder_column fusion-builder-column-2 fusion_builder_column_1_6 1_6 fusion-one-sixth fusion-column-last fusion-no-small-visibility\" style=\"--awb-bg-blend:overlay;--awb-bg-size:cover;width:13.3333%;\"><div class=\"fusion-column-wrapper fusion-flex-column-wrapper-legacy\"><div class=\"fusion-clearfix\"><\/div><\/div><\/div><\/div><\/div><div class=\"fusion-fullwidth fullwidth-box fusion-builder-row-2 nonhundred-percent-fullwidth non-hundred-percent-height-scrolling\" style=\"--awb-border-radius-top-left:0px;--awb-border-radius-top-right:0px;--awb-border-radius-bottom-right:0px;--awb-border-radius-bottom-left:0px;--awb-padding-bottom:0px;--awb-margin-bottom:0px;--awb-flex-wrap:wrap;\" ><div class=\"fusion-builder-row fusion-row\"><div class=\"fusion-layout-column fusion_builder_column fusion-builder-column-3 fusion_builder_column_1_1 1_1 fusion-one-full fusion-column-first fusion-column-last\" style=\"--awb-bg-blend:overlay;--awb-bg-size:cover;--awb-margin-top:0px;--awb-margin-bottom:0px;\"><div class=\"fusion-column-wrapper fusion-flex-column-wrapper-legacy\"><div class=\"fusion-text fusion-text-1\" style=\"--awb-text-color:#000000;\"><p style=\"font-weight: 400;\">IFBB Nutrition Guides sind Ihre One-Stop-L\u00f6sung, um sich in der komplexen Welt der Fitnessern\u00e4hrung zurechtzufinden. Diese Leitf\u00e4den wurden von IFBB-Spezialisten erstellt und sind Ihr Tor zum Essen und Aufbau Ihres K\u00f6rpers wie die besten Fitnesssportler der Welt. <\/p>\n<p style=\"font-weight: 400;\">Unsere Ratgeber sind nicht nur Di\u00e4tpl\u00e4ne; Es handelt sich um lehrreiche E-Books, die Ihnen Wissen \u00fcber die Bedeutung der Ern\u00e4hrung im Fitnessbereich vermitteln sollen. Wir haben jeden Leitfaden fachm\u00e4nnisch so zusammengestellt, dass er auf Ihr K\u00f6rpergewicht zugeschnitten ist, um einen personalisierten Ansatz f\u00fcr Ihre individuellen Fitnessziele zu gew\u00e4hrleisten. <\/p>\n<p style=\"font-weight: 400;\">Mit den IFBB Nutrition Guides verabschieden Sie sich von Spekulationen und entwickeln eine Transformationsstrategie, die Ihren Lebensstil neu gestalten und Ihnen helfen kann, der Fitnesssportler zu werden, der Sie schon immer sein wollten. Begeben Sie sich noch heute auf den Weg zu einem ges\u00fcnderen, fitteren Ich mit unseren personalisierten IFBB Ern\u00e4hrungsguides. Kein R\u00e4tselraten mehr, nur noch Ergebnisse, die durch IFBB-Garantie, Prestige und Erfahrung abgesichert sind!  <\/p>\n<p><span style=\"font-weight: 400;\">Kaufen Sie den IFBB Ern\u00e4hrungsratgeber, der auf Ihr K\u00f6rpergewicht zugeschnitten ist, um Ihre Ziele zu unterst\u00fctzen:<\/span><\/p>\n<\/div><div class=\"fusion-clearfix\"><\/div><\/div><\/div><\/div><\/div><\/p>\n","protected":false},"excerpt":{"rendered":"","protected":false},"author":7373,"featured_media":0,"parent":0,"menu_order":0,"comment_status":"closed","ping_status":"closed","template":"100-width.php","meta":{"productId":0,"courseId":0,"footnotes":""},"class_list":["post-12958","page","type-page","status-publish","hentry"],"publishpress_future_action":{"enabled":false,"date":"2026-05-05 21:25:20","action":"change-status","newStatus":"draft","terms":[],"taxonomy":"translation_priority","extraData":[]},"publishpress_future_workflow_manual_trigger":{"enabledWorkflows":[]},"_links":{"self":[{"href":"https:\/\/ifbb-academy.com\/de\/wp-json\/wp\/v2\/pages\/12958","targetHints":{"allow":["GET"]}}],"collection":[{"href":"https:\/\/ifbb-academy.com\/de\/wp-json\/wp\/v2\/pages"}],"about":[{"href":"https:\/\/ifbb-academy.com\/de\/wp-json\/wp\/v2\/types\/page"}],"author":[{"embeddable":true,"href":"https:\/\/ifbb-academy.com\/de\/wp-json\/wp\/v2\/users\/7373"}],"replies":[{"embeddable":true,"href":"https:\/\/ifbb-academy.com\/de\/wp-json\/wp\/v2\/comments?post=12958"}],"version-history":[{"count":6,"href":"https:\/\/ifbb-academy.com\/de\/wp-json\/wp\/v2\/pages\/12958\/revisions"}],"predecessor-version":[{"id":12975,"href":"https:\/\/ifbb-academy.com\/de\/wp-json\/wp\/v2\/pages\/12958\/revisions\/12975"}],"wp:attachment":[{"href":"https:\/\/ifbb-academy.com\/de\/wp-json\/wp\/v2\/media?parent=12958"}],"curies":[{"name":"wp","href":"https:\/\/api.w.org\/{rel}","templated":true}]}}