{"id":12892,"date":"2025-03-21T18:24:53","date_gmt":"2025-03-21T16:24:53","guid":{"rendered":"https:\/\/ifbb-academy.com\/schulungsleitfaeden\/"},"modified":"2025-03-21T18:36:20","modified_gmt":"2025-03-21T16:36:20","slug":"schulungsleitfaeden","status":"publish","type":"page","link":"https:\/\/ifbb-academy.com\/de\/schulungsleitfaeden\/","title":{"rendered":"Schulungsleitf\u00e4den"},"content":{"rendered":"<p><div class=\"fusion-fullwidth fullwidth-box fusion-builder-row-1 nonhundred-percent-fullwidth non-hundred-percent-height-scrolling\" style=\"--awb-background-position:left top;--awb-border-sizes-top:0px;--awb-border-sizes-bottom:0px;--awb-border-sizes-left:0px;--awb-border-sizes-right:0px;--awb-border-radius-top-left:0px;--awb-border-radius-top-right:0px;--awb-border-radius-bottom-right:0px;--awb-border-radius-bottom-left:0px;--awb-padding-top:50px;--awb-padding-bottom:0px;--awb-background-color:#ffffff;--awb-flex-wrap:wrap;\" ><div class=\"fusion-builder-row fusion-row\"><div class=\"fusion-layout-column fusion_builder_column fusion-builder-column-0 fusion_builder_column_1_6 1_6 fusion-one-sixth fusion-column-first fusion-no-small-visibility\" style=\"--awb-bg-blend:overlay;--awb-bg-size:cover;width:13.3333%; margin-right: 4%;\"><div class=\"fusion-column-wrapper fusion-flex-column-wrapper-legacy\"><div class=\"fusion-clearfix\"><\/div><\/div><\/div><div class=\"fusion-layout-column fusion_builder_column fusion-builder-column-1 fusion_builder_column_2_3 2_3 fusion-two-third\" style=\"--awb-bg-blend:overlay;--awb-bg-size:cover;width:65.3333%; margin-right: 4%;\"><div class=\"fusion-column-wrapper fusion-flex-column-wrapper-legacy\"><div class=\"fusion-image-element fusion-image-align-center in-legacy-container\" style=\"text-align:center;--awb-caption-title-font-family:var(--h2_typography-font-family);--awb-caption-title-font-weight:var(--h2_typography-font-weight);--awb-caption-title-font-style:var(--h2_typography-font-style);--awb-caption-title-size:var(--h2_typography-font-size);--awb-caption-title-transform:var(--h2_typography-text-transform);--awb-caption-title-line-height:var(--h2_typography-line-height);--awb-caption-title-letter-spacing:var(--h2_typography-letter-spacing);\"><div class=\"imageframe-align-center\"><span class=\" fusion-imageframe imageframe-none imageframe-1 hover-type-none\"><img decoding=\"async\" width=\"178\" height=\"200\" title=\"ifbb-academy-logo-2023\" src=\"https:\/\/ifbb-academy.com\/wp-content\/uploads\/2022\/12\/ifbb-academy-logo-2023.png\" alt class=\"img-responsive wp-image-7366\"\/><\/span><\/div><\/div><div class=\"fusion-sep-clear\"><\/div><div class=\"fusion-separator fusion-full-width-sep\" style=\"margin-left: auto;margin-right: auto;margin-top:40px;width:100%;\"><\/div><div class=\"fusion-sep-clear\"><\/div><div class=\"fusion-title title fusion-title-1 fusion-sep-none fusion-title-center fusion-title-text fusion-title-size-two\" style=\"--awb-text-color:#910791;--awb-margin-top-small:0px;--awb-margin-right-small:0px;--awb-margin-bottom-small:20px;--awb-margin-left-small:0px;\"><h2 class=\"fusion-title-heading title-heading-center fusion-responsive-typography-calculated\" style=\"margin:0;--fontSize:34;line-height:1.47;\"><h2><span style=\"color: #663366;\">Schulungsleitf\u00e4den<\/span><\/h2><\/h2><\/div><div class=\"fusion-sep-clear\"><\/div><div class=\"fusion-separator\" style=\"margin-left: auto;margin-right: auto;margin-top:15px;margin-bottom:35px;width:100%;max-width:170px;\"><div class=\"fusion-separator-border sep-single sep-solid\" style=\"--awb-height:20px;--awb-amount:20px;--awb-sep-color:#ef9a3d;border-color:#ef9a3d;border-top-width:1px;\"><\/div><\/div><div class=\"fusion-sep-clear\"><\/div><div class=\"fusion-clearfix\"><\/div><\/div><\/div><div class=\"fusion-layout-column fusion_builder_column fusion-builder-column-2 fusion_builder_column_1_6 1_6 fusion-one-sixth fusion-column-last fusion-no-small-visibility\" style=\"--awb-bg-blend:overlay;--awb-bg-size:cover;width:13.3333%;\"><div class=\"fusion-column-wrapper fusion-flex-column-wrapper-legacy\"><div class=\"fusion-clearfix\"><\/div><\/div><\/div><\/div><\/div><div class=\"fusion-fullwidth fullwidth-box fusion-builder-row-2 nonhundred-percent-fullwidth non-hundred-percent-height-scrolling\" style=\"--awb-border-radius-top-left:0px;--awb-border-radius-top-right:0px;--awb-border-radius-bottom-right:0px;--awb-border-radius-bottom-left:0px;--awb-padding-bottom:0px;--awb-margin-bottom:0px;--awb-flex-wrap:wrap;\" ><div class=\"fusion-builder-row fusion-row\"><div class=\"fusion-layout-column fusion_builder_column fusion-builder-column-3 fusion_builder_column_1_1 1_1 fusion-one-full fusion-column-first fusion-column-last\" style=\"--awb-bg-blend:overlay;--awb-bg-size:cover;--awb-margin-top:0px;--awb-margin-bottom:0px;\"><div class=\"fusion-column-wrapper fusion-flex-column-wrapper-legacy\"><div class=\"fusion-text fusion-text-1\" style=\"--awb-text-color:#000000;\"><p>Nicht jeder hat Zugang zu einem Personal Trainer oder Fitnesscoach, aber jetzt haben Sie die Chance, wie unsere besten Sportler zu trainieren!<\/p>\n<p>Unser erfahrenes und forschungsbasiertes Programm bietet einen strukturierten Ansatz, um alle Muskelgruppen zu trainieren und die Trainingsintensit\u00e4t schrittweise zu erh\u00f6hen.<\/p>\n<p>Mit optimierten Muskelstimuli und progressiver \u00dcberlastung sind Sie auf dem besten Weg zu optimalem Muskelwachstum und Fettverbrennung, wobei Sie mit den richtigen Techniken und Erholungszeiten Verletzungen vorbeugen.<\/p>\n<p>Diese Programme werden durch die Garantie, das Prestige und die Erfahrung der IFBB-Spezialisten erstellt.<\/p>\n<p>Geben Sie sich nicht mit einer zuf\u00e4lligen und ungeplanten Trainingsroutine zufrieden &#8211; bringen Sie Ihren K\u00f6rper mit den IFBB Academy Training Guides auf die n\u00e4chste Stufe.<\/p>\n<p>Kaufen Sie den Trainingsleitfaden f\u00fcr Ihre Abteilung und beginnen Sie noch heute Ihre Reise zu Fitness-Wettbewerben!<\/p>\n<\/div><div class=\"fusion-clearfix\"><\/div><\/div><\/div><\/div><\/div><\/p>\n","protected":false},"excerpt":{"rendered":"","protected":false},"author":7373,"featured_media":0,"parent":0,"menu_order":0,"comment_status":"closed","ping_status":"closed","template":"100-width.php","meta":{"productId":0,"courseId":0,"footnotes":""},"class_list":["post-12892","page","type-page","status-publish","hentry"],"publishpress_future_action":{"enabled":false,"date":"2026-04-24 08:52:17","action":"change-status","newStatus":"draft","terms":[],"taxonomy":"translation_priority","extraData":[]},"publishpress_future_workflow_manual_trigger":{"enabledWorkflows":[]},"_links":{"self":[{"href":"https:\/\/ifbb-academy.com\/de\/wp-json\/wp\/v2\/pages\/12892","targetHints":{"allow":["GET"]}}],"collection":[{"href":"https:\/\/ifbb-academy.com\/de\/wp-json\/wp\/v2\/pages"}],"about":[{"href":"https:\/\/ifbb-academy.com\/de\/wp-json\/wp\/v2\/types\/page"}],"author":[{"embeddable":true,"href":"https:\/\/ifbb-academy.com\/de\/wp-json\/wp\/v2\/users\/7373"}],"replies":[{"embeddable":true,"href":"https:\/\/ifbb-academy.com\/de\/wp-json\/wp\/v2\/comments?post=12892"}],"version-history":[{"count":4,"href":"https:\/\/ifbb-academy.com\/de\/wp-json\/wp\/v2\/pages\/12892\/revisions"}],"predecessor-version":[{"id":12908,"href":"https:\/\/ifbb-academy.com\/de\/wp-json\/wp\/v2\/pages\/12892\/revisions\/12908"}],"wp:attachment":[{"href":"https:\/\/ifbb-academy.com\/de\/wp-json\/wp\/v2\/media?parent=12892"}],"curies":[{"name":"wp","href":"https:\/\/api.w.org\/{rel}","templated":true}]}}