{"id":12874,"date":"2025-03-21T18:21:55","date_gmt":"2025-03-21T16:21:55","guid":{"rendered":"https:\/\/ifbb-academy.com\/ifbb\/"},"modified":"2025-03-21T18:36:30","modified_gmt":"2025-03-21T16:36:30","slug":"ifbb","status":"publish","type":"page","link":"https:\/\/ifbb-academy.com\/de\/ifbb\/","title":{"rendered":"IFBB"},"content":{"rendered":"<p><div class=\"fusion-fullwidth fullwidth-box fusion-builder-row-1 nonhundred-percent-fullwidth non-hundred-percent-height-scrolling\" style=\"--awb-background-position:left top;--awb-border-sizes-top:0px;--awb-border-sizes-bottom:0px;--awb-border-sizes-left:0px;--awb-border-sizes-right:0px;--awb-border-radius-top-left:0px;--awb-border-radius-top-right:0px;--awb-border-radius-bottom-right:0px;--awb-border-radius-bottom-left:0px;--awb-padding-top:90px;--awb-padding-bottom:0px;--awb-margin-bottom:0px;--awb-flex-wrap:wrap;\" ><div class=\"fusion-builder-row fusion-row\"><div class=\"fusion-layout-column fusion_builder_column fusion-builder-column-0 fusion_builder_column_1_1 1_1 fusion-one-full fusion-column-first fusion-column-last\" style=\"--awb-bg-blend:overlay;--awb-bg-size:cover;--awb-margin-bottom:0px;\"><div class=\"fusion-column-wrapper fusion-flex-column-wrapper-legacy\"><div class=\"fusion-image-element fusion-image-align-center in-legacy-container\" style=\"text-align:center;--awb-caption-title-font-family:var(--h2_typography-font-family);--awb-caption-title-font-weight:var(--h2_typography-font-weight);--awb-caption-title-font-style:var(--h2_typography-font-style);--awb-caption-title-size:var(--h2_typography-font-size);--awb-caption-title-transform:var(--h2_typography-text-transform);--awb-caption-title-line-height:var(--h2_typography-line-height);--awb-caption-title-letter-spacing:var(--h2_typography-letter-spacing);\"><div class=\"imageframe-align-center\"><span class=\" fusion-imageframe imageframe-none imageframe-1 hover-type-none\"><a class=\"fusion-no-lightbox\" href=\"https:\/\/bit.ly\/2l3jd8A\" target=\"_blank\" aria-label=\"IFBB-Logo-2023\" rel=\"noopener noreferrer\"><img decoding=\"async\" width=\"243\" height=\"200\" src=\"https:\/\/ifbb-academy.com\/wp-content\/uploads\/2022\/12\/IFBB-Logo-2023.png\" alt class=\"img-responsive wp-image-7385\" srcset=\"https:\/\/ifbb-academy.com\/wp-content\/uploads\/2022\/12\/IFBB-Logo-2023-200x165.png 200w, https:\/\/ifbb-academy.com\/wp-content\/uploads\/2022\/12\/IFBB-Logo-2023.png 243w\" sizes=\"(max-width: 1000px) 100vw, 243px\" \/><\/a><\/span><\/div><\/div><div class=\"fusion-sep-clear\"><\/div><div class=\"fusion-separator fusion-full-width-sep\" style=\"margin-left: auto;margin-right: auto;margin-top:40px;width:100%;\"><\/div><div class=\"fusion-sep-clear\"><\/div><div class=\"fusion-text fusion-text-1\"><h2 class=\"fusion-responsive-typography-calculated\" style=\"text-align: center; --fontsize: 34; line-height: 1.47;\" data-fontsize=\"34\" data-lineheight=\"49.98px\">Internationaler Verband f\u00fcr Fitness und Bodybuilding<\/h2>\n<\/div><div class=\"fusion-sep-clear\"><\/div><div class=\"fusion-separator\" style=\"margin-left: auto;margin-right: auto;margin-top:15px;margin-bottom:35px;width:100%;max-width:170px;\"><div class=\"fusion-separator-border sep-single sep-solid\" style=\"--awb-height:20px;--awb-amount:20px;--awb-sep-color:#ef9a3d;border-color:#ef9a3d;border-top-width:1px;\"><\/div><\/div><div class=\"fusion-sep-clear\"><\/div><div class=\"fusion-text fusion-text-2\"><p>Die International Federation of Bodybuilding and Fitness (IFBB), die 1946 in Kanada gegr\u00fcndet wurde, hat 204 Mitgliedsnationen und ist einer der gr\u00f6\u00dften und aktivsten internationalen Sportverb\u00e4nde der Welt.<\/p>\n<p>Die IFBB:<\/p>\n<ul>\n<li>Veranstaltet Wettk\u00e4mpfe in den elf folgenden Wettkampfsportarten: Bodybuilding der M\u00e4nner, klassisches Bodybuilding der M\u00e4nner, Fitness der M\u00e4nner, K\u00f6rperbau der M\u00e4nner, K\u00f6rperbau der Frauen, Body-Fitness der Frauen, Bikini-Fitness der Frauen, Fitness der Frauen, gemischte Paare, Fitness der Kinder, Bodybuilding der M\u00e4nner im Rollstuhl.<\/li>\n<li>Organisiert jedes Jahr mehr als 8.000 lokale, nationale, regionale, kontinentale und Weltmeisterschaften. Bodybuilding und Fitness sind sehr beliebte Sportarten, die weltweit als gesunder Lebensstil praktiziert werden.<\/li>\n<li>www.ifbb.com erh\u00e4lt jeden Monat 15 Millionen Zugriffe aus fast allen L\u00e4ndern der Welt.<\/li>\n<li>Die sozialen Medien der IFBB erreichen eine beeindruckende Anzahl von Anh\u00e4ngern, Athleten, Funktion\u00e4ren und Fitnessbegeisterten, die durch die sozialen Medien der 199 nationalen Mitgliedsverb\u00e4nde um ein Millionenfaches vergr\u00f6\u00dfert wird.<\/li>\n<li>Die IFBB ist Unterzeichner des Codes der Welt-Anti-Doping-Agentur (WADA) und unterst\u00fctzt die Werte des Sports und die F\u00f6rderung der Gesundheit.<\/li>\n<li>Die IFBB ist der Ansicht, dass die Kombination aus richtigem Training und richtiger Ern\u00e4hrung, unterst\u00fctzt und angeleitet von geschickten und gut vorbereiteten Trainern und Ausbildern, unerl\u00e4sslich ist, um die k\u00f6rperliche Verfassung der Athleten auf allen Ebenen und in allen Disziplinen zu f\u00f6rdern und die \u00f6ffentliche Gesundheit zu sch\u00fctzen, wobei Doping nicht toleriert wird.<\/li>\n<li>Die International Federation of Bodybuilding and Fitness (IFBB) ist der Sportverband, der weltweit f\u00fcr das Management von Bodybuilding und Fitness verantwortlich ist. Sie ist Vollmitglied und\/oder wird von den folgenden Sportinstitutionen und Organisationen anerkannt:<div class=\"accordian fusion-accordian\" style=\"--awb-border-size:0px;--awb-icon-size:25px;--awb-content-font-size:15px;--awb-icon-alignment:left;--awb-hover-color:#ffffff;--awb-border-color:#e7e4e2;--awb-background-color:#ffffff;--awb-divider-color:#e7e4e2;--awb-divider-hover-color:#e7e4e2;--awb-icon-color:#663366;--awb-title-color:#663366;--awb-content-color:#7e8890;--awb-icon-box-color:#333333;--awb-toggle-hover-accent-color:#663366;--awb-title-font-family:&quot;Open Sans&quot;;--awb-title-font-weight:700;--awb-title-font-style:normal;--awb-title-font-size:15px;--awb-content-font-family:&quot;Open Sans&quot;;--awb-content-font-style:normal;--awb-content-font-weight:400;\"><div class=\"panel-group fusion-toggle-icon-unboxed\" id=\"accordion-12874-1\"><div class=\"fusion-panel panel-default panel-3cf372593afcbc212 fusion-toggle-no-divider fusion-toggle-boxed-mode\"><div class=\"panel-heading\"><h4 class=\"panel-title toggle\" id=\"toggle_3cf372593afcbc212\"><a aria-expanded=\"false\" aria-controls=\"3cf372593afcbc212\" role=\"button\" data-toggle=\"collapse\" data-parent=\"#accordion-12874-1\" data-target=\"#3cf372593afcbc212\" href=\"#3cf372593afcbc212\"><span class=\"fusion-toggle-icon-wrapper\" aria-hidden=\"true\"><i class=\"fa-fusion-box active-icon awb-icon-minus\" aria-hidden=\"true\"><\/i><i class=\"fa-fusion-box inactive-icon awb-icon-plus\" aria-hidden=\"true\"><\/i><\/span><span class=\"fusion-toggle-heading\">Olympische Organisationen<\/span><\/a><\/h4><\/div><div id=\"3cf372593afcbc212\" class=\"panel-collapse collapse \" aria-labelledby=\"toggle_3cf372593afcbc212\"><div class=\"panel-body toggle-content fusion-clearfix\">\n<ul>\n<li>Olympischer Rat von Asien (OCA)<\/li>\n<li>Pan-Amerikanische Sportorganisation (PANAMSPORTS)<\/li>\n<li>Zentralamerikanische und karibische Sportorganisation (ODECABE)<\/li>\n<li>Zentralamerikanische Sportorganisation (ORDECA)<\/li>\n<li>S\u00fcdamerikanische Sportorganisation (ODESUR)<\/li>\n<li>Vereinigung der Nationalen Olympischen Komitees von Afrika (ANOCA)<\/li>\n<li>Nationale Olympische Komitees Ozeaniens (ONOC)<\/li>\n<\/ul>\n<p>Tats\u00e4chlich hat Bodybuilding und Fitness vor kurzem als Medaillensportart an den Panamerikanischen Spielen 2019 (der zweitgr\u00f6\u00dften olympischen Veranstaltung nach den Olympischen Sommerspielen) in Lima, Peru, teilgenommen.<\/p>\n<p>Au\u00dferdem wurde unsere Sportart im Dezember 2019 von der ODEABE als Medaillensportart f\u00fcr die n\u00e4chsten Zentralamerikanischen und Karibischen Spiele 2022 in Panama City, Panama, zugelassen.<\/p>\n<p><\/div><\/div><\/div><div class=\"fusion-panel panel-default panel-8ed1280752899ea42 fusion-toggle-no-divider fusion-toggle-boxed-mode\"><div class=\"panel-heading\"><h4 class=\"panel-title toggle\" id=\"toggle_8ed1280752899ea42\"><a aria-expanded=\"false\" aria-controls=\"8ed1280752899ea42\" role=\"button\" data-toggle=\"collapse\" data-parent=\"#accordion-12874-1\" data-target=\"#8ed1280752899ea42\" href=\"#8ed1280752899ea42\"><span class=\"fusion-toggle-icon-wrapper\" aria-hidden=\"true\"><i class=\"fa-fusion-box active-icon awb-icon-minus\" aria-hidden=\"true\"><\/i><i class=\"fa-fusion-box inactive-icon awb-icon-plus\" aria-hidden=\"true\"><\/i><\/span><span class=\"fusion-toggle-heading\">Anerkennung durch internationale Sportorganisationen<\/span><\/a><\/h4><\/div><div id=\"8ed1280752899ea42\" class=\"panel-collapse collapse \" aria-labelledby=\"toggle_8ed1280752899ea42\"><div class=\"panel-body toggle-content fusion-clearfix\"><\/p>\n<ul>\n<li>Weltverband der Internationalen Sportverb\u00e4nde (GAISF)<\/li>\n<li>Vereinigung der panamerikanischen Sportverb\u00e4nde (ACODEPA)<\/li>\n<li>Vereinigung der afrikanischen Sportverb\u00e4nde (AASC)<\/li>\n<li>Internationaler Hochschulsportverband (FISU)<\/li>\n<li>Allianz der unabh\u00e4ngigen anerkannten Mitglieder des Sports (AIMS)<\/li>\n<li>Internationaler Verband der Weltspiele (IWGA)<\/li>\n<\/ul>\n<p><\/div><\/div><\/div><div class=\"fusion-panel panel-default panel-55bbff85bb99cac6d fusion-toggle-no-divider fusion-toggle-boxed-mode\"><div class=\"panel-heading\"><h4 class=\"panel-title toggle\" id=\"toggle_55bbff85bb99cac6d\"><a aria-expanded=\"false\" aria-controls=\"55bbff85bb99cac6d\" role=\"button\" data-toggle=\"collapse\" data-parent=\"#accordion-12874-1\" data-target=\"#55bbff85bb99cac6d\" href=\"#55bbff85bb99cac6d\"><span class=\"fusion-toggle-icon-wrapper\" aria-hidden=\"true\"><i class=\"fa-fusion-box active-icon awb-icon-minus\" aria-hidden=\"true\"><\/i><i class=\"fa-fusion-box inactive-icon awb-icon-plus\" aria-hidden=\"true\"><\/i><\/span><span class=\"fusion-toggle-heading\">Zugeh\u00f6rigkeit zu internationalen Bildungs- und Coaching-Institutionen <\/span><\/a><\/h4><\/div><div id=\"55bbff85bb99cac6d\" class=\"panel-collapse collapse \" aria-labelledby=\"toggle_55bbff85bb99cac6d\"><div class=\"panel-body toggle-content fusion-clearfix\"><\/p>\n<ul>\n<li>Sportforum der Europ\u00e4ischen Union<\/li>\n<li>Europ\u00e4isches College f\u00fcr Sportwissenschaft (ECSS)<\/li>\n<li>Internationaler Verband der Sportpresse (AIPS)<\/li>\n<li>Internationaler Rat f\u00fcr Coaching-Exzellenz (ICCE)<\/li>\n<li>Internationaler Rat f\u00fcr Sportwissenschaft und Leibeserziehung (ICSSPE)<\/li>\n<li>Internationaler Ausschuss Pierre de Coubertin (CIPC)<\/li>\n<li>Frieden und Sport<\/li>\n<\/ul>\n<p><\/div><\/div><\/div><\/div><\/div><\/li>\n<li>Muscle and Health, das offizielle IFBB-Magazin mit Ausgaben in spanischer, englischer, arabischer und indischer Sprache; IFBB-Events, Fotogalerien, Athleteninterviews, IFBB-Nachrichten zusammen mit Ern\u00e4hrungs- und Trainingsartikeln in einem leserfreundlichen Design; ein Magazin von Athleten f\u00fcr Athleten.<\/li>\n<li>Als weltweite Autorit\u00e4t auf dem Gebiet des Krafttrainings und der Sportern\u00e4hrung verf\u00fcgt die IFBB \u00fcber ein umfangreiches Ausbildungsprogramm, das Bodybuilding-, Fitness-, Gesundheits- und Sportfachleuten mit unterschiedlichem akademischen und beruflichen Hintergrund eine qualifizierte Zertifizierung erm\u00f6glicht.<\/li>\n<\/ul>\n<\/div><div class=\"fusion-clearfix\"><\/div><\/div><\/div><\/div><\/div><div class=\"fusion-fullwidth fullwidth-box fusion-builder-row-2 hundred-percent-fullwidth non-hundred-percent-height-scrolling\" style=\"--awb-border-radius-top-left:0px;--awb-border-radius-top-right:0px;--awb-border-radius-bottom-right:0px;--awb-border-radius-bottom-left:0px;--awb-background-color:#faf9f8;--awb-flex-wrap:wrap;\" ><div class=\"fusion-builder-row fusion-row\"><div class=\"fusion-layout-column fusion_builder_column fusion-builder-column-1 fusion_builder_column_1_1 1_1 fusion-one-full fusion-column-first fusion-column-last fusion-column-no-min-height\" style=\"--awb-bg-blend:overlay;--awb-bg-size:cover;--awb-margin-top:0px;--awb-margin-bottom:30px;\"><div class=\"fusion-column-wrapper fusion-flex-column-wrapper-legacy\"><div class=\"fusion-section-separator section-separator bigtriangle fusion-section-separator-1\" style=\"--awb-spacer-height:99px;--awb-svg-margin-left:0;--awb-svg-margin-right:0;--awb-divider-height:99px;--awb-spacer-padding-top:inherit;--awb-sep-padding:0;--awb-svg-padding:0;\"><div class=\"fusion-section-separator-svg\"><svg class=\"fusion-big-triangle-candy\" xmlns=\"http:\/\/www.w3.org\/2000\/svg\" version=\"1.1\" width=\"100%\" height=\"100\" viewBox=\"0 0 100 100\" preserveAspectRatio=\"none\" fill=\"rgba(255,255,255,1)\"><path d=\"M-1 -1 L50 99 L101 -1 Z\"><\/path><\/svg><\/div><div class=\"fusion-section-separator-spacer\"><div class=\"fusion-section-separator-spacer-height\"><\/div><\/div><\/div><div class=\"fusion-clearfix\"><\/div><\/div><\/div><\/div><\/div><div class=\"fusion-fullwidth fullwidth-box fusion-builder-row-3 nonhundred-percent-fullwidth non-hundred-percent-height-scrolling\" style=\"--awb-background-position:left top;--awb-border-sizes-top:0px;--awb-border-sizes-bottom:0px;--awb-border-sizes-left:0px;--awb-border-sizes-right:0px;--awb-border-radius-top-left:0px;--awb-border-radius-top-right:0px;--awb-border-radius-bottom-right:0px;--awb-border-radius-bottom-left:0px;--awb-padding-top:37px;--awb-padding-bottom:50px;--awb-background-color:#faf9f8;--awb-flex-wrap:wrap;\" ><div class=\"fusion-builder-row fusion-row\"><div class=\"fusion-layout-column fusion_builder_column fusion-builder-column-2 fusion_builder_column_1_1 1_1 fusion-one-full fusion-column-first fusion-column-last\" style=\"--awb-bg-size:cover;\"><div class=\"fusion-column-wrapper fusion-column-has-shadow fusion-flex-column-wrapper-legacy\"><div class=\"fusion-video fusion-selfhosted-video\" style=\"max-width:100%;\"><div class=\"video-wrapper\"><video playsinline=\"true\" width=\"100%\" style=\"object-fit: cover;\" autoplay=\"true\" muted=\"true\" loop=\"true\" preload=\"auto\" controls=\"1\"><source src=\"https:\/\/ifbb-academy.com\/uploads\/IFBB%20-%20Institutional%20Video.mp4\" type=\"video\/mp4\">Sorry, your browser doesn&#039;t support embedded videos.<\/video><\/div><\/div><div class=\"fusion-modal modal fade modal-1 contact\" tabindex=\"-1\" role=\"dialog\" aria-labelledby=\"modal-heading-1\" aria-hidden=\"true\" style=\"--awb-border-color:#e7e4e2;--awb-background:#faf9f8;\"><div class=\"modal-dialog modal-lg\" role=\"document\"><div class=\"modal-content fusion-modal-content\"><div class=\"modal-header\"><button class=\"close\" type=\"button\" data-dismiss=\"modal\" aria-hidden=\"true\" aria-label=\"Close\">&times;<\/button><h3 class=\"modal-title\" id=\"modal-heading-1\" data-dismiss=\"modal\" aria-hidden=\"true\">NEHMEN SIE KONTAKT MIT UNS AUF!<\/h3><\/div><div class=\"modal-body fusion-clearfix\"><div class=\"fusion-builder-row fusion-builder-row-inner fusion-row\"><div class=\"fusion-layout-column fusion_builder_column_inner fusion-builder-nested-column-0 fusion_builder_column_inner_2_5 2_5 fusion-two-fifth fusion-column-first\" style=\"--awb-bg-size:cover;width:40%;width:calc(40% - ( ( 4% ) * 0.4 ) );margin-right: 4%;\"><div class=\"fusion-column-wrapper fusion-column-has-shadow fusion-flex-column-wrapper-legacy\"><div class=\"fusion-image-element fusion-image-align-center in-legacy-container\" style=\"text-align:center;--awb-caption-title-font-family:var(--h2_typography-font-family);--awb-caption-title-font-weight:var(--h2_typography-font-weight);--awb-caption-title-font-style:var(--h2_typography-font-style);--awb-caption-title-size:var(--h2_typography-font-size);--awb-caption-title-transform:var(--h2_typography-text-transform);--awb-caption-title-line-height:var(--h2_typography-line-height);--awb-caption-title-letter-spacing:var(--h2_typography-letter-spacing);\"><div class=\"imageframe-align-center\"><span class=\" fusion-imageframe imageframe-none imageframe-2 hover-type-none\"><img decoding=\"async\" width=\"400\" height=\"600\" title=\"ifbb-contact\" src=\"https:\/\/ifbb-academy.com\/wp-content\/uploads\/2020\/04\/ifbb-contact.jpg\" alt class=\"img-responsive wp-image-2107\"\/><\/span><\/div><\/div><div class=\"fusion-clearfix\"><\/div><\/div><\/div><div class=\"fusion-layout-column fusion_builder_column_inner fusion-builder-nested-column-1 fusion_builder_column_inner_3_5 3_5 fusion-three-fifth fusion-column-last\" style=\"--awb-bg-size:cover;width:60%;width:calc(60% - ( ( 4% ) * 0.6 ) );\"><div class=\"fusion-column-wrapper fusion-column-has-shadow fusion-flex-column-wrapper-legacy\"><div class=\"fusion-text fusion-text-3\"><p>[contact-form-7 id=&#8220;63&#8243; \/]<\/p>\n<\/div><div class=\"fusion-clearfix\"><\/div><\/div><\/div><\/div><\/div><\/div><\/div><\/div><div class=\"fusion-clearfix\"><\/div><\/div><\/div><\/div><\/div><\/p>\n","protected":false},"excerpt":{"rendered":"","protected":false},"author":7373,"featured_media":0,"parent":0,"menu_order":0,"comment_status":"closed","ping_status":"closed","template":"100-width.php","meta":{"productId":0,"courseId":0,"footnotes":""},"class_list":["post-12874","page","type-page","status-publish","hentry"],"publishpress_future_action":{"enabled":false,"date":"2026-04-24 09:54:44","action":"change-status","newStatus":"draft","terms":[],"taxonomy":"translation_priority","extraData":[]},"publishpress_future_workflow_manual_trigger":{"enabledWorkflows":[]},"_links":{"self":[{"href":"https:\/\/ifbb-academy.com\/de\/wp-json\/wp\/v2\/pages\/12874","targetHints":{"allow":["GET"]}}],"collection":[{"href":"https:\/\/ifbb-academy.com\/de\/wp-json\/wp\/v2\/pages"}],"about":[{"href":"https:\/\/ifbb-academy.com\/de\/wp-json\/wp\/v2\/types\/page"}],"author":[{"embeddable":true,"href":"https:\/\/ifbb-academy.com\/de\/wp-json\/wp\/v2\/users\/7373"}],"replies":[{"embeddable":true,"href":"https:\/\/ifbb-academy.com\/de\/wp-json\/wp\/v2\/comments?post=12874"}],"version-history":[{"count":4,"href":"https:\/\/ifbb-academy.com\/de\/wp-json\/wp\/v2\/pages\/12874\/revisions"}],"predecessor-version":[{"id":12910,"href":"https:\/\/ifbb-academy.com\/de\/wp-json\/wp\/v2\/pages\/12874\/revisions\/12910"}],"wp:attachment":[{"href":"https:\/\/ifbb-academy.com\/de\/wp-json\/wp\/v2\/media?parent=12874"}],"curies":[{"name":"wp","href":"https:\/\/api.w.org\/{rel}","templated":true}]}}